{"id":4996,"date":"2021-07-17T20:57:40","date_gmt":"2021-07-17T18:57:40","guid":{"rendered":"https:\/\/www.amberemotion.com\/product\/bez-kategorii\/brosche-schmetterling\/"},"modified":"2024-09-27T21:36:52","modified_gmt":"2024-09-27T19:36:52","slug":"brosche-schmetterling","status":"publish","type":"product","link":"https:\/\/www.amberemotion.com\/pl\/produkt\/brosche-schmetterling.html","title":{"rendered":"Brosche SCHMETTERLING"},"content":{"rendered":"<p><strong>Brosche SCHMETTERLING<\/strong> aus der zauberhaften\u00a0<a title=\"Schmetterling\" href=\"https:\/\/www.amberemotion.com\/kollektion\/schmetterling.html\">Schmetterling Kollektion<\/a> fist ebenso vielseitig wie die faszinierenden Lebewesen, die sie darstellt. Dieses moderne Accessoire verleiht jedem Outfit eine besondere Eleganz und kann auf verschiedene Weisen getragen werden \u2013 ob am Kragen einer Bluse, zum Befestigen eines Tuches oder als stilvolle Verzierung einer Tasche. Sie ist der perfekte Begleiter, um der Schlichtheit einen Hauch von Extraklasse zu verleihen. Mit ihrem filigranen Design und ihrer symbolischen Bedeutung ist die <strong>Brosche SCHMETTERLING<\/strong> ein echtes Highlight f\u00fcr jeden Look. Sie eignet sich sowohl f\u00fcr den Alltag als auch f\u00fcr besondere Anl\u00e4sse und verleiht jedem Outfit eine pers\u00f6nliche Note.<\/p>\n","protected":false},"excerpt":{"rendered":"<p class=\"bodytext\" style=\"text-align: center;\"><strong>Brosche Schmetterling\u00a0aus massivem St\u00fcck Silber,<\/strong>\u00a0Anstecker herzallerliebst, f\u00fcr die Liebhaber dieser zauberhaften Zweifl\u00fcgler.<\/p>\n","protected":false},"featured_media":22545,"template":"","meta":[],"product_cat":[137],"product_tag":[147,148],"class_list":{"0":"post-4996","1":"product","2":"type-product","3":"status-publish","4":"has-post-thumbnail","6":"product_cat-schone-geschenke-pl","7":"product_tag-enjoy-the-little-things-pl","8":"product_tag-schmetterling-pl","10":"first","11":"instock","12":"taxable","13":"shipping-taxable","14":"purchasable","15":"product-type-variable"},"acf":[],"aioseo_notices":[],"_links":{"self":[{"href":"https:\/\/www.amberemotion.com\/pl\/wp-json\/wp\/v2\/product\/4996","targetHints":{"allow":["GET"]}}],"collection":[{"href":"https:\/\/www.amberemotion.com\/pl\/wp-json\/wp\/v2\/product"}],"about":[{"href":"https:\/\/www.amberemotion.com\/pl\/wp-json\/wp\/v2\/types\/product"}],"wp:featuredmedia":[{"embeddable":true,"href":"https:\/\/www.amberemotion.com\/pl\/wp-json\/wp\/v2\/media\/22545"}],"wp:attachment":[{"href":"https:\/\/www.amberemotion.com\/pl\/wp-json\/wp\/v2\/media?parent=4996"}],"wp:term":[{"taxonomy":"product_cat","embeddable":true,"href":"https:\/\/www.amberemotion.com\/pl\/wp-json\/wp\/v2\/product_cat?post=4996"},{"taxonomy":"product_tag","embeddable":true,"href":"https:\/\/www.amberemotion.com\/pl\/wp-json\/wp\/v2\/product_tag?post=4996"}],"curies":[{"name":"wp","href":"https:\/\/api.w.org\/{rel}","templated":true}]}}