{"id":24529,"date":"2025-01-05T16:03:00","date_gmt":"2025-01-05T15:03:00","guid":{"rendered":"https:\/\/www.amberemotion.com\/?post_type=product&#038;p=24529"},"modified":"2025-11-16T00:31:49","modified_gmt":"2025-11-15T23:31:49","slug":"persoenliche-buchstabenkette-4-elemente","status":"publish","type":"product","link":"https:\/\/www.amberemotion.com\/pl\/produkt\/individuelle-halskette-mit-buchstaben-4-elemente-copy.html","title":{"rendered":"Pers\u00f6nliche Buchstabenkette. 4 Elemente"},"content":{"rendered":"<p><strong>Pers\u00f6nliche Buchstabenkette.<br \/>\n<\/strong>Die vierbuchstabige Kette von amberemotion verbindet vier Initialen zu einem harmonischen eleganten Zeichen Ihrer ganz pers\u00f6nlichen Geschichte. Die 2 mm starken Buchstaben sind fein dreidimensional gearbeitet wodurch sie sich angenehm voll weich und hochwertig anf\u00fchlen und einen sanften edlen Glanz tragen. Jede Kette entsteht in liebevoller Handarbeit aus 925 Silber oder in edler 22k Vergoldung damit jedes Detail perfekt abgestimmt ist und Ihr Schmuckst\u00fcck zu einem einzigartigen Begleiter wird der N\u00e4he Bedeutung und Stil in einem tr\u00e4gt.<strong><br \/>\n<\/strong><\/p>\n","protected":false},"excerpt":{"rendered":"<p style=\"text-align: center;\">Personalisierte Kette mit Initialen oder Symbolen nach Ihrer Wahl.<\/p>\n","protected":false},"featured_media":24474,"template":"","meta":[],"product_cat":[322],"product_tag":[],"class_list":{"0":"post-24529","1":"product","2":"type-product","3":"status-publish","4":"has-post-thumbnail","6":"product_cat-buchstabenschmuck-pl","8":"first","9":"instock","10":"featured","11":"taxable","12":"shipping-taxable","13":"purchasable","14":"product-type-variable"},"acf":[],"aioseo_notices":[],"_links":{"self":[{"href":"https:\/\/www.amberemotion.com\/pl\/wp-json\/wp\/v2\/product\/24529","targetHints":{"allow":["GET"]}}],"collection":[{"href":"https:\/\/www.amberemotion.com\/pl\/wp-json\/wp\/v2\/product"}],"about":[{"href":"https:\/\/www.amberemotion.com\/pl\/wp-json\/wp\/v2\/types\/product"}],"wp:featuredmedia":[{"embeddable":true,"href":"https:\/\/www.amberemotion.com\/pl\/wp-json\/wp\/v2\/media\/24474"}],"wp:attachment":[{"href":"https:\/\/www.amberemotion.com\/pl\/wp-json\/wp\/v2\/media?parent=24529"}],"wp:term":[{"taxonomy":"product_cat","embeddable":true,"href":"https:\/\/www.amberemotion.com\/pl\/wp-json\/wp\/v2\/product_cat?post=24529"},{"taxonomy":"product_tag","embeddable":true,"href":"https:\/\/www.amberemotion.com\/pl\/wp-json\/wp\/v2\/product_tag?post=24529"}],"curies":[{"name":"wp","href":"https:\/\/api.w.org\/{rel}","templated":true}]}}