{"id":24495,"date":"2025-01-05T15:28:00","date_gmt":"2025-01-05T14:28:00","guid":{"rendered":"https:\/\/www.amberemotion.com\/?post_type=product&#038;p=24495"},"modified":"2026-01-05T13:22:40","modified_gmt":"2026-01-05T12:22:40","slug":"initialkette-mit-buchstaben-symbolen-4-elemente-copy","status":"publish","type":"product","link":"https:\/\/www.amberemotion.com\/pl\/produkt\/initialkette-mit-buchstaben-symbolen-4-elemente-copy.html","title":{"rendered":"Individuelle Halskette mit Buchstaben. 4 Elemente"},"content":{"rendered":"<p><strong>Individuelle Halskette mit Buchstaben<\/strong>.<br \/>\nDie vierbuchstabige Kette von amberemotion verbindet vier bedeutungsvolle Initialen in einem eleganten klaren Design das eine ganz pers\u00f6nliche Geschichte tr\u00e4gt. Die Buchstaben sind 2 mm stark dreidimensional geformt und f\u00fchlen sich angenehm voll glatt und hochwertig an wodurch sie eine edle Pr\u00e4senz erhalten die den Hals auf wundersch\u00f6ne Weise akzentuiert. Jede Kette entsteht einzeln in sorgf\u00e4ltiger Handarbeit aus 925 Silber oder in edler 22k Vergoldung damit sie zu einem einzigartigen Unikat wird das Ihre Emotionen Ihre Beziehungen und Ihren Stil mit einem sanften harmonischen Glanz begleitet.<\/p>\n","protected":false},"excerpt":{"rendered":"<p style=\"text-align: center;\">Personalisierte Kette mit Initialen oder Symbolen nach Ihrer Wahl.<\/p>\n","protected":false},"featured_media":26386,"template":"","meta":[],"product_cat":[322],"product_tag":[],"class_list":{"0":"post-24495","1":"product","2":"type-product","3":"status-publish","4":"has-post-thumbnail","6":"product_cat-buchstabenschmuck-pl","8":"first","9":"instock","10":"featured","11":"taxable","12":"shipping-taxable","13":"purchasable","14":"product-type-variable"},"acf":[],"aioseo_notices":[],"_links":{"self":[{"href":"https:\/\/www.amberemotion.com\/pl\/wp-json\/wp\/v2\/product\/24495","targetHints":{"allow":["GET"]}}],"collection":[{"href":"https:\/\/www.amberemotion.com\/pl\/wp-json\/wp\/v2\/product"}],"about":[{"href":"https:\/\/www.amberemotion.com\/pl\/wp-json\/wp\/v2\/types\/product"}],"wp:featuredmedia":[{"embeddable":true,"href":"https:\/\/www.amberemotion.com\/pl\/wp-json\/wp\/v2\/media\/26386"}],"wp:attachment":[{"href":"https:\/\/www.amberemotion.com\/pl\/wp-json\/wp\/v2\/media?parent=24495"}],"wp:term":[{"taxonomy":"product_cat","embeddable":true,"href":"https:\/\/www.amberemotion.com\/pl\/wp-json\/wp\/v2\/product_cat?post=24495"},{"taxonomy":"product_tag","embeddable":true,"href":"https:\/\/www.amberemotion.com\/pl\/wp-json\/wp\/v2\/product_tag?post=24495"}],"curies":[{"name":"wp","href":"https:\/\/api.w.org\/{rel}","templated":true}]}}