{"id":23476,"date":"2024-10-07T16:57:02","date_gmt":"2024-10-07T14:57:02","guid":{"rendered":"https:\/\/www.amberemotion.com\/?post_type=product&#038;p=23476"},"modified":"2025-11-16T00:54:36","modified_gmt":"2025-11-15T23:54:36","slug":"armband-mit-buchstaben","status":"publish","type":"product","link":"https:\/\/www.amberemotion.com\/pl\/produkt\/alphabet-kette-mit-buchstabe-symbol-5-elemente-kopie.html","title":{"rendered":"Armband mit Buchstaben"},"content":{"rendered":"<div class=\"flex max-w-full flex-col flex-grow\">\n<div class=\"min-h-8 text-message flex w-full flex-col items-end gap-2 whitespace-normal break-words [.text-message+&amp;]:mt-5\" dir=\"auto\" data-message-author-role=\"assistant\" data-message-id=\"0e8e50e5-6826-4f6e-8fdc-0a0635aab9fb\">\n<div class=\"flex w-full flex-col gap-1 empty:hidden first:pt-[3px]\">\n<div class=\"markdown prose w-full break-words dark:prose-invert light\">\n<p><strong>Armband mit Buchstaben<\/strong> ist das perfekte Accessoire f\u00fcr alle, die eine pers\u00f6nliche Note lieben. Mit diesem <strong>Buchstabenarmband<\/strong> k\u00f6nnen Sie Ihre Initialen oder den Namen eines geliebten Menschen tragen. Das <strong>personalisierbare Armband<\/strong> ist ideal als <strong>Geschenk<\/strong> f\u00fcr besondere Anl\u00e4sse wie Geburtstage oder Jubil\u00e4en. Jedes <strong>Namensarmband<\/strong> wird mit viel Sorgfalt gefertigt und kann individuell graviert werden. Tragen Sie dieses <strong>Armband mit Initialen<\/strong>, um Ihren Stil einzigartig und unverwechselbar zu machen.<\/p>\n<\/div>\n<\/div>\n<\/div>\n<\/div>\n","protected":false},"excerpt":{"rendered":"<p style=\"text-align: center;\">Personalisiertes Namenarmband mit Buchstaben oder Symbolen.<\/p>\n","protected":false},"featured_media":24583,"template":"","meta":[],"product_cat":[207,322],"product_tag":[],"class_list":{"0":"post-23476","1":"product","2":"type-product","3":"status-publish","4":"has-post-thumbnail","6":"product_cat-armbander-pl","7":"product_cat-buchstabenschmuck-pl","9":"first","10":"instock","11":"featured","12":"taxable","13":"shipping-taxable","14":"purchasable","15":"product-type-variable"},"acf":[],"aioseo_notices":[],"_links":{"self":[{"href":"https:\/\/www.amberemotion.com\/pl\/wp-json\/wp\/v2\/product\/23476","targetHints":{"allow":["GET"]}}],"collection":[{"href":"https:\/\/www.amberemotion.com\/pl\/wp-json\/wp\/v2\/product"}],"about":[{"href":"https:\/\/www.amberemotion.com\/pl\/wp-json\/wp\/v2\/types\/product"}],"wp:featuredmedia":[{"embeddable":true,"href":"https:\/\/www.amberemotion.com\/pl\/wp-json\/wp\/v2\/media\/24583"}],"wp:attachment":[{"href":"https:\/\/www.amberemotion.com\/pl\/wp-json\/wp\/v2\/media?parent=23476"}],"wp:term":[{"taxonomy":"product_cat","embeddable":true,"href":"https:\/\/www.amberemotion.com\/pl\/wp-json\/wp\/v2\/product_cat?post=23476"},{"taxonomy":"product_tag","embeddable":true,"href":"https:\/\/www.amberemotion.com\/pl\/wp-json\/wp\/v2\/product_tag?post=23476"}],"curies":[{"name":"wp","href":"https:\/\/api.w.org\/{rel}","templated":true}]}}