{"id":20318,"date":"2024-02-05T00:08:17","date_gmt":"2024-02-04T23:08:17","guid":{"rendered":"https:\/\/www.amberemotion.com\/?post_type=product&#038;p=20318"},"modified":"2025-01-03T17:08:00","modified_gmt":"2025-01-03T16:08:00","slug":"kleine-kugel-ohrstecker-mini-bubble-ohrstecker-4mm","status":"publish","type":"product","link":"https:\/\/www.amberemotion.com\/pl\/produkt\/ohrstecker-herzen-herz-ohrstecker-gold-und-silber-kopie.html","title":{"rendered":"mini-BuBBle-Ohrstecker. Kleine Kugel Ohrstecker 4 mm"},"content":{"rendered":"<p class=\"bodytext\"><strong>Kleine Kugel Ohrstecker &#8211;<\/strong>\u00a0elegante Einfachheit. Perfekt f\u00fcr jeden Anlass, bieten diese dezente und klassische Ohrstecker einen Hauch von Glanz und sind ideal f\u00fcr den t\u00e4glichen Gebrauch oder als zur\u00fcckhaltendes Accessoire zu Abendkleidern. Unsere hochwertige Kollektion von handgefertigten Kugelohrsteckern ist in verschiedenen Materialien wie Gold, Silber und Bicolor verf\u00fcgbar. Finden Sie Ihren Favoriten und bringen Sie Ihren Stil mit den vielseitigen und zeitlosen kleinen Kugel Ohrsteckern nahtlos zur Geltung.<\/p>\n","protected":false},"excerpt":{"rendered":"<p class=\"bodytext\" style=\"text-align: center;\">Klassischer <strong>Kugelschmuck<\/strong> erlebt ein stilvolles <strong>Comeback<\/strong><br \/>\nund liegt wieder voll im <strong>Trend<\/strong>.<br \/>\nEntdecken Sie die <a title=\"BuBBle\" href=\"https:\/\/www.amberemotion.com\/schmuck-mit-kugeln-kugelschmuck\/\">Kollektion BuBBle<\/a><\/p>\n","protected":false},"featured_media":24360,"template":"","meta":[],"product_cat":[136],"product_tag":[351],"class_list":{"0":"post-20318","1":"product","2":"type-product","3":"status-publish","4":"has-post-thumbnail","6":"product_cat-ohrringe-pl","7":"product_tag-bubble-pl","9":"first","10":"instock","11":"taxable","12":"shipping-taxable","13":"purchasable","14":"product-type-variable"},"acf":[],"aioseo_notices":[],"_links":{"self":[{"href":"https:\/\/www.amberemotion.com\/pl\/wp-json\/wp\/v2\/product\/20318","targetHints":{"allow":["GET"]}}],"collection":[{"href":"https:\/\/www.amberemotion.com\/pl\/wp-json\/wp\/v2\/product"}],"about":[{"href":"https:\/\/www.amberemotion.com\/pl\/wp-json\/wp\/v2\/types\/product"}],"wp:featuredmedia":[{"embeddable":true,"href":"https:\/\/www.amberemotion.com\/pl\/wp-json\/wp\/v2\/media\/24360"}],"wp:attachment":[{"href":"https:\/\/www.amberemotion.com\/pl\/wp-json\/wp\/v2\/media?parent=20318"}],"wp:term":[{"taxonomy":"product_cat","embeddable":true,"href":"https:\/\/www.amberemotion.com\/pl\/wp-json\/wp\/v2\/product_cat?post=20318"},{"taxonomy":"product_tag","embeddable":true,"href":"https:\/\/www.amberemotion.com\/pl\/wp-json\/wp\/v2\/product_tag?post=20318"}],"curies":[{"name":"wp","href":"https:\/\/api.w.org\/{rel}","templated":true}]}}