{"id":19007,"date":"2024-01-23T15:56:44","date_gmt":"2024-01-23T14:56:44","guid":{"rendered":"https:\/\/www.amberemotion.com\/?post_type=product&#038;p=19007"},"modified":"2025-01-02T19:33:48","modified_gmt":"2025-01-02T18:33:48","slug":"ring-mit-zwei-kugeln-big-bubble-ring","status":"publish","type":"product","link":"https:\/\/www.amberemotion.com\/pl\/produkt\/offener-ring-mit-kugeln-mini-bubble-ring-kopie.html","title":{"rendered":"BIG-BuBBle-Ring. Ring mit zwei Kugeln GOLD"},"content":{"rendered":"<p><strong>Ring mit zwei Kugeln GOLD<\/strong>\u00a0aus unserer <a href=\"ttps:\/\/www.amberemotion.com\/schmuck-mit-kugeln-kugelschmuck\" rel=\"nofollow \">Kugelschmuck-Kollektion &#8222;BuBBle&#8221;<\/a> ist ein\u00a0modernes und stilvolles Schmuckst\u00fcck, das jedem Outfit einen Hauch von Raffinesse verleiht. Unser einzigartiger Ring mit Kugeln ist das perfekte Accessoire f\u00fcr modebewusste Tr\u00e4ger, die Wert auf Design und Qualit\u00e4t legen. Mit seiner schlichten Eleganz und dem zeitlosen Charme eignet sich der offene Ring mit zwei Kugeln sowohl f\u00fcr den Alltag als auch f\u00fcr besondere Anl\u00e4sse. Besuchen Sie unseren Schmuckshop, um dieses exquisite Schmuckst\u00fcck zu entdecken und Ihre Schmuckkollektion zu bereichern.<\/p>\n","protected":false},"excerpt":{"rendered":"<p style=\"text-align: center;\">Klassischer <a href=\"https:\/\/www.amberemotion.com\/schmuck-mit-kugeln-kugelschmuck\/\"><strong>Kugelschmuck<\/strong><\/a> erlebt ein stilvolles <strong>Comeback.<\/strong><\/p>\n","protected":false},"featured_media":24305,"template":"","meta":[],"product_cat":[349,135],"product_tag":[351],"class_list":{"0":"post-19007","1":"product","2":"type-product","3":"status-publish","4":"has-post-thumbnail","6":"product_cat-bestsellery","7":"product_cat-pierscionki","8":"product_tag-bubble-pl","10":"first","11":"instock","12":"featured","13":"taxable","14":"shipping-taxable","15":"purchasable","16":"product-type-variable"},"acf":[],"aioseo_notices":[],"_links":{"self":[{"href":"https:\/\/www.amberemotion.com\/pl\/wp-json\/wp\/v2\/product\/19007","targetHints":{"allow":["GET"]}}],"collection":[{"href":"https:\/\/www.amberemotion.com\/pl\/wp-json\/wp\/v2\/product"}],"about":[{"href":"https:\/\/www.amberemotion.com\/pl\/wp-json\/wp\/v2\/types\/product"}],"wp:featuredmedia":[{"embeddable":true,"href":"https:\/\/www.amberemotion.com\/pl\/wp-json\/wp\/v2\/media\/24305"}],"wp:attachment":[{"href":"https:\/\/www.amberemotion.com\/pl\/wp-json\/wp\/v2\/media?parent=19007"}],"wp:term":[{"taxonomy":"product_cat","embeddable":true,"href":"https:\/\/www.amberemotion.com\/pl\/wp-json\/wp\/v2\/product_cat?post=19007"},{"taxonomy":"product_tag","embeddable":true,"href":"https:\/\/www.amberemotion.com\/pl\/wp-json\/wp\/v2\/product_tag?post=19007"}],"curies":[{"name":"wp","href":"https:\/\/api.w.org\/{rel}","templated":true}]}}