{"id":18970,"date":"2024-01-19T15:59:37","date_gmt":"2024-01-19T14:59:37","guid":{"rendered":"https:\/\/www.amberemotion.com\/?post_type=product&#038;p=18970"},"modified":"2025-01-02T21:08:13","modified_gmt":"2025-01-02T20:08:13","slug":"offener-ring-mit-kugeln-mini-bubble-ring","status":"publish","type":"product","link":"https:\/\/www.amberemotion.com\/pl\/produkt\/damenring-mit-bernstein-moderner-damenring-avalon-kopie.html","title":{"rendered":"mini-BuBBle-Ring. Offener Ring mit Kugeln BICOLOR (Gold-Silber)"},"content":{"rendered":"<p><strong>Offener Ring mit Kugeln BICOLOR (Gold-Silber)\u00a0<\/strong>\u2013 entdecken Sie das Herzst\u00fcck unserer <a href=\"https:\/\/www.amberemotion.com\/schmuck-mit-kugeln-kugelschmuck\/\" rel=\"nofollow \">Kugelschmuck-Kollektion<\/a> <strong>BuBBle<\/strong> und lassen Sie sich von zeitloser Eleganz verzaubern. Mit meisterhafter Handwerkskunst gefertigt, f\u00fcgen sich unsere Ringe nahtlos in jede Garderobe ein und setzen raffinierte Akzente in Silber, Gold oder Bicolor. Ideal f\u00fcr den t\u00e4glichen Luxus oder als besonderes Geschenk, bieten unsere <strong>offenen Ringe mit Kugeln<\/strong> unwiderstehliche \u00c4sthetik und exklusives Design.<\/p>\n","protected":false},"excerpt":{"rendered":"<p style=\"text-align: center;\">Klassischer <strong>Kugelschmuck<\/strong> erlebt ein stilvolles <strong>Comeback<\/strong><br \/>\nund liegt wieder voll im <strong>Trend<\/strong>.<br \/>\nEntdecken Sie die <a title=\"BuBBle\" href=\"https:\/\/www.amberemotion.com\/schmuck-mit-kugeln-kugelschmuck\/\">Kollektion BuBBle<\/a><\/p>\n","protected":false},"featured_media":24221,"template":"","meta":[],"product_cat":[135],"product_tag":[351],"class_list":{"0":"post-18970","1":"product","2":"type-product","3":"status-publish","4":"has-post-thumbnail","6":"product_cat-pierscionki","7":"product_tag-bubble-pl","9":"first","10":"instock","11":"featured","12":"taxable","13":"shipping-taxable","14":"purchasable","15":"product-type-variable"},"acf":[],"aioseo_notices":[],"_links":{"self":[{"href":"https:\/\/www.amberemotion.com\/pl\/wp-json\/wp\/v2\/product\/18970","targetHints":{"allow":["GET"]}}],"collection":[{"href":"https:\/\/www.amberemotion.com\/pl\/wp-json\/wp\/v2\/product"}],"about":[{"href":"https:\/\/www.amberemotion.com\/pl\/wp-json\/wp\/v2\/types\/product"}],"wp:featuredmedia":[{"embeddable":true,"href":"https:\/\/www.amberemotion.com\/pl\/wp-json\/wp\/v2\/media\/24221"}],"wp:attachment":[{"href":"https:\/\/www.amberemotion.com\/pl\/wp-json\/wp\/v2\/media?parent=18970"}],"wp:term":[{"taxonomy":"product_cat","embeddable":true,"href":"https:\/\/www.amberemotion.com\/pl\/wp-json\/wp\/v2\/product_cat?post=18970"},{"taxonomy":"product_tag","embeddable":true,"href":"https:\/\/www.amberemotion.com\/pl\/wp-json\/wp\/v2\/product_tag?post=18970"}],"curies":[{"name":"wp","href":"https:\/\/api.w.org\/{rel}","templated":true}]}}