{"id":18880,"date":"2024-01-10T14:27:34","date_gmt":"2024-01-10T13:27:34","guid":{"rendered":"https:\/\/www.amberemotion.com\/?post_type=product&#038;p=18880"},"modified":"2025-11-16T00:11:50","modified_gmt":"2025-11-15T23:11:50","slug":"kette-mit-serotonin-und-buchstaben-3-elemente","status":"publish","type":"product","link":"https:\/\/www.amberemotion.com\/pl\/produkt\/kette-mit-serotonin-buchstaben-3-elemente-kopie.html","title":{"rendered":"Kette mit SEROTONIN und Buchstaben. 3 Elemente"},"content":{"rendered":"<p><strong>Kette mit Serotonin und Buchstaben.<br \/>\n<\/strong>Die Serotonin Kette von amberemotion tr\u00e4gt das Symbol des Gl\u00fcckshormons das f\u00fcr Ausgeglichenheit innere Ruhe und positive Energie steht. Das zarte dreidimensionale Design wirkt wie eine kleine Erinnerung an Freude und Leichtigkeit und f\u00fchlt sich angenehm glatt hochwertig und harmonisch im Griff an. Jede Kette wird einzeln von Hand gefertigt aus 925 Silber oder in edler 22k Vergoldung damit sie zu einem besonderen Unikat wird das Ihre Pers\u00f6nlichkeit st\u00e4rkt und jeden Tag ein St\u00fcck positive Energie schenkt.<\/p>\n","protected":false},"excerpt":{"rendered":"<p style=\"text-align: center;\">Personalisierte Namenkette mit Buchstaben oder Symbolen.<\/p>\n","protected":false},"featured_media":24453,"template":"","meta":[],"product_cat":[349,322,238],"product_tag":[209],"class_list":{"0":"post-18880","1":"product","2":"type-product","3":"status-publish","4":"has-post-thumbnail","6":"product_cat-bestsellery","7":"product_cat-buchstabenschmuck-pl","8":"product_cat-halsschmuck-pl","9":"product_tag-geometric-pl","11":"first","12":"instock","13":"featured","14":"taxable","15":"shipping-taxable","16":"purchasable","17":"product-type-variable"},"acf":[],"aioseo_notices":[],"_links":{"self":[{"href":"https:\/\/www.amberemotion.com\/pl\/wp-json\/wp\/v2\/product\/18880","targetHints":{"allow":["GET"]}}],"collection":[{"href":"https:\/\/www.amberemotion.com\/pl\/wp-json\/wp\/v2\/product"}],"about":[{"href":"https:\/\/www.amberemotion.com\/pl\/wp-json\/wp\/v2\/types\/product"}],"wp:featuredmedia":[{"embeddable":true,"href":"https:\/\/www.amberemotion.com\/pl\/wp-json\/wp\/v2\/media\/24453"}],"wp:attachment":[{"href":"https:\/\/www.amberemotion.com\/pl\/wp-json\/wp\/v2\/media?parent=18880"}],"wp:term":[{"taxonomy":"product_cat","embeddable":true,"href":"https:\/\/www.amberemotion.com\/pl\/wp-json\/wp\/v2\/product_cat?post=18880"},{"taxonomy":"product_tag","embeddable":true,"href":"https:\/\/www.amberemotion.com\/pl\/wp-json\/wp\/v2\/product_tag?post=18880"}],"curies":[{"name":"wp","href":"https:\/\/api.w.org\/{rel}","templated":true}]}}