{"id":18016,"date":"2024-01-01T01:45:49","date_gmt":"2024-01-01T00:45:49","guid":{"rendered":"https:\/\/www.amberemotion.com\/?post_type=product&#038;p=18016"},"modified":"2024-02-11T17:17:00","modified_gmt":"2024-02-11T16:17:00","slug":"armband-mit-serotonin-glueckshormon-feines-molekuel-armband-kopie","status":"publish","type":"product","link":"https:\/\/www.amberemotion.com\/pl\/produkt\/armband-mit-serotonin-glueckshormon-feines-molekuel-armband-kopie.html","title":{"rendered":"Armband DOPAMIN Lusthormon. Feines Molek\u00fcl-Armband"},"content":{"rendered":"<p>Entdecken Sie Armband DOPAMIN Lusthormon, die kraftvolle Verbindung zur Gl\u00fcckseligkeit mit unserer einzigartigen Dopamin-Armband. Als symbolischer Tr\u00e4ger des Gl\u00fcckshormons wirkt dieses Armband als t\u00e4glicher Reminder an die kleinen Freuden des Lebens. Durch ihr schlichtes, aber zugleich auff\u00e4lliges Design f\u00fcgt sie jedem Outfit eine elegante Note hinzu. Z\u00f6gern Sie nicht und entfachen Sie Ihr inneres Gl\u00fcck und Wohlbefinden mit diesem faszinierenden Schmuckst\u00fcck<\/p>\n<p><strong><span class=\"cqiun4t2 khvhiq1o r5qsrrlp i5tg98hk iqx13udk przvwfww qiohso4h gfz4du6o r7fjleex nz2484kf svot0ezm dcnh1tix sxl192xd t3g6t33p\"><span class=\"\"><img decoding=\"async\" class=\"emoji\" role=\"img\" draggable=\"false\" src=\"https:\/\/s.w.org\/images\/core\/emoji\/14.0.0\/svg\/1f58a.svg\" alt=\"\ud83d\udd8a\ufe0f\" \/>\u00a0<\/span><\/span><\/strong>Das Au\u00dfergew\u00f6hnliche an dem Dopamin-Element besteht in seiner St\u00e4rke von etwa 2 mm. Dadurch pr\u00e4sentiert es sich nicht d\u00fcnn und flach, sondern als <strong>feinsinniges, dreidimensionales Schmuckst\u00fcck<\/strong>. Jedes Dopamin-Element zeugt von sorgf\u00e4ltiger Verarbeitung und bietet dadurch ein angenehmes, geschmeidiges Trageerlebnis.<\/p>\n","protected":false},"excerpt":{"rendered":"<p class=\"bodytext\" style=\"text-align: center;\">Minimalistisches Molek\u00fcl-Armband DOPAMIN symbolisiert\u00a0<strong>Freude, Genuss<\/strong> und <strong>Motivation<\/strong>. Optimal f\u00fcr <strong>Layering<\/strong>-Techniken.<\/p>\n","protected":false},"featured_media":18034,"template":"","meta":[],"product_cat":[207],"product_tag":[209],"class_list":{"0":"post-18016","1":"product","2":"type-product","3":"status-publish","4":"has-post-thumbnail","6":"product_cat-armbander-pl","7":"product_tag-geometric-pl","9":"first","10":"instock","11":"featured","12":"taxable","13":"shipping-taxable","14":"purchasable","15":"product-type-variable"},"acf":[],"aioseo_notices":[],"_links":{"self":[{"href":"https:\/\/www.amberemotion.com\/pl\/wp-json\/wp\/v2\/product\/18016","targetHints":{"allow":["GET"]}}],"collection":[{"href":"https:\/\/www.amberemotion.com\/pl\/wp-json\/wp\/v2\/product"}],"about":[{"href":"https:\/\/www.amberemotion.com\/pl\/wp-json\/wp\/v2\/types\/product"}],"wp:featuredmedia":[{"embeddable":true,"href":"https:\/\/www.amberemotion.com\/pl\/wp-json\/wp\/v2\/media\/18034"}],"wp:attachment":[{"href":"https:\/\/www.amberemotion.com\/pl\/wp-json\/wp\/v2\/media?parent=18016"}],"wp:term":[{"taxonomy":"product_cat","embeddable":true,"href":"https:\/\/www.amberemotion.com\/pl\/wp-json\/wp\/v2\/product_cat?post=18016"},{"taxonomy":"product_tag","embeddable":true,"href":"https:\/\/www.amberemotion.com\/pl\/wp-json\/wp\/v2\/product_tag?post=18016"}],"curies":[{"name":"wp","href":"https:\/\/api.w.org\/{rel}","templated":true}]}}