{"id":17995,"date":"2023-12-31T21:56:54","date_gmt":"2023-12-31T20:56:54","guid":{"rendered":"https:\/\/www.amberemotion.com\/?post_type=product&#038;p=17995"},"modified":"2025-12-17T19:54:42","modified_gmt":"2025-12-17T18:54:42","slug":"halskette-dopamin-lusthormon-minimalistische-molekuel-kette","status":"publish","type":"product","link":"https:\/\/www.amberemotion.com\/pl\/produkt\/halskette-mit-serotonin-glueckshormon-minimalistische-molekuel-kette-kopie.html","title":{"rendered":"Halskette DOPAMIN Lusthormon. Minimalistische Molek\u00fcl-Kette"},"content":{"rendered":"<p>Unsere minimalistische <strong>Halskette DOPAMIN Lusthormon<\/strong>\u00a0ist eine Hommage an das Gl\u00fcckshormon, das f\u00fcr das Gef\u00fchl von Gl\u00fcck und Freude verantwortlich ist. Diese elegante, fein ausgearbeitete Kette ist mehr als nur ein Schmuckst\u00fcck; sie ist ein t\u00e4glicher Begleiter, der Inspiration und Positivit\u00e4t in Ihrem Leben symbolisiert. Perfekt f\u00fcr die moderne Frau, die stilvolles Design und tiefe Bedeutung sch\u00e4tzt.<\/p>\n<p><strong><span class=\"cqiun4t2 khvhiq1o r5qsrrlp i5tg98hk iqx13udk przvwfww qiohso4h gfz4du6o r7fjleex nz2484kf svot0ezm dcnh1tix sxl192xd t3g6t33p\"><span class=\"\"><img decoding=\"async\" class=\"emoji\" role=\"img\" draggable=\"false\" src=\"https:\/\/s.w.org\/images\/core\/emoji\/14.0.0\/svg\/1f58a.svg\" alt=\"\ud83d\udd8a\ufe0f\" \/>\u00a0<\/span><\/span><\/strong>Das Au\u00dfergew\u00f6hnliche an dem Dopamin-Element besteht in seiner St\u00e4rke von etwa 2 mm. Dadurch pr\u00e4sentiert es sich nicht d\u00fcnn und flach, sondern als <strong>feinsinniges, dreidimensionales Schmuckst\u00fcck<\/strong>. Jedes Serotonin-Element zeugt von sorgf\u00e4ltiger Verarbeitung und bietet dadurch ein angenehmes, geschmeidiges Trageerlebnis.<\/p>\n","protected":false},"excerpt":{"rendered":"<p style=\"text-align: center;\">Das Dopamin-Molek\u00fclsymbol steht als repr\u00e4sentative Ikone f\u00fcr <strong>Freude, Genuss<\/strong> und <strong>Motivation<\/strong>. Optimal f\u00fcr <strong>Layering<\/strong>-Techniken.<\/p>\n","protected":false},"featured_media":26066,"template":"","meta":[],"product_cat":[349,238],"product_tag":[209],"class_list":{"0":"post-17995","1":"product","2":"type-product","3":"status-publish","4":"has-post-thumbnail","6":"product_cat-bestsellery","7":"product_cat-halsschmuck-pl","8":"product_tag-geometric-pl","10":"first","11":"instock","12":"featured","13":"taxable","14":"shipping-taxable","15":"purchasable","16":"product-type-variable"},"acf":[],"aioseo_notices":[],"_links":{"self":[{"href":"https:\/\/www.amberemotion.com\/pl\/wp-json\/wp\/v2\/product\/17995","targetHints":{"allow":["GET"]}}],"collection":[{"href":"https:\/\/www.amberemotion.com\/pl\/wp-json\/wp\/v2\/product"}],"about":[{"href":"https:\/\/www.amberemotion.com\/pl\/wp-json\/wp\/v2\/types\/product"}],"wp:featuredmedia":[{"embeddable":true,"href":"https:\/\/www.amberemotion.com\/pl\/wp-json\/wp\/v2\/media\/26066"}],"wp:attachment":[{"href":"https:\/\/www.amberemotion.com\/pl\/wp-json\/wp\/v2\/media?parent=17995"}],"wp:term":[{"taxonomy":"product_cat","embeddable":true,"href":"https:\/\/www.amberemotion.com\/pl\/wp-json\/wp\/v2\/product_cat?post=17995"},{"taxonomy":"product_tag","embeddable":true,"href":"https:\/\/www.amberemotion.com\/pl\/wp-json\/wp\/v2\/product_tag?post=17995"}],"curies":[{"name":"wp","href":"https:\/\/api.w.org\/{rel}","templated":true}]}}