{"id":17837,"date":"2023-12-30T23:13:26","date_gmt":"2023-12-30T22:13:26","guid":{"rendered":"https:\/\/www.amberemotion.com\/?post_type=product&#038;p=17837"},"modified":"2025-11-16T00:45:18","modified_gmt":"2025-11-15T23:45:18","slug":"alphabet-kette-mit-buchstabe-symbol-5-elemente","status":"publish","type":"product","link":"https:\/\/www.amberemotion.com\/pl\/produkt\/buchstaben-halskette-personalisiert-5-elemente-kopie.html","title":{"rendered":"Alphabet Kette mit Buchstabe, Symbol. 5 Elemente"},"content":{"rendered":"<p><strong>Alphabet Kette mit Buchstabe, Symbol<\/strong>.<br \/>\nDie f\u00fcnfbuchstabige Kette von amberemotion vereint f\u00fcnf Initialen in einem klaren ausgewogenen Design das eine ganz pers\u00f6nliche Geschichte erz\u00e4hlt. Die 2 mm starken Buchstaben sind fein dreidimensional gearbeitet wodurch sie sich angenehm voll glatt und hochwertig anf\u00fchlen und dem Schmuckst\u00fcck eine elegante Tiefe verleihen. Jede Kette wird einzeln in sorgf\u00e4ltiger Handarbeit aus 925 Silber oder in edler 22k Vergoldung gefertigt damit sie zu einem einzigartigen Unikat wird das N\u00e4he Bedeutung und Stil in Ihrem Alltag auf besonders sch\u00f6ne Weise verbindet.<\/p>\n","protected":false},"excerpt":{"rendered":"<p style=\"text-align: center;\">Personalisierte Namenkette mit Buchstaben oder Symbolen.<\/p>\n","protected":false},"featured_media":17807,"template":"","meta":[],"product_cat":[322],"product_tag":[],"class_list":{"0":"post-17837","1":"product","2":"type-product","3":"status-publish","4":"has-post-thumbnail","6":"product_cat-buchstabenschmuck-pl","8":"first","9":"instock","10":"featured","11":"taxable","12":"shipping-taxable","13":"purchasable","14":"product-type-variable"},"acf":[],"aioseo_notices":[],"_links":{"self":[{"href":"https:\/\/www.amberemotion.com\/pl\/wp-json\/wp\/v2\/product\/17837","targetHints":{"allow":["GET"]}}],"collection":[{"href":"https:\/\/www.amberemotion.com\/pl\/wp-json\/wp\/v2\/product"}],"about":[{"href":"https:\/\/www.amberemotion.com\/pl\/wp-json\/wp\/v2\/types\/product"}],"wp:featuredmedia":[{"embeddable":true,"href":"https:\/\/www.amberemotion.com\/pl\/wp-json\/wp\/v2\/media\/17807"}],"wp:attachment":[{"href":"https:\/\/www.amberemotion.com\/pl\/wp-json\/wp\/v2\/media?parent=17837"}],"wp:term":[{"taxonomy":"product_cat","embeddable":true,"href":"https:\/\/www.amberemotion.com\/pl\/wp-json\/wp\/v2\/product_cat?post=17837"},{"taxonomy":"product_tag","embeddable":true,"href":"https:\/\/www.amberemotion.com\/pl\/wp-json\/wp\/v2\/product_tag?post=17837"}],"curies":[{"name":"wp","href":"https:\/\/api.w.org\/{rel}","templated":true}]}}