{"id":17671,"date":"2023-12-30T17:12:12","date_gmt":"2023-12-30T16:12:12","guid":{"rendered":"https:\/\/www.amberemotion.com\/?post_type=product&#038;p=17671"},"modified":"2026-01-05T11:34:57","modified_gmt":"2026-01-05T10:34:57","slug":"buchstaben-halskette-personalisiert-5-elemente","status":"publish","type":"product","link":"https:\/\/www.amberemotion.com\/pl\/produkt\/initialkette-mit-buchstaben-symbolen-4-elemente-kopie.html","title":{"rendered":"Buchstaben Halskette, personalisiert. 5 Elemente"},"content":{"rendered":"<p><strong>Buchstaben Halskette, personalisiert<\/strong>.<br \/>\nDie mehrbuchstabigen Ketten von amberemotion verbinden bis zu f\u00fcnf Initialen in einem harmonischen eleganten Design das Ihre pers\u00f6nliche Geschichte auf einzigartige Weise tr\u00e4gt. Jede Initiale ist dreidimensional geformt mit einer St\u00e4rke von 2 mm wodurch sie sich angenehm voll weich und hochwertig anf\u00fchlt und einen feinen edlen Glanz besitzt der jeden Look veredelt. Jede Kette wird einzeln in sorgf\u00e4ltiger Handarbeit aus 925 Silber oder in edler 22k Vergoldung gefertigt damit sie zu einem individuellen Unikat wird das N\u00e4he Bedeutung und Stil vereint und jeden Tag besondere Emotionen begleitet.<\/p>\n","protected":false},"excerpt":{"rendered":"<p style=\"text-align: center;\">Personalisierte Namenkette mit Buchstaben oder Symbolen.<\/p>\n","protected":false},"featured_media":26374,"template":"","meta":[],"product_cat":[322],"product_tag":[],"class_list":{"0":"post-17671","1":"product","2":"type-product","3":"status-publish","4":"has-post-thumbnail","6":"product_cat-buchstabenschmuck-pl","8":"first","9":"instock","10":"featured","11":"taxable","12":"shipping-taxable","13":"purchasable","14":"product-type-variable"},"acf":[],"aioseo_notices":[],"_links":{"self":[{"href":"https:\/\/www.amberemotion.com\/pl\/wp-json\/wp\/v2\/product\/17671","targetHints":{"allow":["GET"]}}],"collection":[{"href":"https:\/\/www.amberemotion.com\/pl\/wp-json\/wp\/v2\/product"}],"about":[{"href":"https:\/\/www.amberemotion.com\/pl\/wp-json\/wp\/v2\/types\/product"}],"wp:featuredmedia":[{"embeddable":true,"href":"https:\/\/www.amberemotion.com\/pl\/wp-json\/wp\/v2\/media\/26374"}],"wp:attachment":[{"href":"https:\/\/www.amberemotion.com\/pl\/wp-json\/wp\/v2\/media?parent=17671"}],"wp:term":[{"taxonomy":"product_cat","embeddable":true,"href":"https:\/\/www.amberemotion.com\/pl\/wp-json\/wp\/v2\/product_cat?post=17671"},{"taxonomy":"product_tag","embeddable":true,"href":"https:\/\/www.amberemotion.com\/pl\/wp-json\/wp\/v2\/product_tag?post=17671"}],"curies":[{"name":"wp","href":"https:\/\/api.w.org\/{rel}","templated":true}]}}