{"id":17176,"date":"2023-10-31T22:26:55","date_gmt":"2023-10-31T21:26:55","guid":{"rendered":"https:\/\/www.amberemotion.com\/?post_type=product&#038;p=17176"},"modified":"2024-10-07T22:30:44","modified_gmt":"2024-10-07T20:30:44","slug":"taufkette-gold-mit-schmetterling-geburtsstein-engelsfluegel","status":"publish","type":"product","link":"https:\/\/www.amberemotion.com\/pl\/produkt\/taufkette-gold-mit-gravur-taufgeschenk-fuer-maedchen-mit-schmetterling-lebensbaum-engelsfluegel-kopie.html","title":{"rendered":"Taufkette Gold mit Schmetterling, Geburtsstein (origineller Swarowski-Kristall), Engelsfl\u00fcgel"},"content":{"rendered":"<p>Unsere <strong>Taufkette Gold mit Schmetterling Geburtsstein und Engelsfl\u00fcgel<\/strong> ist ein ideales Taufpr\u00e4sent. Hiermit endet die herzliche Suche nach dem exklusiven Geschenk f\u00fcr junge M\u00e4dchen. Die Halskette begeistert durch ihr feines Design, bei dem Schmetterling, Lebensbaum und Engelsfl\u00fcgel in Gold leuchten. Eine elegante Geschenkbox kr\u00f6nt das exquisite Design.\u00a0M\u00e4dchen werden die Magie und Sch\u00f6nheit ihrer Namensgravur in der Taufkette aus Gold mit Schmetterling entdecken. Dieses Distinktive Geschenk zur Taufe f\u00fcr M\u00e4dchen ber\u00fchrt tiefgehend und ist gleichzeitig ein Zeichen ewiger Bindung. Schmetterling verk\u00f6rpert Wachstum und Ver\u00e4nderung, w\u00e4hrend Engelsfl\u00fcgel Schutz darstellt. Daher ist dieses herrliche Schmuckst\u00fcck mehr als nur ein Accessoire.<\/p>\n","protected":false},"excerpt":{"rendered":"<p style=\"text-align: center;\">Personalisierte\u00a0Halskette f\u00fcr M\u00e4dchen mit Gravur, kleinem Schmetterling, originellem Swarovski-Kristall und Engelsfl\u00fcgel.<\/p>\n","protected":false},"featured_media":17167,"template":"","meta":[],"product_cat":[137,320],"product_tag":[314],"class_list":{"0":"post-17176","1":"product","2":"type-product","3":"status-publish","4":"has-post-thumbnail","6":"product_cat-schone-geschenke-pl","7":"product_cat-taufschmuck-pl","8":"product_tag-geschenkbox-taufe-pl","10":"first","11":"instock","12":"taxable","13":"shipping-taxable","14":"purchasable","15":"product-type-variable"},"acf":[],"aioseo_notices":[],"_links":{"self":[{"href":"https:\/\/www.amberemotion.com\/pl\/wp-json\/wp\/v2\/product\/17176","targetHints":{"allow":["GET"]}}],"collection":[{"href":"https:\/\/www.amberemotion.com\/pl\/wp-json\/wp\/v2\/product"}],"about":[{"href":"https:\/\/www.amberemotion.com\/pl\/wp-json\/wp\/v2\/types\/product"}],"wp:featuredmedia":[{"embeddable":true,"href":"https:\/\/www.amberemotion.com\/pl\/wp-json\/wp\/v2\/media\/17167"}],"wp:attachment":[{"href":"https:\/\/www.amberemotion.com\/pl\/wp-json\/wp\/v2\/media?parent=17176"}],"wp:term":[{"taxonomy":"product_cat","embeddable":true,"href":"https:\/\/www.amberemotion.com\/pl\/wp-json\/wp\/v2\/product_cat?post=17176"},{"taxonomy":"product_tag","embeddable":true,"href":"https:\/\/www.amberemotion.com\/pl\/wp-json\/wp\/v2\/product_tag?post=17176"}],"curies":[{"name":"wp","href":"https:\/\/api.w.org\/{rel}","templated":true}]}}