{"id":17107,"date":"2023-10-29T17:52:03","date_gmt":"2023-10-29T16:52:03","guid":{"rendered":"https:\/\/www.amberemotion.com\/?post_type=product&#038;p=17107"},"modified":"2025-11-16T00:27:41","modified_gmt":"2025-11-15T23:27:41","slug":"initialkette-mit-buchstaben-symbolen-4-elemente","status":"publish","type":"product","link":"https:\/\/www.amberemotion.com\/pl\/produkt\/namenskette-kette-mit-buchstaben-symbolen-kopie.html","title":{"rendered":"Initialkette mit Buchstaben, Symbolen. 4 Elemente"},"content":{"rendered":"<p><strong>Initialkette mit Buchstaben und Symbolen.<br \/>\n<\/strong>Die vierbuchstabige Kette von amberemotion vereint vier Initialen in einem feinen ausgewogenen Design das Ihre wichtigsten Menschen Momente oder Werte symbolisiert. Die plastisch geformten Buchstaben mit einer St\u00e4rke von 2 mm f\u00fchlen sich angenehm voll weich und hochwertig an wodurch sie eine elegante Tiefe und eine besondere Pr\u00e4senz erhalten. Jede Kette wird individuell in sorgf\u00e4ltiger Handarbeit gefertigt aus 925 Silber oder in edler 22k Vergoldung damit sie zu einem pers\u00f6nlichen Unikat wird das Ihre Geschichte stilvoll begleitet und jeden Tag besondere Emotionen tr\u00e4gt.<\/p>\n","protected":false},"excerpt":{"rendered":"<p style=\"text-align: center;\">Personalisierte Namenkette mit Buchstaben oder Symbolen.<\/p>\n","protected":false},"featured_media":24574,"template":"","meta":[],"product_cat":[322],"product_tag":[],"class_list":{"0":"post-17107","1":"product","2":"type-product","3":"status-publish","4":"has-post-thumbnail","6":"product_cat-buchstabenschmuck-pl","8":"first","9":"instock","10":"featured","11":"taxable","12":"shipping-taxable","13":"purchasable","14":"product-type-variable"},"acf":[],"aioseo_notices":[],"_links":{"self":[{"href":"https:\/\/www.amberemotion.com\/pl\/wp-json\/wp\/v2\/product\/17107","targetHints":{"allow":["GET"]}}],"collection":[{"href":"https:\/\/www.amberemotion.com\/pl\/wp-json\/wp\/v2\/product"}],"about":[{"href":"https:\/\/www.amberemotion.com\/pl\/wp-json\/wp\/v2\/types\/product"}],"wp:featuredmedia":[{"embeddable":true,"href":"https:\/\/www.amberemotion.com\/pl\/wp-json\/wp\/v2\/media\/24574"}],"wp:attachment":[{"href":"https:\/\/www.amberemotion.com\/pl\/wp-json\/wp\/v2\/media?parent=17107"}],"wp:term":[{"taxonomy":"product_cat","embeddable":true,"href":"https:\/\/www.amberemotion.com\/pl\/wp-json\/wp\/v2\/product_cat?post=17107"},{"taxonomy":"product_tag","embeddable":true,"href":"https:\/\/www.amberemotion.com\/pl\/wp-json\/wp\/v2\/product_tag?post=17107"}],"curies":[{"name":"wp","href":"https:\/\/api.w.org\/{rel}","templated":true}]}}