{"id":16542,"date":"2023-08-16T23:41:19","date_gmt":"2023-08-16T21:41:19","guid":{"rendered":"https:\/\/www.amberemotion.com\/?post_type=product&#038;p=16542"},"modified":"2025-12-06T20:00:01","modified_gmt":"2025-12-06T19:00:01","slug":"halskette-mit-serotonin-glueckshormon-minimalistische-molekuel-kette","status":"publish","type":"product","link":"https:\/\/www.amberemotion.com\/pl\/produkt\/halskette-mit-symbolen-buchstaben-kopie.html","title":{"rendered":"Halskette SEROTONIN Gl\u00fcckshormon. Minimalistische Molek\u00fcl-Kette"},"content":{"rendered":"<p>Entdecken Sie Halskette SEROTONIN, die kraftvolle Verbindung zur Gl\u00fcckseligkeit mit unserer einzigartigen Serotonin-Halskette. Als symbolischer Tr\u00e4ger des Gl\u00fcckshormons wirkt diese Halskette als t\u00e4glicher Reminder an die kleinen Freuden des Lebens. Durch ihr schlichtes, aber zugleich auff\u00e4lliges Design f\u00fcgt sie jedem Outfit eine elegante Note hinzu. Z\u00f6gern Sie nicht und entfachen Sie Ihr inneres Gl\u00fcck und Wohlbefinden mit diesem faszinierenden Schmuckst\u00fcck.<\/p>\n<p><strong><span class=\"cqiun4t2 khvhiq1o r5qsrrlp i5tg98hk iqx13udk przvwfww qiohso4h gfz4du6o r7fjleex nz2484kf svot0ezm dcnh1tix sxl192xd t3g6t33p\"><span class=\"\"><img decoding=\"async\" class=\"emoji\" role=\"img\" draggable=\"false\" src=\"https:\/\/s.w.org\/images\/core\/emoji\/14.0.0\/svg\/1f58a.svg\" alt=\"\ud83d\udd8a\ufe0f\" \/>\u00a0<\/span><\/span><\/strong>Das Au\u00dfergew\u00f6hnliche an dem Serotonin-Element besteht in seiner St\u00e4rke von etwa 2 mm. Dadurch pr\u00e4sentiert es sich nicht d\u00fcnn und flach, sondern als <strong>feinsinniges, dreidimensionales Schmuckst\u00fcck<\/strong>. Jedes Serotonin-Element zeugt von sorgf\u00e4ltiger Verarbeitung und bietet dadurch ein angenehmes, geschmeidiges Trageerlebnis.<\/p>\n","protected":false},"excerpt":{"rendered":"<p style=\"text-align: center;\">Eudaimonie. Eleganz. Minimalistische Molek\u00fcl-Kette mit Gl\u00fcckshormon SEROTONIN.<\/p>\n","protected":false},"featured_media":24399,"template":"","meta":[],"product_cat":[349,238],"product_tag":[209],"class_list":{"0":"post-16542","1":"product","2":"type-product","3":"status-publish","4":"has-post-thumbnail","6":"product_cat-bestsellery","7":"product_cat-halsschmuck-pl","8":"product_tag-geometric-pl","10":"first","11":"instock","12":"featured","13":"taxable","14":"shipping-taxable","15":"purchasable","16":"product-type-variable"},"acf":[],"aioseo_notices":[],"_links":{"self":[{"href":"https:\/\/www.amberemotion.com\/pl\/wp-json\/wp\/v2\/product\/16542","targetHints":{"allow":["GET"]}}],"collection":[{"href":"https:\/\/www.amberemotion.com\/pl\/wp-json\/wp\/v2\/product"}],"about":[{"href":"https:\/\/www.amberemotion.com\/pl\/wp-json\/wp\/v2\/types\/product"}],"wp:featuredmedia":[{"embeddable":true,"href":"https:\/\/www.amberemotion.com\/pl\/wp-json\/wp\/v2\/media\/24399"}],"wp:attachment":[{"href":"https:\/\/www.amberemotion.com\/pl\/wp-json\/wp\/v2\/media?parent=16542"}],"wp:term":[{"taxonomy":"product_cat","embeddable":true,"href":"https:\/\/www.amberemotion.com\/pl\/wp-json\/wp\/v2\/product_cat?post=16542"},{"taxonomy":"product_tag","embeddable":true,"href":"https:\/\/www.amberemotion.com\/pl\/wp-json\/wp\/v2\/product_tag?post=16542"}],"curies":[{"name":"wp","href":"https:\/\/api.w.org\/{rel}","templated":true}]}}