{"id":16458,"date":"2023-07-14T01:12:15","date_gmt":"2023-07-13T23:12:15","guid":{"rendered":"https:\/\/www.amberemotion.com\/?post_type=product&#038;p=16458"},"modified":"2026-01-04T23:29:58","modified_gmt":"2026-01-04T22:29:58","slug":"halskette-mit-symbolen-buchstaben","status":"publish","type":"product","link":"https:\/\/www.amberemotion.com\/pl\/produkt\/buchstabenkette-halskette-mit-symbolen-kopie.html","title":{"rendered":"Halskette mit Symbolen, Buchstaben. 3 Elemente"},"content":{"rendered":"<p><strong>Halskette mit Symbolen und Buchstaben.<br \/>\n<\/strong>Die dreibuchstabige Kette von amberemotion verbindet drei Initialen in einer feinen klaren Komposition die Ihre Pers\u00f6nlichkeit auf besondere Weise ausdr\u00fcckt. Die 2 mm starken Buchstaben sind dreidimensional geformt wodurch sie eine elegante Pr\u00e4senz bekommen und sich angenehm weich hochwertig und harmonisch anf\u00fchlen. Jede Kette wird einzeln von Hand gefertigt aus 925 Silber oder in edler 22k Vergoldung damit sie zu einem individuellen Unikat wird das Ihre Geschichte sanft begleitet und Ihren Stil mit einem eleganten Glanz veredelt.<\/p>\n","protected":false},"excerpt":{"rendered":"<p style=\"text-align: center;\">Personalisierte Namenkette mit Buchstaben oder Symbolen.<\/p>\n","protected":false},"featured_media":22975,"template":"","meta":[],"product_cat":[349,322,238],"product_tag":[],"class_list":{"0":"post-16458","1":"product","2":"type-product","3":"status-publish","4":"has-post-thumbnail","6":"product_cat-bestsellery","7":"product_cat-buchstabenschmuck-pl","8":"product_cat-halsschmuck-pl","10":"first","11":"instock","12":"featured","13":"taxable","14":"shipping-taxable","15":"purchasable","16":"product-type-variable"},"acf":[],"aioseo_notices":[],"_links":{"self":[{"href":"https:\/\/www.amberemotion.com\/pl\/wp-json\/wp\/v2\/product\/16458","targetHints":{"allow":["GET"]}}],"collection":[{"href":"https:\/\/www.amberemotion.com\/pl\/wp-json\/wp\/v2\/product"}],"about":[{"href":"https:\/\/www.amberemotion.com\/pl\/wp-json\/wp\/v2\/types\/product"}],"wp:featuredmedia":[{"embeddable":true,"href":"https:\/\/www.amberemotion.com\/pl\/wp-json\/wp\/v2\/media\/22975"}],"wp:attachment":[{"href":"https:\/\/www.amberemotion.com\/pl\/wp-json\/wp\/v2\/media?parent=16458"}],"wp:term":[{"taxonomy":"product_cat","embeddable":true,"href":"https:\/\/www.amberemotion.com\/pl\/wp-json\/wp\/v2\/product_cat?post=16458"},{"taxonomy":"product_tag","embeddable":true,"href":"https:\/\/www.amberemotion.com\/pl\/wp-json\/wp\/v2\/product_tag?post=16458"}],"curies":[{"name":"wp","href":"https:\/\/api.w.org\/{rel}","templated":true}]}}