{"id":16371,"date":"2023-07-13T23:14:16","date_gmt":"2023-07-13T21:14:16","guid":{"rendered":"https:\/\/www.amberemotion.com\/?post_type=product&#038;p=16371"},"modified":"2025-11-16T00:01:20","modified_gmt":"2025-11-15T23:01:20","slug":"namenskette-kette-mit-buchstaben","status":"publish","type":"product","link":"https:\/\/www.amberemotion.com\/pl\/produkt\/kette-mit-buchstaben-buchstabenkette-kopie.html","title":{"rendered":"Namenskette. Kette mit Buchstaben. 3 Elemente"},"content":{"rendered":"<p><strong>Kette mit Buchstaben<\/strong>.<br \/>\nDie dreibuchstabige Kette von amberemotion erz\u00e4hlt eine ganz pers\u00f6nliche Geschichte denn jede Initiale steht f\u00fcr einen Menschen einen Moment oder eine Erinnerung die Ihnen nahe ist. Die Buchstaben sind massiv und dreidimensional gearbeitet mit einer St\u00e4rke von 2 mm wodurch sie sich angenehm voll weich und hochwertig anf\u00fchlen und das Licht mit einem feinen eleganten Glanz reflektieren. Jede Kette entsteht in ruhiger sorgf\u00e4ltiger Handarbeit aus 925 Silber oder in hochwertiger 22k Vergoldung damit sie zu einem einzigartigen Unikat wird das Ihre Pers\u00f6nlichkeit stilvoll begleitet und jeden Tag besondere Emotionen tr\u00e4gt.<\/p>\n","protected":false},"excerpt":{"rendered":"<p style=\"text-align: center;\">Personalisierte Namenkette mit Buchstaben oder Symbolen.<\/p>\n","protected":false},"featured_media":24555,"template":"","meta":[],"product_cat":[322],"product_tag":[],"class_list":{"0":"post-16371","1":"product","2":"type-product","3":"status-publish","4":"has-post-thumbnail","6":"product_cat-buchstabenschmuck-pl","8":"first","9":"instock","10":"featured","11":"taxable","12":"shipping-taxable","13":"purchasable","14":"product-type-variable"},"acf":[],"aioseo_notices":[],"_links":{"self":[{"href":"https:\/\/www.amberemotion.com\/pl\/wp-json\/wp\/v2\/product\/16371","targetHints":{"allow":["GET"]}}],"collection":[{"href":"https:\/\/www.amberemotion.com\/pl\/wp-json\/wp\/v2\/product"}],"about":[{"href":"https:\/\/www.amberemotion.com\/pl\/wp-json\/wp\/v2\/types\/product"}],"wp:featuredmedia":[{"embeddable":true,"href":"https:\/\/www.amberemotion.com\/pl\/wp-json\/wp\/v2\/media\/24555"}],"wp:attachment":[{"href":"https:\/\/www.amberemotion.com\/pl\/wp-json\/wp\/v2\/media?parent=16371"}],"wp:term":[{"taxonomy":"product_cat","embeddable":true,"href":"https:\/\/www.amberemotion.com\/pl\/wp-json\/wp\/v2\/product_cat?post=16371"},{"taxonomy":"product_tag","embeddable":true,"href":"https:\/\/www.amberemotion.com\/pl\/wp-json\/wp\/v2\/product_tag?post=16371"}],"curies":[{"name":"wp","href":"https:\/\/api.w.org\/{rel}","templated":true}]}}