{"id":16106,"date":"2023-06-23T15:16:03","date_gmt":"2023-06-23T13:16:03","guid":{"rendered":"https:\/\/www.amberemotion.com\/?post_type=product&#038;p=16106"},"modified":"2025-01-03T18:41:23","modified_gmt":"2025-01-03T17:41:23","slug":"feine-ohrstecker-mit-serotonin-glueckshormon-minimalistischer-molekuel-schmuck","status":"publish","type":"product","link":"https:\/\/www.amberemotion.com\/pl\/produkt\/ohrstecker-papierboot-kopie.html","title":{"rendered":"Ohrstecker SEROTONIN Gl\u00fcckshormon. Minimalistische Molek\u00fcl-Ohrstecker"},"content":{"rendered":"<p class=\"bodytext\"><strong>Ohrstecker SEROTONIN Gl\u00fcckshormon<\/strong>, eine glamour\u00f6se Verbindung zwischen Mode und Wissenschaft. Die edler Verarbeitung und bescheidene Gr\u00f6\u00dfe lassen die <strong>Serotonin-Ohrstecker<\/strong> zu einem eleganten Accessoire werden.<\/p>\n<p>Die <strong>Ohrstecker<\/strong> pr\u00e4sentieren sich in der <strong>Form eines Molek\u00fcls<\/strong>, wobei die Atome und chemischen Bindungen durch goldplattierte Kugeln und St\u00e4be nachgebildet sind. Dieser detailreiche, dreidimensionale Look verleiht diesen <strong>Molek\u00fcl-Ohrsteckern<\/strong> eine faszinierende und minimalistische Optik, die sofort ins Auge f\u00e4llt.\u00a0Das goldplattierte Design garantiert einen Hauch von Luxus und macht die <strong>Serotonin-Ohrringe<\/strong> zu einer stilvollen Erg\u00e4nzung f\u00fcr jede Garderobe.<\/p>\n<p><strong><span class=\"cqiun4t2 khvhiq1o r5qsrrlp i5tg98hk iqx13udk przvwfww qiohso4h gfz4du6o r7fjleex nz2484kf svot0ezm dcnh1tix sxl192xd t3g6t33p\"><span class=\"\">\ud83d\udd8a\ufe0f\u00a0<\/span><\/span><\/strong>Das Au\u00dfergew\u00f6hnliche an unserem Serotonin-Element besteht in seiner bemerkenswerten St\u00e4rke von etwa 2 mm. Dadurch pr\u00e4sentiert es sich nicht d\u00fcnn und flach, sondern als <strong>feinsinniges, dreidimensionales Schmuckst\u00fcck<\/strong>. Jedes Serotonin-Element zeugt von sorgf\u00e4ltiger Verarbeitung und bietet dadurch ein angenehmes, geschmeidiges Trageerlebnis.<\/p>\n","protected":false},"excerpt":{"rendered":"<p class=\"bodytext\" style=\"text-align: center;\">Elegante, stilvolle und dreidimensionale\u00a0<strong>Serotonin-Ohrstecker<\/strong>\u00a0aus unserer Molek\u00fcl-Schmuck Kollektion.<\/p>\n","protected":false},"featured_media":24387,"template":"","meta":[],"product_cat":[349,136],"product_tag":[209],"class_list":{"0":"post-16106","1":"product","2":"type-product","3":"status-publish","4":"has-post-thumbnail","6":"product_cat-bestsellery","7":"product_cat-ohrringe-pl","8":"product_tag-geometric-pl","10":"first","11":"instock","12":"taxable","13":"shipping-taxable","14":"purchasable","15":"product-type-variable"},"acf":[],"aioseo_notices":[],"_links":{"self":[{"href":"https:\/\/www.amberemotion.com\/pl\/wp-json\/wp\/v2\/product\/16106","targetHints":{"allow":["GET"]}}],"collection":[{"href":"https:\/\/www.amberemotion.com\/pl\/wp-json\/wp\/v2\/product"}],"about":[{"href":"https:\/\/www.amberemotion.com\/pl\/wp-json\/wp\/v2\/types\/product"}],"wp:featuredmedia":[{"embeddable":true,"href":"https:\/\/www.amberemotion.com\/pl\/wp-json\/wp\/v2\/media\/24387"}],"wp:attachment":[{"href":"https:\/\/www.amberemotion.com\/pl\/wp-json\/wp\/v2\/media?parent=16106"}],"wp:term":[{"taxonomy":"product_cat","embeddable":true,"href":"https:\/\/www.amberemotion.com\/pl\/wp-json\/wp\/v2\/product_cat?post=16106"},{"taxonomy":"product_tag","embeddable":true,"href":"https:\/\/www.amberemotion.com\/pl\/wp-json\/wp\/v2\/product_tag?post=16106"}],"curies":[{"name":"wp","href":"https:\/\/api.w.org\/{rel}","templated":true}]}}