{"id":15857,"date":"2023-05-22T00:56:08","date_gmt":"2023-05-21T22:56:08","guid":{"rendered":"https:\/\/www.amberemotion.com\/?post_type=product&#038;p=15857"},"modified":"2025-12-03T00:00:26","modified_gmt":"2025-12-02T23:00:26","slug":"kette-mit-buchstaben-oder-symbol","status":"publish","type":"product","link":"https:\/\/www.amberemotion.com\/pl\/produkt\/halskette-mit-buchstaben-oder-symbol-kopie.html","title":{"rendered":"Kette mit Buchstaben, Symbol. 1 Element"},"content":{"rendered":"<p><strong>Kette mit Buchstaben.<\/strong><br \/>\nUnsere Buchstabenkette geh\u00f6rt zu den beliebtesten St\u00fccken unserer Manufaktur weil sie personalisiert ist und eine besondere emotionale Bedeutung tr\u00e4gt. Jede Kette entsteht in sorgf\u00e4ltiger Handarbeit aus 925 Silber oder in hochwertiger 22k Vergoldung individuell f\u00fcr Sie gefertigt damit jedes Detail klar elegant und harmonisch wirkt. Die etwas l\u00e4ngere Lieferzeit ist ein Zeichen echter Handarbeit denn jedes Unikat braucht Zeit Ruhe und Pr\u00e4zision damit es wirklich besonders wird und Ihre Geschichte jeden Tag stilvoll begleitet.<\/p>\n","protected":false},"excerpt":{"rendered":"<p style=\"text-align: center;\">Personalisierte Halskette mit Buchstaben oder Symbol. Jede Buchstabenkette ist in Handarbeit angefertigt.<\/p>\n","protected":false},"featured_media":25661,"template":"","meta":[],"product_cat":[349,322],"product_tag":[],"class_list":{"0":"post-15857","1":"product","2":"type-product","3":"status-publish","4":"has-post-thumbnail","6":"product_cat-bestsellery","7":"product_cat-buchstabenschmuck-pl","9":"first","10":"instock","11":"featured","12":"taxable","13":"shipping-taxable","14":"purchasable","15":"product-type-variable"},"acf":[],"aioseo_notices":[],"_links":{"self":[{"href":"https:\/\/www.amberemotion.com\/pl\/wp-json\/wp\/v2\/product\/15857","targetHints":{"allow":["GET"]}}],"collection":[{"href":"https:\/\/www.amberemotion.com\/pl\/wp-json\/wp\/v2\/product"}],"about":[{"href":"https:\/\/www.amberemotion.com\/pl\/wp-json\/wp\/v2\/types\/product"}],"wp:featuredmedia":[{"embeddable":true,"href":"https:\/\/www.amberemotion.com\/pl\/wp-json\/wp\/v2\/media\/25661"}],"wp:attachment":[{"href":"https:\/\/www.amberemotion.com\/pl\/wp-json\/wp\/v2\/media?parent=15857"}],"wp:term":[{"taxonomy":"product_cat","embeddable":true,"href":"https:\/\/www.amberemotion.com\/pl\/wp-json\/wp\/v2\/product_cat?post=15857"},{"taxonomy":"product_tag","embeddable":true,"href":"https:\/\/www.amberemotion.com\/pl\/wp-json\/wp\/v2\/product_tag?post=15857"}],"curies":[{"name":"wp","href":"https:\/\/api.w.org\/{rel}","templated":true}]}}