{"id":15640,"date":"2023-05-03T18:52:30","date_gmt":"2023-05-03T16:52:30","guid":{"rendered":"https:\/\/www.amberemotion.com\/?post_type=product&#038;p=15640"},"modified":"2024-10-07T22:36:18","modified_gmt":"2024-10-07T20:36:18","slug":"geschenkverpackung-personalisiert-geschenkbox-mit-persoenlichem-text-fuer-schmuck-geldgeschenk","status":"publish","type":"product","link":"https:\/\/www.amberemotion.com\/pl\/produkt\/schutzengel-kette-zur-kommunion-konfirmation-mit-gravur-in-geschenkbox-kopie.html","title":{"rendered":"GESCHENKVERPACKUNG personalisiert. Geschenkbox mit pers\u00f6nlichem Text f\u00fcr Schmuck, Geldgeschenk"},"content":{"rendered":"<p>Traumhafte <strong>Geschenkverpackung personalisiert<\/strong>, f\u00fcr Ihre Schmuckst\u00fccke oder das Geldgeschenk.<\/p>\n<p style=\"font-weight: 400;\">Eine traumhafte <strong>Geschenkverpackung f\u00fcr Schmuckst\u00fccke<\/strong> ist das i-T\u00fcpfelchen, das ein <strong>Schmuckgeschenk<\/strong> abrundet. Eine <strong>personalisierte Geschenkbox<\/strong> unterstreicht die Exklusivit\u00e4t des Schmuckst\u00fccks und intensiviert die Freude des Beschenkten. Eine edle Box, die das Schmuckst\u00fcck aufwertet und perfekt pr\u00e4sentiert, beeindruckt jeden Schmuckliebhaber. Ob zur Geburtstag, Verlobung, Hochzeit oder einfach als Aufmerksamkeit zwischendurch \u2013 die passende <a title=\"Geschenkverpackung\" href=\"https:\/\/www.amberemotion.com\/service\/schmuckverpackung.html\">Geschenkverpackung<\/a> unterstreicht die Einzigartigkeit und den Wert des Schmuckst\u00fccks.<\/p>\n","protected":false},"excerpt":{"rendered":"<p class=\"bodytext\" style=\"text-align: center;\">Zauberhafte Geschenkbox mit pers\u00f6nlichem Text und Scrapbooking-Rosette oder -Viereck in funkelnden Glitzer-Farben wie rosa, blau oder gold, individuell angefertigt.<\/p>\n","protected":false},"featured_media":15664,"template":"","meta":[],"product_cat":[137,320],"product_tag":[],"class_list":{"0":"post-15640","1":"product","2":"type-product","3":"status-publish","4":"has-post-thumbnail","6":"product_cat-schone-geschenke-pl","7":"product_cat-taufschmuck-pl","9":"first","10":"instock","11":"featured","12":"taxable","13":"shipping-taxable","14":"purchasable","15":"product-type-simple"},"acf":[],"aioseo_notices":[],"_links":{"self":[{"href":"https:\/\/www.amberemotion.com\/pl\/wp-json\/wp\/v2\/product\/15640","targetHints":{"allow":["GET"]}}],"collection":[{"href":"https:\/\/www.amberemotion.com\/pl\/wp-json\/wp\/v2\/product"}],"about":[{"href":"https:\/\/www.amberemotion.com\/pl\/wp-json\/wp\/v2\/types\/product"}],"wp:featuredmedia":[{"embeddable":true,"href":"https:\/\/www.amberemotion.com\/pl\/wp-json\/wp\/v2\/media\/15664"}],"wp:attachment":[{"href":"https:\/\/www.amberemotion.com\/pl\/wp-json\/wp\/v2\/media?parent=15640"}],"wp:term":[{"taxonomy":"product_cat","embeddable":true,"href":"https:\/\/www.amberemotion.com\/pl\/wp-json\/wp\/v2\/product_cat?post=15640"},{"taxonomy":"product_tag","embeddable":true,"href":"https:\/\/www.amberemotion.com\/pl\/wp-json\/wp\/v2\/product_tag?post=15640"}],"curies":[{"name":"wp","href":"https:\/\/api.w.org\/{rel}","templated":true}]}}