{"id":15623,"date":"2023-05-02T11:49:35","date_gmt":"2023-05-02T09:49:35","guid":{"rendered":"https:\/\/www.amberemotion.com\/?post_type=product&#038;p=15623"},"modified":"2024-10-07T22:33:12","modified_gmt":"2024-10-07T20:33:12","slug":"namenskette-taufkette-mit-gravur-lebensbaum-stern-geburtsstein-geschenkbox-kopie","status":"publish","type":"product","link":"https:\/\/www.amberemotion.com\/pl\/produkt\/namenskette-taufkette-mit-gravur-lebensbaum-stern-geburtsstein-geschenkbox-kopie.html","title":{"rendered":"Taufkette Gold mit Gravur. Taufgeschenk f\u00fcr M\u00e4dchen mit Schmetterling, Lebensbaum, Engelsfl\u00fcgel"},"content":{"rendered":"<p>Entdecken Sie unsere zauberhafte <strong>Taufkette Gold mit Gravur<\/strong> f\u00fcr das perfekte <strong>Taufgeschenk<\/strong>. Die liebevolle Suche nach dem besonderen <strong>Geschenk f\u00fcr M\u00e4dchen<\/strong> endet hier. Die Halskette beeindruckt durch filigrane Details.\u00a0<strong>Schmetterling<\/strong>, <strong>Lebensbaum<\/strong> und <strong>Engelsfl\u00fcgel<\/strong> strahlen in <strong>Gold<\/strong> und edle Geschenkbox rundet das sch\u00f6ne Design ab.\u00a0M\u00e4dchen werden Magie und Sch\u00f6nheit in dieser <strong>Taufkette Gold<\/strong> ihren eingravierten Namen entdecken. Ob mit Schmetterling, Lebensbaum oder Engelsfl\u00fcgeln \u2013 die <strong>Taufkette Gold mit Gravur<\/strong> bietet ein besonderes <strong>Taufgeschenk f\u00fcr M\u00e4dchen<\/strong>, das tief ber\u00fchrt und zugleich ein Zeichen ewiger Verbundenheit ist. Schmetterling und Lebensbaum symbolisieren Wachstum und Transformation. Engelsfl\u00fcgel vermittelt Schutz, somit ist diese traumhafte <strong>Halskette<\/strong> mehr als nur ein Accessoire.<\/p>\n","protected":false},"excerpt":{"rendered":"<p style=\"text-align: center;\">Personalisierte Taufkette Gold (925\/- Silber mit 22 Karat vergoldet) mit Namensgravur zur Taufe f\u00fcr M\u00e4dchen mit zauberhaftem Schmetterling, Lebensbaum und Engelsfl\u00fcgel.<\/p>\n","protected":false},"featured_media":15627,"template":"","meta":[],"product_cat":[349,137,320],"product_tag":[148],"class_list":{"0":"post-15623","1":"product","2":"type-product","3":"status-publish","4":"has-post-thumbnail","6":"product_cat-bestsellery","7":"product_cat-schone-geschenke-pl","8":"product_cat-taufschmuck-pl","9":"product_tag-schmetterling-pl","11":"first","12":"instock","13":"taxable","14":"shipping-taxable","15":"purchasable","16":"product-type-variable","17":"has-default-attributes"},"acf":[],"aioseo_notices":[],"_links":{"self":[{"href":"https:\/\/www.amberemotion.com\/pl\/wp-json\/wp\/v2\/product\/15623","targetHints":{"allow":["GET"]}}],"collection":[{"href":"https:\/\/www.amberemotion.com\/pl\/wp-json\/wp\/v2\/product"}],"about":[{"href":"https:\/\/www.amberemotion.com\/pl\/wp-json\/wp\/v2\/types\/product"}],"wp:featuredmedia":[{"embeddable":true,"href":"https:\/\/www.amberemotion.com\/pl\/wp-json\/wp\/v2\/media\/15627"}],"wp:attachment":[{"href":"https:\/\/www.amberemotion.com\/pl\/wp-json\/wp\/v2\/media?parent=15623"}],"wp:term":[{"taxonomy":"product_cat","embeddable":true,"href":"https:\/\/www.amberemotion.com\/pl\/wp-json\/wp\/v2\/product_cat?post=15623"},{"taxonomy":"product_tag","embeddable":true,"href":"https:\/\/www.amberemotion.com\/pl\/wp-json\/wp\/v2\/product_tag?post=15623"}],"curies":[{"name":"wp","href":"https:\/\/api.w.org\/{rel}","templated":true}]}}