{"id":15602,"date":"2023-04-29T20:48:56","date_gmt":"2023-04-29T18:48:56","guid":{"rendered":"https:\/\/www.amberemotion.com\/?post_type=product&#038;p=15602"},"modified":"2024-05-18T09:06:38","modified_gmt":"2024-05-18T07:06:38","slug":"schutzengel-kette-zur-kommunion-konfirmation-geburt-mit-gravur-in-geschenkbox","status":"publish","type":"product","link":"https:\/\/www.amberemotion.com\/pl\/produkt\/schutzengel-kette-zur-taufe-mit-gravur-taufgeschenk-in-geschenkbox-kopie.html","title":{"rendered":"SCHUTZENGEL Kette zur Kommunion, Konfirmation mit Gravur in Geschenkbox"},"content":{"rendered":"<p><strong>Schutzengel Kette Kommunion<\/strong>: Das perfekte Geschenk zur Konfirmation mit Gravur und Geschenkbox.<\/p>\n<p>Unsere Schutzengel Kette ist das zauberhafte <strong>Geschenk f\u00fcr M\u00e4dchen<\/strong>, welches das Herz und die Seele der Beschenkten ber\u00fchren und f\u00fcr immer in Erinnerung bleiben. Die symbolische Bedeutung dieser <strong>Schutzengel Kette<\/strong> macht sie zu einem emotionalen Accessoire, das stets an die\u00a0<strong>Kommunion<\/strong> oder <strong>Konfirmation<\/strong> erinnert. Schutzengel begleiten uns auf dem Weg in ein harmonisches und erf\u00fclltes Leben, weshalb ein solcher <strong>Engel Anh\u00e4nger<\/strong> das ideale <strong>Kommunion Geschenk<\/strong> darstellt.<\/p>\n<p>Eine sch\u00f6ne Gravur wie der Name des Kindes und das Datum der <strong>Kommunion<\/strong> oder <strong>Konfirmation<\/strong>\u00a0dient als \u00e4sthetische Verzierung. Die Gravur verleiht dem Geschenk auch eine bedeutungsvolle Botschaft, die die besondere Verbindung zwischen dem Schenkenden und dem Beschenkten unterstreicht.\u00a0Mit einem individuellen, liebevoll gestalteten Geschenk garantieren Sie\u00a0kann der besondere Tag auf unvergleichliche Weise gefeiert und die Einzigartigkeit des <strong>Kommunionkindes<\/strong> hervorgehoben werden.<\/p>\n<p><strong>DETAILS<\/strong><br \/>\n&#8211; Alle Teile aus 925er Silber<br \/>\n&#8211; Schutzengel-Gr\u00f6\u00dfe ca. 20 x 22 mm inkl. Silber\u00f6se aus massivem St\u00fcck Silber<br \/>\n&#8211; diamantierte Ankerkette 42 cm (39 + 2 cm Verl\u00e4ngerung)<br \/>\n&#8211; am Verschlu\u00df ein kleines Gl\u00fcckstern<br \/>\n<a href=\"http:\/\/amberemotion.blogspot.com\/2012\/08\/my-little-angel-give-away.html\" target=\"_blank\" rel=\"noopener\">blog.amberemotion<\/a>, <a title=\"Halskette Engel\" href=\"https:\/\/nicestthings.com\/2012\/08\/angel-wings-halskette-mit-engel-anhaenger-aus-silber\" target=\"_blank\" rel=\"noopener\">Nicest Things<\/a><\/p>\n<p><strong>GRAVUR<\/strong><br \/>\n<strong>\ud83d\udd8a\ufe0f\u00a0<\/strong>Eine liebevolle Gravur wie der Name des Kindes, das Datum der Kommunion oder Konfirmation, verleiht dem <strong>Schutzengel<\/strong> eine pers\u00f6nliche Note und unterstreicht seine Einzigartigkeit und seinen Wert.<br \/>\nGravur mit Schriftart s. Foto: z.B. Anna oder Charlotte (darunter optional das Datum z.B. 4.10.2022 oder ein Symbol: Fisch, Herz oder Stern)<\/p>\n<p><strong>GESCHENKBOX<br \/>\n<\/strong><strong><img decoding=\"async\" class=\"emoji\" role=\"img\" draggable=\"false\" src=\"https:\/\/s.w.org\/images\/core\/emoji\/14.0.0\/svg\/1f58a.svg\" alt=\"\ud83d\udd8a\ufe0f\" \/>\u00a0<\/strong>Um dieses besondere <strong>Kommunion Geschenk<\/strong> perfekt abzurunden, geh\u00f6rt zur <strong>Schutzengel Kette<\/strong> eine hochwertige <a title=\"Geschenkverpackung\" href=\"https:\/\/www.amberemotion.com\/service\/schmuckverpackung.html\">Geschenkverpackung, <\/a>die wir\u00a0f\u00fcr jedes Kind in Handarbeit individuell mit funkelnden Glitzern in bunten Farben wie rosa, blau oder gold anfertigen. Nicht nur die Aufbewahrung des Schmuckst\u00fccks wird dadurch stilvoll gew\u00e4hrleistet, sondern es verleiht ihm durch den ganz pers\u00f6nlichen Text oder Spruch eine extra Portion Personalisierung und\u00a0Festlichkeit. Unsere Geschenkbox in Form vom\u00a0Label: Rosette oder Viereck in Scrapbooking-Technik sorgt daf\u00fcr, dass das Pr\u00e4sent im wahrsten Sinne des Wortes gl\u00e4nzend beim Beschenkten ankommt.<\/p>\n","protected":false},"excerpt":{"rendered":"<p class=\"bodytext\" style=\"text-align: center;\">Schutzengel Kette mit Gravur zur Kommunion oder Konfirmation in traumhafter Geschenkverpackung.<\/p>\n","protected":false},"featured_media":15605,"template":"","meta":[],"product_cat":[137],"product_tag":[],"class_list":{"0":"post-15602","1":"product","2":"type-product","3":"status-publish","4":"has-post-thumbnail","6":"product_cat-schone-geschenke-pl","8":"first","9":"instock","10":"featured","11":"taxable","12":"shipping-taxable","13":"purchasable","14":"product-type-simple"},"acf":[],"aioseo_notices":[],"_links":{"self":[{"href":"https:\/\/www.amberemotion.com\/pl\/wp-json\/wp\/v2\/product\/15602","targetHints":{"allow":["GET"]}}],"collection":[{"href":"https:\/\/www.amberemotion.com\/pl\/wp-json\/wp\/v2\/product"}],"about":[{"href":"https:\/\/www.amberemotion.com\/pl\/wp-json\/wp\/v2\/types\/product"}],"wp:featuredmedia":[{"embeddable":true,"href":"https:\/\/www.amberemotion.com\/pl\/wp-json\/wp\/v2\/media\/15605"}],"wp:attachment":[{"href":"https:\/\/www.amberemotion.com\/pl\/wp-json\/wp\/v2\/media?parent=15602"}],"wp:term":[{"taxonomy":"product_cat","embeddable":true,"href":"https:\/\/www.amberemotion.com\/pl\/wp-json\/wp\/v2\/product_cat?post=15602"},{"taxonomy":"product_tag","embeddable":true,"href":"https:\/\/www.amberemotion.com\/pl\/wp-json\/wp\/v2\/product_tag?post=15602"}],"curies":[{"name":"wp","href":"https:\/\/api.w.org\/{rel}","templated":true}]}}