{"id":11013,"date":"2022-12-31T10:30:33","date_gmt":"2022-12-31T09:30:33","guid":{"rendered":"https:\/\/www.amberemotion.com\/?post_type=product&#038;p=11013"},"modified":"2026-01-05T13:33:17","modified_gmt":"2026-01-05T12:33:17","slug":"buchstabenkette-mit-2-elementen","status":"publish","type":"product","link":"https:\/\/www.amberemotion.com\/pl\/produkt\/buchstabenkette-mama-kopie.html","title":{"rendered":"Kette mit Buchstaben. Buchstabenkette. 2 Elemente"},"content":{"rendered":"<p><strong>Kette mit Buchstaben.<br \/>\n<\/strong>Unsere zweibuchstabige Kette geh\u00f6rt zu den besonderen St\u00fccken von amberemotion weil sie zwei pers\u00f6nliche Bedeutungen in einem eleganten Design vereint. Die Buchstaben besitzen eine edle dreidimensionale Form mit einer St\u00e4rke von 2 mm wodurch sie nicht nur optisch pr\u00e4sent wirken sondern sich auch angenehm voll weich und hochwertig im Griff anf\u00fchlen. Jede Kette entsteht in sorgf\u00e4ltiger Handarbeit aus 925 Silber oder in hochwertiger 22k Vergoldung und wird individuell f\u00fcr Sie gefertigt damit jedes Detail harmonisch klar und langlebig bleibt und Ihr Schmuckst\u00fcck zu einem einzigartigen Begleiter wird der jeden Tag Stil W\u00e4rme und Pers\u00f6nlichkeit ausstrahlt.<\/p>\n","protected":false},"excerpt":{"rendered":"<p style=\"text-align: center;\">Personalisierte Halskette mit Buchstaben oder Symbolen. Jede Buchstabenkette ist in Handarbeit angefertigt.<\/p>\n","protected":false},"featured_media":24441,"template":"","meta":[],"product_cat":[349,322,238],"product_tag":[],"class_list":{"0":"post-11013","1":"product","2":"type-product","3":"status-publish","4":"has-post-thumbnail","6":"product_cat-bestsellery","7":"product_cat-buchstabenschmuck-pl","8":"product_cat-halsschmuck-pl","10":"first","11":"instock","12":"featured","13":"taxable","14":"shipping-taxable","15":"purchasable","16":"product-type-variable"},"acf":[],"aioseo_notices":[],"_links":{"self":[{"href":"https:\/\/www.amberemotion.com\/pl\/wp-json\/wp\/v2\/product\/11013","targetHints":{"allow":["GET"]}}],"collection":[{"href":"https:\/\/www.amberemotion.com\/pl\/wp-json\/wp\/v2\/product"}],"about":[{"href":"https:\/\/www.amberemotion.com\/pl\/wp-json\/wp\/v2\/types\/product"}],"wp:featuredmedia":[{"embeddable":true,"href":"https:\/\/www.amberemotion.com\/pl\/wp-json\/wp\/v2\/media\/24441"}],"wp:attachment":[{"href":"https:\/\/www.amberemotion.com\/pl\/wp-json\/wp\/v2\/media?parent=11013"}],"wp:term":[{"taxonomy":"product_cat","embeddable":true,"href":"https:\/\/www.amberemotion.com\/pl\/wp-json\/wp\/v2\/product_cat?post=11013"},{"taxonomy":"product_tag","embeddable":true,"href":"https:\/\/www.amberemotion.com\/pl\/wp-json\/wp\/v2\/product_tag?post=11013"}],"curies":[{"name":"wp","href":"https:\/\/api.w.org\/{rel}","templated":true}]}}