{"id":4940,"date":"2021-07-09T22:21:04","date_gmt":"2021-07-09T20:21:04","guid":{"rendered":"https:\/\/www.amberemotion.com\/baltischer-bernstein\/"},"modified":"2021-07-09T22:21:04","modified_gmt":"2021-07-09T20:21:04","slug":"baltischer-bernstein","status":"publish","type":"page","link":"https:\/\/www.amberemotion.com\/pl\/baltischer-bernstein.html","title":{"rendered":"Baltischer Bernstein"},"content":{"rendered":"\t\t<div data-elementor-type=\"wp-page\" data-elementor-id=\"4940\" class=\"elementor elementor-4940 elementor-1149\">\n\t\t\t\t\t\t\t\t\t<section class=\"elementor-section elementor-top-section elementor-element elementor-element-c0f9a78 elementor-section-content-middle elementor-section-full_width elementor-section-height-default elementor-section-height-default\" data-id=\"c0f9a78\" data-element_type=\"section\">\r\n\t\t\r\n\t\t\t\t\t\t\t<div class=\"elementor-container elementor-column-gap-no\">\r\n\t\t\t\t\t\t\t\t\t\t\t<div class=\"elementor-column elementor-col-100 elementor-top-column elementor-element elementor-element-f825ee1\" data-id=\"f825ee1\" data-element_type=\"column\">\r\n\t\t\t\t\t<div class=\"elementor-widget-wrap elementor-element-populated\">\r\n\t\t\t\t\t\t\t\t<div class=\"elementor-element elementor-element-2d09ada elementor-widget elementor-widget-image\" data-id=\"2d09ada\" data-element_type=\"widget\" data-widget_type=\"image.default\">\n\t\t\t\t<div class=\"elementor-widget-container\">\n\t\t\t<style>\/*! elementor - v3.17.0 - 08-11-2023 *\/\n.elementor-widget-image{text-align:center}.elementor-widget-image a{display:inline-block}.elementor-widget-image a img[src$=\".svg\"]{width:48px}.elementor-widget-image img{vertical-align:middle;display:inline-block}<\/style>\t\t\t\t\t\t\t\t\t\t\t\t<img loading=\"lazy\" decoding=\"async\" width=\"1741\" height=\"610\" src=\"https:\/\/www.amberemotion.com\/wp-content\/uploads\/2021\/07\/bursztynbg06.png\" class=\"attachment-full size-full wp-image-1280\" alt=\"\" srcset=\"https:\/\/www.amberemotion.com\/wp-content\/uploads\/2021\/07\/bursztynbg06.png 1741w, https:\/\/www.amberemotion.com\/wp-content\/uploads\/2021\/07\/bursztynbg06-600x210.png 600w, https:\/\/www.amberemotion.com\/wp-content\/uploads\/2021\/07\/bursztynbg06-1024x359.png 1024w, https:\/\/www.amberemotion.com\/wp-content\/uploads\/2021\/07\/bursztynbg06-768x269.png 768w, https:\/\/www.amberemotion.com\/wp-content\/uploads\/2021\/07\/bursztynbg06-1536x538.png 1536w, https:\/\/www.amberemotion.com\/wp-content\/uploads\/2021\/07\/bursztynbg06-640x224.png 640w, https:\/\/www.amberemotion.com\/wp-content\/uploads\/2021\/07\/bursztynbg06-400x140.png 400w\" sizes=\"auto, (max-width: 1741px) 100vw, 1741px\" \/>\t\t\t\t\t\t\t\t\t\t\t\t\t\t\t<\/div>\n\t\t\t\t<\/div>\n\t\t\t\t<div class=\"elementor-element elementor-element-052b8ca elementor-widget elementor-widget-heading\" data-id=\"052b8ca\" data-element_type=\"widget\" data-widget_type=\"heading.default\">\n\t\t\t\t<div class=\"elementor-widget-container\">\n\t\t\t<style>\/*! elementor - v3.17.0 - 08-11-2023 *\/\n.elementor-heading-title{padding:0;margin:0;line-height:1}.elementor-widget-heading .elementor-heading-title[class*=elementor-size-]>a{color:inherit;font-size:inherit;line-height:inherit}.elementor-widget-heading .elementor-heading-title.elementor-size-small{font-size:15px}.elementor-widget-heading .elementor-heading-title.elementor-size-medium{font-size:19px}.elementor-widget-heading .elementor-heading-title.elementor-size-large{font-size:29px}.elementor-widget-heading .elementor-heading-title.elementor-size-xl{font-size:39px}.elementor-widget-heading .elementor-heading-title.elementor-size-xxl{font-size:59px}<\/style><h3 class=\"elementor-heading-title elementor-size-default\">Baltischer Bernstein<\/h3>\t\t<\/div>\n\t\t\t\t<\/div>\n\t\t\t\t<div class=\"elementor-element elementor-element-0ff0774 elementor-widget elementor-widget-text-editor\" data-id=\"0ff0774\" data-element_type=\"widget\" data-widget_type=\"text-editor.default\">\n\t\t\t\t<div class=\"elementor-widget-container\">\n\t\t\t<style>\/*! elementor - v3.17.0 - 08-11-2023 *\/\n.elementor-widget-text-editor.elementor-drop-cap-view-stacked .elementor-drop-cap{background-color:#69727d;color:#fff}.elementor-widget-text-editor.elementor-drop-cap-view-framed .elementor-drop-cap{color:#69727d;border:3px solid;background-color:transparent}.elementor-widget-text-editor:not(.elementor-drop-cap-view-default) .elementor-drop-cap{margin-top:8px}.elementor-widget-text-editor:not(.elementor-drop-cap-view-default) .elementor-drop-cap-letter{width:1em;height:1em}.elementor-widget-text-editor .elementor-drop-cap{float:left;text-align:center;line-height:1;font-size:50px}.elementor-widget-text-editor .elementor-drop-cap-letter{display:inline-block}<\/style>\t\t\t\tDanzig, mit dem Meer und dem \u201ebaltischen Gold Nordens\u201d eng verbunden, pflegte seit Jahrhunderten die Traditionen der\u00a0<strong>Bernsteinkunst.<\/strong>\t\t\t\t\t\t<\/div>\n\t\t\t\t<\/div>\n\t\t\t\t<div class=\"elementor-element elementor-element-ffaff1c elementor-widget elementor-widget-text-editor\" data-id=\"ffaff1c\" data-element_type=\"widget\" data-widget_type=\"text-editor.default\">\n\t\t\t\t<div class=\"elementor-widget-container\">\n\t\t\t\t\t\t\t<p>Danzig liegt an der Schnittstelle historischer und gegenw\u00e4rtiger Bernsteinstra\u00dfen, genannt auch als Weichselstra\u00dfe, die die Region Danzig mit Mittelmeerl\u00e4ndern verband. Die historischen Landwege Europas f\u00fcr Kultur und Handel verliefen l\u00e4ngs Hauptfl\u00fcsse, u.a. der Weichsel und f\u00fchrten nach S\u00fcden in Richtung Schwarzes Meer, bis Rom (r\u00f6mische Stra\u00dfe bis nach Aquilea) und nach Griechenland (hellenische Stra\u00dfe nach Alexandropolis).<\/p><p>Die Bernsteinschnitzer Danzigs schufen hier ihre eigene Schule der Bernsteinbearbeitung und der Qualit\u00e4t ihrer Erzeugnisse kommt keiner in der ganzen Welt gleich. Der baltische Bernstein, genannt auch Sukzinit, ist versteinertes Harz mit einem relativ hohen Anteil der Bernsteins\u00e4ure, die \u00fcber dessen au\u00dfergew\u00f6hnliche Heileigenschaften entscheidet. Als ein wichtiges Zentrum f\u00fcr Gewinnen und Bearbeiten dieses ungew\u00f6hnlichen Minerals, das sich sowohl fr\u00fcher als auch heutzutage pr\u00e4chtiger Kunstwerke und\u00a0<strong>Schmuck aus Bernstein<\/strong>\u00a0r\u00fchmte, ist Danzig ein bedeutendes wissenschaftliches Zentrum f\u00fcr diese Thematik, Sitz der Landeswirtschaftskammer f\u00fcr\u00a0<strong>Bernstein<\/strong>, sowie des Internationalen Verbandes f\u00fcr Bernsteinschnitzer, Gastgeber f\u00fcr die weltgr\u00f6\u00dften Bernsteinmessen f\u00fcr\u00a0<strong>Schmuck<\/strong>.<\/p><p>Mehr Informationen zum Thema:\u00a0<strong><a class=\"external-link-new-window\" href=\"http:\/\/de.wikipedia.org\/wiki\/Bernstein#Baltischer_Bernstein\" target=\"_blank\" rel=\"noopener\">Baltischer Bernstein<\/a><\/strong>\u00a0lesen Sie auf Wikipedia<\/p>\t\t\t\t\t\t<\/div>\n\t\t\t\t<\/div>\n\t\t\t\t<div class=\"elementor-element elementor-element-a8ba132 elementor-widget elementor-widget-image\" data-id=\"a8ba132\" data-element_type=\"widget\" data-widget_type=\"image.default\">\n\t\t\t\t<div class=\"elementor-widget-container\">\n\t\t\t\t\t\t\t\t\t\t\t\t\t\t\t<img loading=\"lazy\" decoding=\"async\" width=\"1741\" height=\"610\" src=\"https:\/\/www.amberemotion.com\/wp-content\/uploads\/2021\/07\/gdansk01.png\" class=\"attachment-full size-full wp-image-1245\" alt=\"\" srcset=\"https:\/\/www.amberemotion.com\/wp-content\/uploads\/2021\/07\/gdansk01.png 1741w, https:\/\/www.amberemotion.com\/wp-content\/uploads\/2021\/07\/gdansk01-600x210.png 600w, https:\/\/www.amberemotion.com\/wp-content\/uploads\/2021\/07\/gdansk01-1024x359.png 1024w, https:\/\/www.amberemotion.com\/wp-content\/uploads\/2021\/07\/gdansk01-768x269.png 768w, https:\/\/www.amberemotion.com\/wp-content\/uploads\/2021\/07\/gdansk01-1536x538.png 1536w, https:\/\/www.amberemotion.com\/wp-content\/uploads\/2021\/07\/gdansk01-640x224.png 640w, https:\/\/www.amberemotion.com\/wp-content\/uploads\/2021\/07\/gdansk01-400x140.png 400w\" sizes=\"auto, (max-width: 1741px) 100vw, 1741px\" \/>\t\t\t\t\t\t\t\t\t\t\t\t\t\t\t<\/div>\n\t\t\t\t<\/div>\n\t\t\t\t\t<\/div>\r\n\t\t\t\t<\/div>\r\n\t\t\t\t\t<\/div>\r\n\t\t\t\t<\/section>\r\n\t\t\t\t\t\t\t<\/div>\n\t\t","protected":false},"excerpt":{"rendered":"<p>Baltischer Bernstein Danzig, mit dem Meer und dem \u201ebaltischen Gold Nordens\u201d eng verbunden, pflegte seit Jahrhunderten die Traditionen der\u00a0Bernsteinkunst. Danzig liegt an der Schnittstelle historischer und gegenw\u00e4rtiger Bernsteinstra\u00dfen, genannt auch als Weichselstra\u00dfe, die die Region Danzig mit Mittelmeerl\u00e4ndern verband. Die historischen Landwege Europas f\u00fcr Kultur und Handel verliefen l\u00e4ngs Hauptfl\u00fcsse, u.a. der Weichsel und f\u00fchrten [&hellip;]<\/p>\n","protected":false},"author":4,"featured_media":0,"parent":4942,"menu_order":0,"comment_status":"closed","ping_status":"closed","template":"","meta":{"footnotes":""},"class_list":["post-4940","page","type-page","status-publish","hentry"],"acf":[],"aioseo_notices":[],"_links":{"self":[{"href":"https:\/\/www.amberemotion.com\/pl\/wp-json\/wp\/v2\/pages\/4940","targetHints":{"allow":["GET"]}}],"collection":[{"href":"https:\/\/www.amberemotion.com\/pl\/wp-json\/wp\/v2\/pages"}],"about":[{"href":"https:\/\/www.amberemotion.com\/pl\/wp-json\/wp\/v2\/types\/page"}],"author":[{"embeddable":true,"href":"https:\/\/www.amberemotion.com\/pl\/wp-json\/wp\/v2\/users\/4"}],"replies":[{"embeddable":true,"href":"https:\/\/www.amberemotion.com\/pl\/wp-json\/wp\/v2\/comments?post=4940"}],"version-history":[{"count":0,"href":"https:\/\/www.amberemotion.com\/pl\/wp-json\/wp\/v2\/pages\/4940\/revisions"}],"up":[{"embeddable":true,"href":"https:\/\/www.amberemotion.com\/pl\/wp-json\/wp\/v2\/pages\/4942"}],"wp:attachment":[{"href":"https:\/\/www.amberemotion.com\/pl\/wp-json\/wp\/v2\/media?parent=4940"}],"curies":[{"name":"wp","href":"https:\/\/api.w.org\/{rel}","templated":true}]}}