{"id":4935,"date":"2021-07-09T22:21:45","date_gmt":"2021-07-09T20:21:45","guid":{"rendered":"https:\/\/www.amberemotion.com\/bernsteinschmuck\/"},"modified":"2021-07-09T22:21:45","modified_gmt":"2021-07-09T20:21:45","slug":"bernsteinschmuck","status":"publish","type":"page","link":"https:\/\/www.amberemotion.com\/pl\/bernsteinschmuck.html","title":{"rendered":"Bernsteinschmuck"},"content":{"rendered":"\t\t<div data-elementor-type=\"wp-page\" data-elementor-id=\"4935\" class=\"elementor elementor-4935 elementor-1153\">\n\t\t\t\t\t\t\t\t\t<section class=\"elementor-section elementor-top-section elementor-element elementor-element-c9aa35f elementor-section-content-middle elementor-section-full_width elementor-section-height-default elementor-section-height-default\" data-id=\"c9aa35f\" data-element_type=\"section\">\r\n\t\t\r\n\t\t\t\t\t\t\t<div class=\"elementor-container elementor-column-gap-no\">\r\n\t\t\t\t\t\t\t\t\t\t\t<div class=\"elementor-column elementor-col-100 elementor-top-column elementor-element elementor-element-ea601f1\" data-id=\"ea601f1\" data-element_type=\"column\">\r\n\t\t\t\t\t<div class=\"elementor-widget-wrap elementor-element-populated\">\r\n\t\t\t\t\t\t\t\t<div class=\"elementor-element elementor-element-b0f56b2 elementor-widget elementor-widget-image\" data-id=\"b0f56b2\" data-element_type=\"widget\" data-widget_type=\"image.default\">\n\t\t\t\t<div class=\"elementor-widget-container\">\n\t\t\t<style>\/*! elementor - v3.17.0 - 08-11-2023 *\/\n.elementor-widget-image{text-align:center}.elementor-widget-image a{display:inline-block}.elementor-widget-image a img[src$=\".svg\"]{width:48px}.elementor-widget-image img{vertical-align:middle;display:inline-block}<\/style>\t\t\t\t\t\t\t\t\t\t\t\t<img loading=\"lazy\" decoding=\"async\" width=\"1741\" height=\"610\" src=\"https:\/\/www.amberemotion.com\/wp-content\/uploads\/2021\/07\/bursztynbg02.png\" class=\"attachment-full size-full wp-image-1223\" alt=\"\" srcset=\"https:\/\/www.amberemotion.com\/wp-content\/uploads\/2021\/07\/bursztynbg02.png 1741w, https:\/\/www.amberemotion.com\/wp-content\/uploads\/2021\/07\/bursztynbg02-600x210.png 600w, https:\/\/www.amberemotion.com\/wp-content\/uploads\/2021\/07\/bursztynbg02-1024x359.png 1024w, https:\/\/www.amberemotion.com\/wp-content\/uploads\/2021\/07\/bursztynbg02-768x269.png 768w, https:\/\/www.amberemotion.com\/wp-content\/uploads\/2021\/07\/bursztynbg02-1536x538.png 1536w, https:\/\/www.amberemotion.com\/wp-content\/uploads\/2021\/07\/bursztynbg02-640x224.png 640w, https:\/\/www.amberemotion.com\/wp-content\/uploads\/2021\/07\/bursztynbg02-400x140.png 400w\" sizes=\"auto, (max-width: 1741px) 100vw, 1741px\" \/>\t\t\t\t\t\t\t\t\t\t\t\t\t\t\t<\/div>\n\t\t\t\t<\/div>\n\t\t\t\t<div class=\"elementor-element elementor-element-819c3db elementor-widget elementor-widget-heading\" data-id=\"819c3db\" data-element_type=\"widget\" data-widget_type=\"heading.default\">\n\t\t\t\t<div class=\"elementor-widget-container\">\n\t\t\t<style>\/*! elementor - v3.17.0 - 08-11-2023 *\/\n.elementor-heading-title{padding:0;margin:0;line-height:1}.elementor-widget-heading .elementor-heading-title[class*=elementor-size-]>a{color:inherit;font-size:inherit;line-height:inherit}.elementor-widget-heading .elementor-heading-title.elementor-size-small{font-size:15px}.elementor-widget-heading .elementor-heading-title.elementor-size-medium{font-size:19px}.elementor-widget-heading .elementor-heading-title.elementor-size-large{font-size:29px}.elementor-widget-heading .elementor-heading-title.elementor-size-xl{font-size:39px}.elementor-widget-heading .elementor-heading-title.elementor-size-xxl{font-size:59px}<\/style><h3 class=\"elementor-heading-title elementor-size-default\">Bernsteinschmuck modern<\/h3>\t\t<\/div>\n\t\t\t\t<\/div>\n\t\t\t\t<div class=\"elementor-element elementor-element-076e7c6 elementor-widget elementor-widget-text-editor\" data-id=\"076e7c6\" data-element_type=\"widget\" data-widget_type=\"text-editor.default\">\n\t\t\t\t<div class=\"elementor-widget-container\">\n\t\t\t<style>\/*! elementor - v3.17.0 - 08-11-2023 *\/\n.elementor-widget-text-editor.elementor-drop-cap-view-stacked .elementor-drop-cap{background-color:#69727d;color:#fff}.elementor-widget-text-editor.elementor-drop-cap-view-framed .elementor-drop-cap{color:#69727d;border:3px solid;background-color:transparent}.elementor-widget-text-editor:not(.elementor-drop-cap-view-default) .elementor-drop-cap{margin-top:8px}.elementor-widget-text-editor:not(.elementor-drop-cap-view-default) .elementor-drop-cap-letter{width:1em;height:1em}.elementor-widget-text-editor .elementor-drop-cap{float:left;text-align:center;line-height:1;font-size:50px}.elementor-widget-text-editor .elementor-drop-cap-letter{display:inline-block}<\/style>\t\t\t\tL\u00f6sen Sie sich von dem Bild, dass\u00a0<strong>Bernstein<\/strong>\u00a0der\u00a0<strong>Schmuck<\/strong>\u00a0Ihrer Gro\u00dfmutter ist. a<b>e<\/b>\u00a0beweist, dass der honigfarbene Bernstein auch \u00fcberraschend extravagant und design\u00a0aussehen kann.\u00a0<strong>Moderner Bernsteinschmuck<\/strong>\u00a0von zeitloser Eleganz und ausgefallenem Design.\t\t\t\t\t\t<\/div>\n\t\t\t\t<\/div>\n\t\t\t\t<section class=\"elementor-section elementor-inner-section elementor-element elementor-element-0f74f31 elementor-section-boxed elementor-section-height-default elementor-section-height-default\" data-id=\"0f74f31\" data-element_type=\"section\">\r\n\t\t\r\n\t\t\t\t\t\t\t<div class=\"elementor-container elementor-column-gap-default\">\r\n\t\t\t\t\t\t\t\t\t\t\t<div class=\"elementor-column elementor-col-100 elementor-inner-column elementor-element elementor-element-5e334aa\" data-id=\"5e334aa\" data-element_type=\"column\">\r\n\t\t\t\t\t<div class=\"elementor-widget-wrap elementor-element-populated\">\r\n\t\t\t\t\t\t\t\t<div class=\"elementor-element elementor-element-2b48caf elementor-widget elementor-widget-text-editor\" data-id=\"2b48caf\" data-element_type=\"widget\" data-widget_type=\"text-editor.default\">\n\t\t\t\t<div class=\"elementor-widget-container\">\n\t\t\t\t\t\t\t<p class=\"bodytext\">Besonders aufregend ist, dass es sich bei jedem Schmuckst\u00fcck von ae\u00a0um ein absolutes Unikat handelt.<\/p><p class=\"bodytext\">Anders als bei herk\u00f6mmlichen <strong>Bernsteinschmuck<\/strong>\u00a0werden die Bernsteine bei der Verarbeitung nicht erhitzt und miteinander verpresst, sondern so belassen wie sie die Natur gemacht hat \u2013 mit markanten Oberfl\u00e4chenstrukturen und vielf\u00e4ltigen Farbnuancen, die von einem schmeichelhaften Eierlik\u00f6r-Gelb bis zum edlen Cognac-Braun reichen k\u00f6nnen. Klassisch geformte Fassungen aus hochwertigem 925er Sterling-Silber sorgen daf\u00fcr, dass der eigene Charakter eines jeden Bernsteins optimal zur Geltung kommt \u2013 ein attraktiver Kontrast, der auch anspruchsvolle Schmuckliebhaberinnen begeistern wird.<\/p><p class=\"bodytext\">Egal ob\u00a0<strong><a class=\"internal-link\" href=\"https:\/\/www.amberemotion.com\/ringe.html\">Bernsteinringe<\/a><\/strong>, Ohrringe, Armb\u00e4nder oder Colliers: diese eigenwilligen Unikate werden die Blicke garantiert auf sich ziehen.\u00a0Lassen Sie sich faszinieren von dem neuen, ungew\u00f6hnlichen\u00a0<strong>modernen Bernsteinschmuck<\/strong>\u00a0von amberemotion und genie\u00dfen Sie es, ein Schmuckst\u00fcck zu besitzen, das nicht jeder hat<\/p>\t\t\t\t\t\t<\/div>\n\t\t\t\t<\/div>\n\t\t\t\t<div class=\"elementor-element elementor-element-47849e3 elementor-widget elementor-widget-image\" data-id=\"47849e3\" data-element_type=\"widget\" data-widget_type=\"image.default\">\n\t\t\t\t<div class=\"elementor-widget-container\">\n\t\t\t\t\t\t\t\t\t\t\t\t\t\t\t<img loading=\"lazy\" decoding=\"async\" width=\"1741\" height=\"610\" src=\"https:\/\/www.amberemotion.com\/wp-content\/uploads\/2021\/07\/bursztynbg04.png\" class=\"attachment-full size-full wp-image-1274\" alt=\"\" srcset=\"https:\/\/www.amberemotion.com\/wp-content\/uploads\/2021\/07\/bursztynbg04.png 1741w, https:\/\/www.amberemotion.com\/wp-content\/uploads\/2021\/07\/bursztynbg04-600x210.png 600w, https:\/\/www.amberemotion.com\/wp-content\/uploads\/2021\/07\/bursztynbg04-1024x359.png 1024w, https:\/\/www.amberemotion.com\/wp-content\/uploads\/2021\/07\/bursztynbg04-768x269.png 768w, https:\/\/www.amberemotion.com\/wp-content\/uploads\/2021\/07\/bursztynbg04-1536x538.png 1536w, https:\/\/www.amberemotion.com\/wp-content\/uploads\/2021\/07\/bursztynbg04-640x224.png 640w, https:\/\/www.amberemotion.com\/wp-content\/uploads\/2021\/07\/bursztynbg04-400x140.png 400w\" sizes=\"auto, (max-width: 1741px) 100vw, 1741px\" \/>\t\t\t\t\t\t\t\t\t\t\t\t\t\t\t<\/div>\n\t\t\t\t<\/div>\n\t\t\t\t\t<\/div>\r\n\t\t\t\t<\/div>\r\n\t\t\t\t\t<\/div>\r\n\t\t\t\t<\/section>\r\n\t\t\t\t<section class=\"elementor-section elementor-inner-section elementor-element elementor-element-c984500 elementor-section-boxed elementor-section-height-default elementor-section-height-default\" data-id=\"c984500\" data-element_type=\"section\">\r\n\t\t\r\n\t\t\t\t\t\t\t<div class=\"elementor-container elementor-column-gap-default\">\r\n\t\t\t\t\t\t\t\t\t\t\t<div class=\"elementor-column elementor-col-100 elementor-inner-column elementor-element elementor-element-6151b49\" data-id=\"6151b49\" data-element_type=\"column\">\r\n\t\t\t\t\t<div class=\"elementor-widget-wrap elementor-element-populated\">\r\n\t\t\t\t\t\t\t\t<div class=\"elementor-element elementor-element-30cfb41 elementor-widget elementor-widget-porto_ultimate_heading\" data-id=\"30cfb41\" data-element_type=\"widget\" data-widget_type=\"porto_ultimate_heading.default\">\n\t\t\t\t<div class=\"elementor-widget-container\">\n\t\t\t<div class=\"porto-u-heading  porto-u-9918\"><div class=\"porto-u-main-heading\"><h2   >Bernsteinschmuck<\/h2><\/div><div class=\"porto-u-sub-heading\" style=\"\"><p>(<b>im Handel<\/b>)<\/p><\/div><style>.porto-u-9918.porto-u-heading{text-align:left}<\/style><\/div>\t\t<\/div>\n\t\t\t\t<\/div>\n\t\t\t\t<div class=\"elementor-element elementor-element-91b0267 elementor-widget elementor-widget-text-editor\" data-id=\"91b0267\" data-element_type=\"widget\" data-widget_type=\"text-editor.default\">\n\t\t\t\t<div class=\"elementor-widget-container\">\n\t\t\t\t\t\t\t<p>Es gibt am Markt eine gro\u00dfe Auswahl an\u00a0<strong>Bernsteinschmuck<\/strong>. Man kann ihn in unterschiedlichen Farben und Formen bekommen. In meisten F\u00e4llen handelt es sich hier um einen Pressbernstein, der im Handel auch als \u201eEcht-Bernstein\u201c oder \u201eEchter Bernstein\u201c bezeichnet wird und mit dem Naturbernstein nichts zu tun hat. Pressbernstein ist n\u00e4mlich nicht der nat\u00fcrlich entstandene Bernstein und darf auch stofflich ver\u00e4ndert werden. Er ist ein Produkt, das aus Schleifresten und kleinen St\u00fccken gefertigt wird. Meist wird er hergestellt, indem Naturbernsteine so lange erhitzt und dann unter starkem Druck zusammengepresst werden. Durch Hitze und Druck lassen sich nicht nur unterschiedliche Farbt\u00f6ne, sondern auch klare und tr\u00fcbe geformte Pressbernsteine herstellen. Die ganze Arbeit wird von Maschinen gemacht. Dies erm\u00f6glicht, dass alle Modelle gleich aussehen. Dieser\u00a0<strong>Bernsteinschmuck<\/strong>\u00a0ist sehr g\u00fcnstig und Sie k\u00f6nnen von diesem Schmuck hunderte gleiche Ringe, Halsketten oder Armb\u00e4nder kaufen.<\/p>\t\t\t\t\t\t<\/div>\n\t\t\t\t<\/div>\n\t\t\t\t<div class=\"elementor-element elementor-element-fb90d5e elementor-widget elementor-widget-porto_button\" data-id=\"fb90d5e\" data-element_type=\"widget\" data-widget_type=\"porto_button.default\">\n\t\t\t\t<div class=\"elementor-widget-container\">\n\t\t\t<a aria-label=\"button\" class=\"btn btn-lg btn-default btn-borders btn-icon btn-icon-right hover-icon-right\" href=\"\/shop\"><span > zum Schmuck Shop<\/span><i class=\"fas fa-long-arrow-alt-right\"><\/i><\/a>\t\t<\/div>\n\t\t\t\t<\/div>\n\t\t\t\t\t<\/div>\r\n\t\t\t\t<\/div>\r\n\t\t\t\t\t<\/div>\r\n\t\t\t\t<\/section>\r\n\t\t\t\t\t<\/div>\r\n\t\t\t\t<\/div>\r\n\t\t\t\t\t<\/div>\r\n\t\t\t\t<\/section>\r\n\t\t\t\t\t\t\t<\/div>\n\t\t","protected":false},"excerpt":{"rendered":"<p>Bernsteinschmuck modern L\u00f6sen Sie sich von dem Bild, dass\u00a0Bernstein\u00a0der\u00a0Schmuck\u00a0Ihrer Gro\u00dfmutter ist. ae\u00a0beweist, dass der honigfarbene Bernstein auch \u00fcberraschend extravagant und design\u00a0aussehen kann.\u00a0Moderner Bernsteinschmuck\u00a0von zeitloser Eleganz und ausgefallenem Design. Besonders aufregend ist, dass es sich bei jedem Schmuckst\u00fcck von ae\u00a0um ein absolutes Unikat handelt. Anders als bei herk\u00f6mmlichen Bernsteinschmuck\u00a0werden die Bernsteine bei der Verarbeitung nicht erhitzt [&hellip;]<\/p>\n","protected":false},"author":4,"featured_media":0,"parent":4942,"menu_order":0,"comment_status":"closed","ping_status":"closed","template":"","meta":{"footnotes":""},"class_list":["post-4935","page","type-page","status-publish","hentry"],"acf":[],"aioseo_notices":[],"_links":{"self":[{"href":"https:\/\/www.amberemotion.com\/pl\/wp-json\/wp\/v2\/pages\/4935","targetHints":{"allow":["GET"]}}],"collection":[{"href":"https:\/\/www.amberemotion.com\/pl\/wp-json\/wp\/v2\/pages"}],"about":[{"href":"https:\/\/www.amberemotion.com\/pl\/wp-json\/wp\/v2\/types\/page"}],"author":[{"embeddable":true,"href":"https:\/\/www.amberemotion.com\/pl\/wp-json\/wp\/v2\/users\/4"}],"replies":[{"embeddable":true,"href":"https:\/\/www.amberemotion.com\/pl\/wp-json\/wp\/v2\/comments?post=4935"}],"version-history":[{"count":0,"href":"https:\/\/www.amberemotion.com\/pl\/wp-json\/wp\/v2\/pages\/4935\/revisions"}],"up":[{"embeddable":true,"href":"https:\/\/www.amberemotion.com\/pl\/wp-json\/wp\/v2\/pages\/4942"}],"wp:attachment":[{"href":"https:\/\/www.amberemotion.com\/pl\/wp-json\/wp\/v2\/media?parent=4935"}],"curies":[{"name":"wp","href":"https:\/\/api.w.org\/{rel}","templated":true}]}}