{"id":4928,"date":"2021-07-09T22:22:43","date_gmt":"2021-07-09T20:22:43","guid":{"rendered":"https:\/\/www.amberemotion.com\/nephrit\/"},"modified":"2021-07-09T22:22:43","modified_gmt":"2021-07-09T20:22:43","slug":"nephrit","status":"publish","type":"page","link":"https:\/\/www.amberemotion.com\/pl\/nephrit.html","title":{"rendered":"Nephrit"},"content":{"rendered":"\t\t<div data-elementor-type=\"wp-page\" data-elementor-id=\"4928\" class=\"elementor elementor-4928 elementor-1159\">\n\t\t\t\t\t\t\t\t\t<section class=\"elementor-section elementor-top-section elementor-element elementor-element-85ef42b elementor-section-content-middle elementor-section-full_width elementor-section-height-default elementor-section-height-default\" data-id=\"85ef42b\" data-element_type=\"section\">\r\n\t\t\r\n\t\t\t\t\t\t\t<div class=\"elementor-container elementor-column-gap-no\">\r\n\t\t\t\t\t\t\t\t\t\t\t<div class=\"elementor-column elementor-col-100 elementor-top-column elementor-element elementor-element-d1d5b06\" data-id=\"d1d5b06\" data-element_type=\"column\">\r\n\t\t\t\t\t<div class=\"elementor-widget-wrap elementor-element-populated\">\r\n\t\t\t\t\t\t\t\t<div class=\"elementor-element elementor-element-5d74ee1 elementor-widget elementor-widget-image\" data-id=\"5d74ee1\" data-element_type=\"widget\" data-widget_type=\"image.default\">\n\t\t\t\t<div class=\"elementor-widget-container\">\n\t\t\t<style>\/*! elementor - v3.17.0 - 08-11-2023 *\/\n.elementor-widget-image{text-align:center}.elementor-widget-image a{display:inline-block}.elementor-widget-image a img[src$=\".svg\"]{width:48px}.elementor-widget-image img{vertical-align:middle;display:inline-block}<\/style>\t\t\t\t\t\t\t\t\t\t\t\t<img loading=\"lazy\" decoding=\"async\" width=\"1500\" height=\"526\" src=\"https:\/\/www.amberemotion.com\/wp-content\/uploads\/2021\/07\/nephryt01.png\" class=\"attachment-full size-full wp-image-1366\" alt=\"\" srcset=\"https:\/\/www.amberemotion.com\/wp-content\/uploads\/2021\/07\/nephryt01.png 1500w, https:\/\/www.amberemotion.com\/wp-content\/uploads\/2021\/07\/nephryt01-600x210.png 600w, https:\/\/www.amberemotion.com\/wp-content\/uploads\/2021\/07\/nephryt01-1024x359.png 1024w, https:\/\/www.amberemotion.com\/wp-content\/uploads\/2021\/07\/nephryt01-768x269.png 768w, https:\/\/www.amberemotion.com\/wp-content\/uploads\/2021\/07\/nephryt01-640x224.png 640w, https:\/\/www.amberemotion.com\/wp-content\/uploads\/2021\/07\/nephryt01-400x140.png 400w\" sizes=\"auto, (max-width: 1500px) 100vw, 1500px\" \/>\t\t\t\t\t\t\t\t\t\t\t\t\t\t\t<\/div>\n\t\t\t\t<\/div>\n\t\t\t\t<div class=\"elementor-element elementor-element-8c95380 elementor-widget elementor-widget-heading\" data-id=\"8c95380\" data-element_type=\"widget\" data-widget_type=\"heading.default\">\n\t\t\t\t<div class=\"elementor-widget-container\">\n\t\t\t<style>\/*! elementor - v3.17.0 - 08-11-2023 *\/\n.elementor-heading-title{padding:0;margin:0;line-height:1}.elementor-widget-heading .elementor-heading-title[class*=elementor-size-]>a{color:inherit;font-size:inherit;line-height:inherit}.elementor-widget-heading .elementor-heading-title.elementor-size-small{font-size:15px}.elementor-widget-heading .elementor-heading-title.elementor-size-medium{font-size:19px}.elementor-widget-heading .elementor-heading-title.elementor-size-large{font-size:29px}.elementor-widget-heading .elementor-heading-title.elementor-size-xl{font-size:39px}.elementor-widget-heading .elementor-heading-title.elementor-size-xxl{font-size:59px}<\/style><h3 class=\"elementor-heading-title elementor-size-default\">Nephrit<\/h3>\t\t<\/div>\n\t\t\t\t<\/div>\n\t\t\t\t<div class=\"elementor-element elementor-element-7d8ebf5 elementor-widget elementor-widget-text-editor\" data-id=\"7d8ebf5\" data-element_type=\"widget\" data-widget_type=\"text-editor.default\">\n\t\t\t\t<div class=\"elementor-widget-container\">\n\t\t\t<style>\/*! elementor - v3.17.0 - 08-11-2023 *\/\n.elementor-widget-text-editor.elementor-drop-cap-view-stacked .elementor-drop-cap{background-color:#69727d;color:#fff}.elementor-widget-text-editor.elementor-drop-cap-view-framed .elementor-drop-cap{color:#69727d;border:3px solid;background-color:transparent}.elementor-widget-text-editor:not(.elementor-drop-cap-view-default) .elementor-drop-cap{margin-top:8px}.elementor-widget-text-editor:not(.elementor-drop-cap-view-default) .elementor-drop-cap-letter{width:1em;height:1em}.elementor-widget-text-editor .elementor-drop-cap{float:left;text-align:center;line-height:1;font-size:50px}.elementor-widget-text-editor .elementor-drop-cap-letter{display:inline-block}<\/style>\t\t\t\t<p>Der\u00a0<strong>Nephrit<\/strong>\u00a0ist ein Mischkristal, der aus ca. zwei verschiedenen chemischen Elementen besteht.<br \/>Mit seiner feinen und faserigen Masse gilt er als Jade-Art und geh\u00f6rtt zu den begehrtesten und sch\u00f6nsten Schmucksteinen.<\/p>\t\t\t\t\t\t<\/div>\n\t\t\t\t<\/div>\n\t\t\t\t<div class=\"elementor-element elementor-element-7584fb0 elementor-widget elementor-widget-text-editor\" data-id=\"7584fb0\" data-element_type=\"widget\" data-widget_type=\"text-editor.default\">\n\t\t\t\t<div class=\"elementor-widget-container\">\n\t\t\t\t\t\t\t<p class=\"bodytext\">m Handel wird\u00a0<strong>Nephrit<\/strong>\u00a0mit Jadeit in Verbindung gebracht und auch als &#8222;Russisch Jade&#8221; angeboten.<\/p><p class=\"bodytext\">F\u00fcr die Chinesen symbolisiert\u00a0<strong>Nephrit<\/strong>: Weisheit, Barmherzigkeit, Gerechtigkeit, Mut und Bescheidenheit.<\/p><p class=\"bodytext\">Im Volksglauben sagt man dem Stein heilende Kr\u00e4fte f\u00fcr Nieren, Blase und Harnwege nach und f\u00fcr die Esoteriker sollte Nephrit als Heilstein f\u00fcr Sehkraft gelten, Kreativit\u00e4t bringen und gegen Albtr\u00e4ume und &#8222;falsche Freunde&#8221; sch\u00fctzen.<br \/><br \/>\u00a0<br \/>Mehr Informationen zu diesem Thema lesen Sie bitte auf Wikipedia:\u00a0<a class=\"external-link-new-window\" href=\"http:\/\/de.wikipedia.org\/wiki\/Nephrit\" target=\"_blank\" rel=\"noopener\">Nephrit<\/a>\u00a0oder BeyArs:\u00a0<a class=\"external-link-new-window\" href=\"http:\/\/www.beyars.com\/edelstein-knigge\/lexikon_361.html\" target=\"_blank\" rel=\"noopener\">Nephrit<\/a><\/p>\t\t\t\t\t\t<\/div>\n\t\t\t\t<\/div>\n\t\t\t\t<div class=\"elementor-element elementor-element-0509081 elementor-widget elementor-widget-image\" data-id=\"0509081\" data-element_type=\"widget\" data-widget_type=\"image.default\">\n\t\t\t\t<div class=\"elementor-widget-container\">\n\t\t\t\t\t\t\t\t\t\t\t\t\t\t\t<img loading=\"lazy\" decoding=\"async\" width=\"1500\" height=\"526\" src=\"https:\/\/www.amberemotion.com\/wp-content\/uploads\/2021\/07\/nephryt02.png\" class=\"attachment-full size-full wp-image-1365\" alt=\"\" srcset=\"https:\/\/www.amberemotion.com\/wp-content\/uploads\/2021\/07\/nephryt02.png 1500w, https:\/\/www.amberemotion.com\/wp-content\/uploads\/2021\/07\/nephryt02-600x210.png 600w, https:\/\/www.amberemotion.com\/wp-content\/uploads\/2021\/07\/nephryt02-1024x359.png 1024w, https:\/\/www.amberemotion.com\/wp-content\/uploads\/2021\/07\/nephryt02-768x269.png 768w, https:\/\/www.amberemotion.com\/wp-content\/uploads\/2021\/07\/nephryt02-640x224.png 640w, https:\/\/www.amberemotion.com\/wp-content\/uploads\/2021\/07\/nephryt02-400x140.png 400w\" sizes=\"auto, (max-width: 1500px) 100vw, 1500px\" \/>\t\t\t\t\t\t\t\t\t\t\t\t\t\t\t<\/div>\n\t\t\t\t<\/div>\n\t\t\t\t\t<\/div>\r\n\t\t\t\t<\/div>\r\n\t\t\t\t\t<\/div>\r\n\t\t\t\t<\/section>\r\n\t\t\t\t\t\t\t<\/div>\n\t\t","protected":false},"excerpt":{"rendered":"<p>Nephrit Der\u00a0Nephrit\u00a0ist ein Mischkristal, der aus ca. zwei verschiedenen chemischen Elementen besteht.Mit seiner feinen und faserigen Masse gilt er als Jade-Art und geh\u00f6rtt zu den begehrtesten und sch\u00f6nsten Schmucksteinen. m Handel wird\u00a0Nephrit\u00a0mit Jadeit in Verbindung gebracht und auch als &#8222;Russisch Jade&#8221; angeboten. F\u00fcr die Chinesen symbolisiert\u00a0Nephrit: Weisheit, Barmherzigkeit, Gerechtigkeit, Mut und Bescheidenheit. Im Volksglauben sagt [&hellip;]<\/p>\n","protected":false},"author":4,"featured_media":0,"parent":4942,"menu_order":0,"comment_status":"closed","ping_status":"closed","template":"","meta":{"footnotes":""},"class_list":["post-4928","page","type-page","status-publish","hentry"],"acf":[],"aioseo_notices":[],"_links":{"self":[{"href":"https:\/\/www.amberemotion.com\/pl\/wp-json\/wp\/v2\/pages\/4928","targetHints":{"allow":["GET"]}}],"collection":[{"href":"https:\/\/www.amberemotion.com\/pl\/wp-json\/wp\/v2\/pages"}],"about":[{"href":"https:\/\/www.amberemotion.com\/pl\/wp-json\/wp\/v2\/types\/page"}],"author":[{"embeddable":true,"href":"https:\/\/www.amberemotion.com\/pl\/wp-json\/wp\/v2\/users\/4"}],"replies":[{"embeddable":true,"href":"https:\/\/www.amberemotion.com\/pl\/wp-json\/wp\/v2\/comments?post=4928"}],"version-history":[{"count":0,"href":"https:\/\/www.amberemotion.com\/pl\/wp-json\/wp\/v2\/pages\/4928\/revisions"}],"up":[{"embeddable":true,"href":"https:\/\/www.amberemotion.com\/pl\/wp-json\/wp\/v2\/pages\/4942"}],"wp:attachment":[{"href":"https:\/\/www.amberemotion.com\/pl\/wp-json\/wp\/v2\/media?parent=4928"}],"curies":[{"name":"wp","href":"https:\/\/api.w.org\/{rel}","templated":true}]}}