{"id":4925,"date":"2021-07-09T22:22:58","date_gmt":"2021-07-09T20:22:58","guid":{"rendered":"https:\/\/www.amberemotion.com\/partnerringe\/"},"modified":"2021-07-09T22:22:58","modified_gmt":"2021-07-09T20:22:58","slug":"partnerringe","status":"publish","type":"page","link":"https:\/\/www.amberemotion.com\/pl\/partnerringe.html","title":{"rendered":"Partnerringe"},"content":{"rendered":"\t\t<div data-elementor-type=\"wp-page\" data-elementor-id=\"4925\" class=\"elementor elementor-4925 elementor-1161\">\n\t\t\t\t\t\t\t\t\t<section class=\"elementor-section elementor-top-section elementor-element elementor-element-90c8186 elementor-section-content-middle elementor-section-full_width elementor-section-height-default elementor-section-height-default\" data-id=\"90c8186\" data-element_type=\"section\">\r\n\t\t\r\n\t\t\t\t\t\t\t<div class=\"elementor-container elementor-column-gap-no\">\r\n\t\t\t\t\t\t\t\t\t\t\t<div class=\"elementor-column elementor-col-100 elementor-top-column elementor-element elementor-element-5852e5f\" data-id=\"5852e5f\" data-element_type=\"column\">\r\n\t\t\t\t\t<div class=\"elementor-widget-wrap elementor-element-populated\">\r\n\t\t\t\t\t\t\t\t<div class=\"elementor-element elementor-element-6dc42f4 elementor-widget elementor-widget-image\" data-id=\"6dc42f4\" data-element_type=\"widget\" data-widget_type=\"image.default\">\n\t\t\t\t<div class=\"elementor-widget-container\">\n\t\t\t<style>\/*! elementor - v3.17.0 - 08-11-2023 *\/\n.elementor-widget-image{text-align:center}.elementor-widget-image a{display:inline-block}.elementor-widget-image a img[src$=\".svg\"]{width:48px}.elementor-widget-image img{vertical-align:middle;display:inline-block}<\/style>\t\t\t\t\t\t\t\t\t\t\t\t<img loading=\"lazy\" decoding=\"async\" width=\"1500\" height=\"526\" src=\"https:\/\/www.amberemotion.com\/wp-content\/uploads\/2021\/07\/partner01.png\" class=\"attachment-full size-full wp-image-1370\" alt=\"\" srcset=\"https:\/\/www.amberemotion.com\/wp-content\/uploads\/2021\/07\/partner01.png 1500w, https:\/\/www.amberemotion.com\/wp-content\/uploads\/2021\/07\/partner01-600x210.png 600w, https:\/\/www.amberemotion.com\/wp-content\/uploads\/2021\/07\/partner01-1024x359.png 1024w, https:\/\/www.amberemotion.com\/wp-content\/uploads\/2021\/07\/partner01-768x269.png 768w, https:\/\/www.amberemotion.com\/wp-content\/uploads\/2021\/07\/partner01-640x224.png 640w, https:\/\/www.amberemotion.com\/wp-content\/uploads\/2021\/07\/partner01-400x140.png 400w\" sizes=\"auto, (max-width: 1500px) 100vw, 1500px\" \/>\t\t\t\t\t\t\t\t\t\t\t\t\t\t\t<\/div>\n\t\t\t\t<\/div>\n\t\t\t\t<div class=\"elementor-element elementor-element-7852049 elementor-widget elementor-widget-heading\" data-id=\"7852049\" data-element_type=\"widget\" data-widget_type=\"heading.default\">\n\t\t\t\t<div class=\"elementor-widget-container\">\n\t\t\t<style>\/*! elementor - v3.17.0 - 08-11-2023 *\/\n.elementor-heading-title{padding:0;margin:0;line-height:1}.elementor-widget-heading .elementor-heading-title[class*=elementor-size-]>a{color:inherit;font-size:inherit;line-height:inherit}.elementor-widget-heading .elementor-heading-title.elementor-size-small{font-size:15px}.elementor-widget-heading .elementor-heading-title.elementor-size-medium{font-size:19px}.elementor-widget-heading .elementor-heading-title.elementor-size-large{font-size:29px}.elementor-widget-heading .elementor-heading-title.elementor-size-xl{font-size:39px}.elementor-widget-heading .elementor-heading-title.elementor-size-xxl{font-size:59px}<\/style><h3 class=\"elementor-heading-title elementor-size-default\">Partnerringe und Freundschaftsringe<\/h3>\t\t<\/div>\n\t\t\t\t<\/div>\n\t\t\t\t<div class=\"elementor-element elementor-element-66dc02e elementor-widget elementor-widget-text-editor\" data-id=\"66dc02e\" data-element_type=\"widget\" data-widget_type=\"text-editor.default\">\n\t\t\t\t<div class=\"elementor-widget-container\">\n\t\t\t<style>\/*! elementor - v3.17.0 - 08-11-2023 *\/\n.elementor-widget-text-editor.elementor-drop-cap-view-stacked .elementor-drop-cap{background-color:#69727d;color:#fff}.elementor-widget-text-editor.elementor-drop-cap-view-framed .elementor-drop-cap{color:#69727d;border:3px solid;background-color:transparent}.elementor-widget-text-editor:not(.elementor-drop-cap-view-default) .elementor-drop-cap{margin-top:8px}.elementor-widget-text-editor:not(.elementor-drop-cap-view-default) .elementor-drop-cap-letter{width:1em;height:1em}.elementor-widget-text-editor .elementor-drop-cap{float:left;text-align:center;line-height:1;font-size:50px}.elementor-widget-text-editor .elementor-drop-cap-letter{display:inline-block}<\/style>\t\t\t\t<p>Die Liebe zwischen zwei Menschen vor der Welt zu bekennen und mit Ringen zu besiegeln ist nicht nur im Rahmen von Hochzeiten eine sch\u00f6ne Tradition.\u00a0<strong><a class=\"internal-link\" title=\"Opens internal link in current window\" href=\"https:\/\/www.amberemotion.com\/trauringe-partnerringe.html#c1050\">Partnerringe<\/a><\/strong>\u00a0sind die moderne Art, der Welt zu zeigen, dass man sich liebt und zusammen geh\u00f6rt, auch ohne oder noch nicht verheiratet zu sein. F\u00fcr Heiratswillige symbolisieren gemeinsame Verlobungsringe schon vor der Hochzeit die neue Verbundenheit und die Vorfreude auf ein Leben zu zweit.<\/p>\t\t\t\t\t\t<\/div>\n\t\t\t\t<\/div>\n\t\t\t\t<div class=\"elementor-element elementor-element-5f5db68 elementor-widget elementor-widget-text-editor\" data-id=\"5f5db68\" data-element_type=\"widget\" data-widget_type=\"text-editor.default\">\n\t\t\t\t<div class=\"elementor-widget-container\">\n\t\t\t\t\t\t\t<p class=\"bodytext\">Bekennen Sie sich zur modernen Romantik und zeigen auch Sie Ihre Verbundenheit als Paar mit zeitlos sch\u00f6nen\u00a0<strong>Partnerringe<\/strong>n von amberemotion. So einzigartig wie Ihre Beziehung sollten auch Ihre Partnerschaftsringe sein. In unserem\u00a0<strong><a class=\"internal-link\" title=\"Opens internal link in current window\" href=\"https:\/\/www.amberemotion.com\/shop.html#c1036\">Online Shop<\/a><\/strong>\u00a0finden Sie moderne Design\u00a0<strong>Partnerringe<\/strong>\u00a0aus hochwertigen Materialien. Ob\u00a0<strong>ausgefallene Freundschaftsringe<\/strong>, besondere\u00a0<strong>Partnerringe<\/strong>\u00a0oder Verlobungsringe aus Silber &#8211; die handgearbeiteten Schmuckst\u00fccke sind jeweils als ein Paar Ringe in verschiedenen Stilrichtungen erh\u00e4ltlich. W\u00e4hlen Sie Ihre\u00a0<strong>Partnerringe in Silber<\/strong>\u00a0mit k\u00fchl gl\u00e4nzender Oberfl\u00e4che oder Seidenmatt-Effekt. Die eingearbeiteten Natursteine aus Bernstein, Koralle, Lava oder Malachit geben Ihren Partnerringen durch ihre au\u00dfergew\u00f6hnliche Beschaffenheit das gewisse Etwas.<\/p>\t\t\t\t\t\t<\/div>\n\t\t\t\t<\/div>\n\t\t\t\t<div class=\"elementor-element elementor-element-6ff4aea elementor-widget elementor-widget-image\" data-id=\"6ff4aea\" data-element_type=\"widget\" data-widget_type=\"image.default\">\n\t\t\t\t<div class=\"elementor-widget-container\">\n\t\t\t\t\t\t\t\t\t\t\t\t\t\t\t<img loading=\"lazy\" decoding=\"async\" width=\"1500\" height=\"526\" src=\"https:\/\/www.amberemotion.com\/wp-content\/uploads\/2021\/07\/partner03.png\" class=\"attachment-full size-full wp-image-1371\" alt=\"\" srcset=\"https:\/\/www.amberemotion.com\/wp-content\/uploads\/2021\/07\/partner03.png 1500w, https:\/\/www.amberemotion.com\/wp-content\/uploads\/2021\/07\/partner03-600x210.png 600w, https:\/\/www.amberemotion.com\/wp-content\/uploads\/2021\/07\/partner03-1024x359.png 1024w, https:\/\/www.amberemotion.com\/wp-content\/uploads\/2021\/07\/partner03-768x269.png 768w, https:\/\/www.amberemotion.com\/wp-content\/uploads\/2021\/07\/partner03-640x224.png 640w, https:\/\/www.amberemotion.com\/wp-content\/uploads\/2021\/07\/partner03-400x140.png 400w\" sizes=\"auto, (max-width: 1500px) 100vw, 1500px\" \/>\t\t\t\t\t\t\t\t\t\t\t\t\t\t\t<\/div>\n\t\t\t\t<\/div>\n\t\t\t\t<div class=\"elementor-element elementor-element-01b055f elementor-widget elementor-widget-text-editor\" data-id=\"01b055f\" data-element_type=\"widget\" data-widget_type=\"text-editor.default\">\n\t\t\t\t<div class=\"elementor-widget-container\">\n\t\t\t\t\t\t\t<p class=\"bodytext\"><strong>INDIVIDUELLE PARTNERRINGE, VERLOBUNGSRINGE und FREUNDSCHAFTSRINGE mit GRAVUR<\/strong><\/p><p class=\"bodytext\">Um Ihrem Verlobungsring, Freundschaftsring oder Partnerschaftsring eine ganz pers\u00f6nliche Note zu verleihen ist eine Gravur genau die richtige Erg\u00e4nzung. Wir bieten Ihnen individuelle\u00a0<strong><a class=\"internal-link\" href=\"https:\/\/www.amberemotion.com\/service\/gravurservice.html\">Ringe mit Gravur<\/a>\u00a0<\/strong>an.\u00a0Lassen Sie auf die Innenseite des Ringes ein geheimes Liebes- oder Freundschaftsbekenntnis eingravieren. Sollen Ihre\u00a0<strong>Partnerringe<\/strong>\u00a0noch individueller sein? Dann bieten wir Ihnen die eigene Gestaltung Ihrer\u00a0<strong>Partnerringe<\/strong>\u00a0an. W\u00e4hlen Sie selbst aus welchen Materialien und in welchem Design Ihre Partnerringe gefertigt werden sollen. So erhalten Sie einzigartige\u00a0<strong>Partnerringe<\/strong>, die es garantiert nur zwei Mal f\u00fcr Sie und Ihre(n) Liebste(n) gibt!<br \/>Einfach\u00a0<strong><a class=\"internal-link\" href=\"https:\/\/www.amberemotion.com\/service\/ringe-selbst-gestalten.html\">Ringe selbst gestalten<\/a><\/strong>\u00a0&#8230;<\/p><p>Schenken auch Sie Ihrem Partner oder Ihrer Partnerin ein Symbol Ihrer Liebe und Verbundenheit. Feiern Sie Ihre Verlobung mit Verlobungsringen oder zeigen Sie einem geliebten Menschen mit Freundschaftsringen wie wichtig Ihnen diese Freundschaft ist. Im amberemotion Online SchmuckAtelier k\u00f6nnen Sie preisg\u00fcnstig und bequem online Ihre individuellen\u00a0<strong><a class=\"external-link-new-window\" href=\"https:\/\/www.amberemotion.com\/trauringe-partnerringe\/produkt\/partnerringe-malachite.html\" target=\"_blank\" rel=\"noopener\">Partnerringe<\/a><\/strong> bestellen.<\/p>\t\t\t\t\t\t<\/div>\n\t\t\t\t<\/div>\n\t\t\t\t\t<\/div>\r\n\t\t\t\t<\/div>\r\n\t\t\t\t\t<\/div>\r\n\t\t\t\t<\/section>\r\n\t\t\t\t\t\t\t<\/div>\n\t\t","protected":false},"excerpt":{"rendered":"<p>Partnerringe und Freundschaftsringe Die Liebe zwischen zwei Menschen vor der Welt zu bekennen und mit Ringen zu besiegeln ist nicht nur im Rahmen von Hochzeiten eine sch\u00f6ne Tradition.\u00a0Partnerringe\u00a0sind die moderne Art, der Welt zu zeigen, dass man sich liebt und zusammen geh\u00f6rt, auch ohne oder noch nicht verheiratet zu sein. F\u00fcr Heiratswillige symbolisieren gemeinsame Verlobungsringe [&hellip;]<\/p>\n","protected":false},"author":4,"featured_media":0,"parent":4942,"menu_order":0,"comment_status":"closed","ping_status":"closed","template":"","meta":{"footnotes":""},"class_list":["post-4925","page","type-page","status-publish","hentry"],"acf":[],"aioseo_notices":[],"_links":{"self":[{"href":"https:\/\/www.amberemotion.com\/pl\/wp-json\/wp\/v2\/pages\/4925","targetHints":{"allow":["GET"]}}],"collection":[{"href":"https:\/\/www.amberemotion.com\/pl\/wp-json\/wp\/v2\/pages"}],"about":[{"href":"https:\/\/www.amberemotion.com\/pl\/wp-json\/wp\/v2\/types\/page"}],"author":[{"embeddable":true,"href":"https:\/\/www.amberemotion.com\/pl\/wp-json\/wp\/v2\/users\/4"}],"replies":[{"embeddable":true,"href":"https:\/\/www.amberemotion.com\/pl\/wp-json\/wp\/v2\/comments?post=4925"}],"version-history":[{"count":0,"href":"https:\/\/www.amberemotion.com\/pl\/wp-json\/wp\/v2\/pages\/4925\/revisions"}],"up":[{"embeddable":true,"href":"https:\/\/www.amberemotion.com\/pl\/wp-json\/wp\/v2\/pages\/4942"}],"wp:attachment":[{"href":"https:\/\/www.amberemotion.com\/pl\/wp-json\/wp\/v2\/media?parent=4925"}],"curies":[{"name":"wp","href":"https:\/\/api.w.org\/{rel}","templated":true}]}}