{"id":4918,"date":"2021-07-09T22:24:06","date_gmt":"2021-07-09T20:24:06","guid":{"rendered":"https:\/\/www.amberemotion.com\/schmuck\/"},"modified":"2021-07-09T22:24:06","modified_gmt":"2021-07-09T20:24:06","slug":"schmuck","status":"publish","type":"page","link":"https:\/\/www.amberemotion.com\/pl\/schmuck.html","title":{"rendered":"Schmuck"},"content":{"rendered":"\t\t<div data-elementor-type=\"wp-page\" data-elementor-id=\"4918\" class=\"elementor elementor-4918 elementor-1169\">\n\t\t\t\t\t\t\t\t\t<section class=\"elementor-section elementor-top-section elementor-element elementor-element-5e66e88 elementor-section-content-middle elementor-section-full_width elementor-section-height-default elementor-section-height-default\" data-id=\"5e66e88\" data-element_type=\"section\">\r\n\t\t\r\n\t\t\t\t\t\t\t<div class=\"elementor-container elementor-column-gap-no\">\r\n\t\t\t\t\t\t\t\t\t\t\t<div class=\"elementor-column elementor-col-100 elementor-top-column elementor-element elementor-element-c7afd2b\" data-id=\"c7afd2b\" data-element_type=\"column\">\r\n\t\t\t\t\t<div class=\"elementor-widget-wrap elementor-element-populated\">\r\n\t\t\t\t\t\t\t\t<div class=\"elementor-element elementor-element-3318d95 elementor-widget elementor-widget-image\" data-id=\"3318d95\" data-element_type=\"widget\" data-widget_type=\"image.default\">\n\t\t\t\t<div class=\"elementor-widget-container\">\n\t\t\t<style>\/*! elementor - v3.17.0 - 08-11-2023 *\/\n.elementor-widget-image{text-align:center}.elementor-widget-image a{display:inline-block}.elementor-widget-image a img[src$=\".svg\"]{width:48px}.elementor-widget-image img{vertical-align:middle;display:inline-block}<\/style>\t\t\t\t\t\t\t\t\t\t\t\t<img decoding=\"async\" src=\"https:\/\/www.amberemotion.com\/wp-content\/uploads\/2021\/07\/Giulietta_oder_Charlotte_17-1.jpg\" title=\"\" alt=\"\" loading=\"lazy\" \/>\t\t\t\t\t\t\t\t\t\t\t\t\t\t\t<\/div>\n\t\t\t\t<\/div>\n\t\t\t\t<div class=\"elementor-element elementor-element-875684e elementor-widget elementor-widget-heading\" data-id=\"875684e\" data-element_type=\"widget\" data-widget_type=\"heading.default\">\n\t\t\t\t<div class=\"elementor-widget-container\">\n\t\t\t<style>\/*! elementor - v3.17.0 - 08-11-2023 *\/\n.elementor-heading-title{padding:0;margin:0;line-height:1}.elementor-widget-heading .elementor-heading-title[class*=elementor-size-]>a{color:inherit;font-size:inherit;line-height:inherit}.elementor-widget-heading .elementor-heading-title.elementor-size-small{font-size:15px}.elementor-widget-heading .elementor-heading-title.elementor-size-medium{font-size:19px}.elementor-widget-heading .elementor-heading-title.elementor-size-large{font-size:29px}.elementor-widget-heading .elementor-heading-title.elementor-size-xl{font-size:39px}.elementor-widget-heading .elementor-heading-title.elementor-size-xxl{font-size:59px}<\/style><h3 class=\"elementor-heading-title elementor-size-default\">Schmucklexikon von amberemotion: Schmuck<\/h3>\t\t<\/div>\n\t\t\t\t<\/div>\n\t\t\t\t<div class=\"elementor-element elementor-element-c18ca0e elementor-widget elementor-widget-text-editor\" data-id=\"c18ca0e\" data-element_type=\"widget\" data-widget_type=\"text-editor.default\">\n\t\t\t\t<div class=\"elementor-widget-container\">\n\t\t\t<style>\/*! elementor - v3.17.0 - 08-11-2023 *\/\n.elementor-widget-text-editor.elementor-drop-cap-view-stacked .elementor-drop-cap{background-color:#69727d;color:#fff}.elementor-widget-text-editor.elementor-drop-cap-view-framed .elementor-drop-cap{color:#69727d;border:3px solid;background-color:transparent}.elementor-widget-text-editor:not(.elementor-drop-cap-view-default) .elementor-drop-cap{margin-top:8px}.elementor-widget-text-editor:not(.elementor-drop-cap-view-default) .elementor-drop-cap-letter{width:1em;height:1em}.elementor-widget-text-editor .elementor-drop-cap{float:left;text-align:center;line-height:1;font-size:50px}.elementor-widget-text-editor .elementor-drop-cap-letter{display:inline-block}<\/style>\t\t\t\t<p>Heutzutage besitzt jeder\u00a0<strong>Schmuck<\/strong>\u00a0oder mindestens ein sch\u00f6nes und wertvolles Juwel. Viele von uns faszinieren sich von dem\u00a0<strong>Schmuck<\/strong>\u00a0und tragen ihn leidenschaftlich. Schmuck bezeichnet oft unseren Stil, unsere Geschmacksrichtung und in vielen F\u00e4llen widerspiegelt der Schmuck unseren Charakter.\u00a0<strong>Was ist dann Schmuck?<\/strong><\/p>\t\t\t\t\t\t<\/div>\n\t\t\t\t<\/div>\n\t\t\t\t<section class=\"elementor-section elementor-inner-section elementor-element elementor-element-4f2485a elementor-section-boxed elementor-section-height-default elementor-section-height-default\" data-id=\"4f2485a\" data-element_type=\"section\">\r\n\t\t\r\n\t\t\t\t\t\t\t<div class=\"elementor-container elementor-column-gap-default\">\r\n\t\t\t\t\t\t\t\t\t\t\t<div class=\"elementor-column elementor-col-50 elementor-inner-column elementor-element elementor-element-402cd1a\" data-id=\"402cd1a\" data-element_type=\"column\">\r\n\t\t\t\t\t<div class=\"elementor-widget-wrap elementor-element-populated\">\r\n\t\t\t\t\t\t\t\t<div class=\"elementor-element elementor-element-1b89aa2 elementor-widget elementor-widget-text-editor\" data-id=\"1b89aa2\" data-element_type=\"widget\" data-widget_type=\"text-editor.default\">\n\t\t\t\t<div class=\"elementor-widget-container\">\n\t\t\t\t\t\t\t<p class=\"bodytext\">Duden bezeichnet Schmuck als &#8222;meist aus kostbarem Material bestehende Gegenst\u00e4nde (wie Ketten, Reife, Ringe), die zur Versch\u00f6nerung, zur Zierde am K\u00f6rper getragen werden&#8221; (Zitat). Wikipedia schreibt von Schmuck: &#8222;<strong>Schmuck<\/strong>\u00a0ist ein Ziergegenstand oder eine Ma\u00dfnahme zur Versch\u00f6nerung&#8221; (Zitat) und\u00a0es gibt auch viele Firmen, die sich mit Schmuck besch\u00e4ftigen.<\/p><p class=\"bodytext\">Allgemein wird\u00a0<strong>Schmuck<\/strong>\u00a0als ein am K\u00f6rper getragenes schm\u00fcckendes Element bezeichnet, das subjektiv faszinierend empfunden wird. Schmuck wird auch im deutschen als Pretiosen (Kostbarkeiten, Geschmeide) genannt, die \u00fcberwiegend aus hochwertigen Edelmetallen angefertigt werden, wie: Silber, Gold, Wei\u00dfgold, Gelbgold, Platin, Titan oder Edelstahl.<\/p><p>Der\u00a0<strong>Schmuck<\/strong>\u00a0und seine Geschichte ist so alt wie die Menschheit, die prim\u00e4r ihren Schmuck aus verschiedenen Sch\u00e4tzen gefertigt hat, wie: Perlen (Perle), Lava, Korallen (Koralle), Muscheln (Muschel), Edelsteinen (Edelstein) oder Bernsteinen (<strong>Bernstein<\/strong>).<\/p>\t\t\t\t\t\t<\/div>\n\t\t\t\t<\/div>\n\t\t\t\t\t<\/div>\r\n\t\t\t\t<\/div>\r\n\t\t\t\t<div class=\"elementor-column elementor-col-50 elementor-inner-column elementor-element elementor-element-fdd53d4\" data-id=\"fdd53d4\" data-element_type=\"column\">\r\n\t\t\t\t\t<div class=\"elementor-widget-wrap elementor-element-populated\">\r\n\t\t\t\t\t\t\t\t<div class=\"elementor-element elementor-element-c327cc4 elementor-widget elementor-widget-text-editor\" data-id=\"c327cc4\" data-element_type=\"widget\" data-widget_type=\"text-editor.default\">\n\t\t\t\t<div class=\"elementor-widget-container\">\n\t\t\t\t\t\t\t<p>Mit der Zeit haben unsere Urahnen auch neue Methoden der Schmuckverarbeitung entwickelt und den\u00a0<strong>Schmuck<\/strong>\u00a0aus Kupfer oder Bronze gefertigt. Sp\u00e4ter entwickelten sie f\u00fcr den Schmuck die Metallverarbeitung und Glasherstellung. Die Goldschmiede oder Juweliere von heute verwenden viele andere Methoden f\u00fcr den\u00a0<strong>Schmuck<\/strong>\u00a0und dessen Verarbeitung sowie spezialisieren sich viel umfangreicher als unsere Vorahnen auf verschiedene Schmuckst\u00fccke wie: klassische Ringe, verf\u00fchrerische Ketten, originelle Anh\u00e4nger, modische Armb\u00e4nder, ausgefallene Ohrringe, dezente Ohrstecker oder sch\u00f6ne Clips. Die Geschichte der Ketten als\u00a0<strong>Schmuck<\/strong>\u00a0hat in der Bronzezeit angefangen.<br \/>\u00a0<br \/>Es entstanden klassische Halsketten, wundersch\u00f6ne Halsreifen und originelle Kugelkette als Halsschmuck sowie Kn\u00f6chelketten, Armketten als Armschmuck, Uhrenketten oder Panzerketten, die eine flachliegende Kette als Outfit der Hip-Hop-Kultur ist. Der\u00a0<strong><a class=\"external-link-new-window\" href=\"http:\/\/www.schmuck-silberschmuck.de\/\" target=\"_blank\" rel=\"noopener\">Schmuck Silberschmuck<\/a><\/strong>\u00a0wurde mit der Zeit so begehrt, dass die Menschen immer mehr schm\u00fcckende Accessoires zur Outfit Versch\u00f6nerung kreiert haben. Dann wurden Ringe als Schmuck begehrt.\u00a0\u00a0<\/p>\t\t\t\t\t\t<\/div>\n\t\t\t\t<\/div>\n\t\t\t\t\t<\/div>\r\n\t\t\t\t<\/div>\r\n\t\t\t\t\t<\/div>\r\n\t\t\t\t<\/section>\r\n\t\t\t\t<div class=\"elementor-element elementor-element-42eb908 elementor-widget elementor-widget-image\" data-id=\"42eb908\" data-element_type=\"widget\" data-widget_type=\"image.default\">\n\t\t\t\t<div class=\"elementor-widget-container\">\n\t\t\t\t\t\t\t\t\t\t\t\t\t\t\t<img decoding=\"async\" src=\"https:\/\/www.amberemotion.com\/wp-content\/uploads\/2021\/07\/Schutzengel-Silber.jpg\" title=\"\" alt=\"\" loading=\"lazy\" \/>\t\t\t\t\t\t\t\t\t\t\t\t\t\t\t<\/div>\n\t\t\t\t<\/div>\n\t\t\t\t<div class=\"elementor-element elementor-element-b5895b9 elementor-widget elementor-widget-text-editor\" data-id=\"b5895b9\" data-element_type=\"widget\" data-widget_type=\"text-editor.default\">\n\t\t\t\t<div class=\"elementor-widget-container\">\n\t\t\t\t\t\t\t<p class=\"bodytext\">Jeder tr\u00e4umte von einem au\u00dfergew\u00f6hnlichen Ring als\u00a0<strong>Schmuck aus Silber<\/strong>\u00a0oder Gold, das als Edelmetall wegen seiner Beliebtheit auch sehr lange auf dem ersten Platz war und nicht nur von den Damen sondern auch von den Herren gern getragen war. So entstand eine neue Schmucklinie als Herrenschmuck oder M\u00e4nnerschmuck genannt. Fortschritt und Neuzeit brachten immer mehr ausgefallenen\u00a0<strong>Schmuck<\/strong>\u00a0wie Piercing (Piercings), Fu\u00dfschmuck, Armschmuck, Haarschmuck; Haarnadel, Haarklammer, Ansteckschmuck wie Broschen, Nadeln, Pins oder Bindis als auf der Haut geklebter Schmuck. Schmuck wird heutzutage immer mehr unbeschreiblicher und das Design und die Ideen immer mehr erstaunlicher. Es werden beim Schmuck unter anderem Lebensfreude der Farben, Glamour des neuen Trends, Luxus der Silberfassung und Perfektion der\u00a0<strong>Schmuck<\/strong>\u00a0Verarbeitung hervorgehoben. Schmuck und die Formen der Juwelen werden immer mehr ausgefallener und die Edelmetalle wie Silber oder Gold mit diversen Stoffen wie auch Holz, Glas oder Naturbernstein einmalig in Einklang gebracht. Schmuck wird gern heutzutage als Geschenk zu verschiedenen Anl\u00e4ssen wie zum Geburtstag, Valentinstag, Muttertag, zu Weihnachten, zum Ostern, zur Verlobung oder Hochzeit geschenkt. Auch\u00a0<a class=\"external-link-new-window\" href=\"http:\/\/www.damenmode-kleidung.de\/Accessoires\/Modeschmuck.htm\" target=\"_blank\" rel=\"noopener\">Modeschmuck<\/a>\u00a0als Geschenk wurde zu den meist gekauften und beliebtesten Geschenken aller Zeiten &#8230;<\/p><p class=\"bodytext\">Wir empfehlen:\u00a0<a class=\"internal-link\" title=\"Ringgr\u00f6\u00dfe bestimmen\" href=\"https:\/\/www.amberemotion.com\/schmucklexikon\/ringgrosen.html\">Ringgr\u00f6\u00dfe bestimmen<\/a><\/p>\t\t\t\t\t\t<\/div>\n\t\t\t\t<\/div>\n\t\t\t\t\t<\/div>\r\n\t\t\t\t<\/div>\r\n\t\t\t\t\t<\/div>\r\n\t\t\t\t<\/section>\r\n\t\t\t\t\t\t\t<\/div>\n\t\t","protected":false},"excerpt":{"rendered":"<p>Schmucklexikon von amberemotion: Schmuck Heutzutage besitzt jeder\u00a0Schmuck\u00a0oder mindestens ein sch\u00f6nes und wertvolles Juwel. Viele von uns faszinieren sich von dem\u00a0Schmuck\u00a0und tragen ihn leidenschaftlich. Schmuck bezeichnet oft unseren Stil, unsere Geschmacksrichtung und in vielen F\u00e4llen widerspiegelt der Schmuck unseren Charakter.\u00a0Was ist dann Schmuck? Duden bezeichnet Schmuck als &#8222;meist aus kostbarem Material bestehende Gegenst\u00e4nde (wie Ketten, Reife, [&hellip;]<\/p>\n","protected":false},"author":4,"featured_media":0,"parent":4942,"menu_order":0,"comment_status":"closed","ping_status":"closed","template":"","meta":{"footnotes":""},"class_list":["post-4918","page","type-page","status-publish","hentry"],"acf":[],"aioseo_notices":[],"_links":{"self":[{"href":"https:\/\/www.amberemotion.com\/pl\/wp-json\/wp\/v2\/pages\/4918","targetHints":{"allow":["GET"]}}],"collection":[{"href":"https:\/\/www.amberemotion.com\/pl\/wp-json\/wp\/v2\/pages"}],"about":[{"href":"https:\/\/www.amberemotion.com\/pl\/wp-json\/wp\/v2\/types\/page"}],"author":[{"embeddable":true,"href":"https:\/\/www.amberemotion.com\/pl\/wp-json\/wp\/v2\/users\/4"}],"replies":[{"embeddable":true,"href":"https:\/\/www.amberemotion.com\/pl\/wp-json\/wp\/v2\/comments?post=4918"}],"version-history":[{"count":0,"href":"https:\/\/www.amberemotion.com\/pl\/wp-json\/wp\/v2\/pages\/4918\/revisions"}],"up":[{"embeddable":true,"href":"https:\/\/www.amberemotion.com\/pl\/wp-json\/wp\/v2\/pages\/4942"}],"wp:attachment":[{"href":"https:\/\/www.amberemotion.com\/pl\/wp-json\/wp\/v2\/media?parent=4918"}],"curies":[{"name":"wp","href":"https:\/\/api.w.org\/{rel}","templated":true}]}}