{"id":4911,"date":"2021-07-09T22:24:43","date_gmt":"2021-07-09T20:24:43","guid":{"rendered":"https:\/\/www.amberemotion.com\/trauringe\/"},"modified":"2021-07-09T22:24:43","modified_gmt":"2021-07-09T20:24:43","slug":"trauringe","status":"publish","type":"page","link":"https:\/\/www.amberemotion.com\/pl\/trauringe.html","title":{"rendered":"Trauringe"},"content":{"rendered":"\t\t<div data-elementor-type=\"wp-page\" data-elementor-id=\"4911\" class=\"elementor elementor-4911 elementor-1173\">\n\t\t\t\t\t\t\t\t\t<section class=\"elementor-section elementor-top-section elementor-element elementor-element-3567939 elementor-section-content-middle elementor-section-full_width elementor-section-height-default elementor-section-height-default\" data-id=\"3567939\" data-element_type=\"section\">\r\n\t\t\r\n\t\t\t\t\t\t\t<div class=\"elementor-container elementor-column-gap-no\">\r\n\t\t\t\t\t\t\t\t\t\t\t<div class=\"elementor-column elementor-col-100 elementor-top-column elementor-element elementor-element-4d49326\" data-id=\"4d49326\" data-element_type=\"column\">\r\n\t\t\t\t\t<div class=\"elementor-widget-wrap elementor-element-populated\">\r\n\t\t\t\t\t\t\t\t<div class=\"elementor-element elementor-element-594e384 elementor-widget elementor-widget-image\" data-id=\"594e384\" data-element_type=\"widget\" data-widget_type=\"image.default\">\n\t\t\t\t<div class=\"elementor-widget-container\">\n\t\t\t<style>\/*! elementor - v3.17.0 - 08-11-2023 *\/\n.elementor-widget-image{text-align:center}.elementor-widget-image a{display:inline-block}.elementor-widget-image a img[src$=\".svg\"]{width:48px}.elementor-widget-image img{vertical-align:middle;display:inline-block}<\/style>\t\t\t\t\t\t\t\t\t\t\t\t<img loading=\"lazy\" decoding=\"async\" width=\"800\" height=\"376\" src=\"https:\/\/www.amberemotion.com\/wp-content\/uploads\/2021\/07\/Trauringe.jpg\" class=\"attachment-full size-full wp-image-4069\" alt=\"\" srcset=\"https:\/\/www.amberemotion.com\/wp-content\/uploads\/2021\/07\/Trauringe.jpg 800w, https:\/\/www.amberemotion.com\/wp-content\/uploads\/2021\/07\/Trauringe-600x282.jpg 600w, https:\/\/www.amberemotion.com\/wp-content\/uploads\/2021\/07\/Trauringe-768x361.jpg 768w, https:\/\/www.amberemotion.com\/wp-content\/uploads\/2021\/07\/Trauringe-640x301.jpg 640w, https:\/\/www.amberemotion.com\/wp-content\/uploads\/2021\/07\/Trauringe-400x188.jpg 400w\" sizes=\"auto, (max-width: 800px) 100vw, 800px\" \/>\t\t\t\t\t\t\t\t\t\t\t\t\t\t\t<\/div>\n\t\t\t\t<\/div>\n\t\t\t\t<div class=\"elementor-element elementor-element-3d0c525 elementor-widget elementor-widget-heading\" data-id=\"3d0c525\" data-element_type=\"widget\" data-widget_type=\"heading.default\">\n\t\t\t\t<div class=\"elementor-widget-container\">\n\t\t\t<style>\/*! elementor - v3.17.0 - 08-11-2023 *\/\n.elementor-heading-title{padding:0;margin:0;line-height:1}.elementor-widget-heading .elementor-heading-title[class*=elementor-size-]>a{color:inherit;font-size:inherit;line-height:inherit}.elementor-widget-heading .elementor-heading-title.elementor-size-small{font-size:15px}.elementor-widget-heading .elementor-heading-title.elementor-size-medium{font-size:19px}.elementor-widget-heading .elementor-heading-title.elementor-size-large{font-size:29px}.elementor-widget-heading .elementor-heading-title.elementor-size-xl{font-size:39px}.elementor-widget-heading .elementor-heading-title.elementor-size-xxl{font-size:59px}<\/style><h3 class=\"elementor-heading-title elementor-size-default\">Schmucklexikon von amberemotion: Trauringe\n<\/h3>\t\t<\/div>\n\t\t\t\t<\/div>\n\t\t\t\t<div class=\"elementor-element elementor-element-623e6a0 elementor-widget elementor-widget-text-editor\" data-id=\"623e6a0\" data-element_type=\"widget\" data-widget_type=\"text-editor.default\">\n\t\t\t\t<div class=\"elementor-widget-container\">\n\t\t\t<style>\/*! elementor - v3.17.0 - 08-11-2023 *\/\n.elementor-widget-text-editor.elementor-drop-cap-view-stacked .elementor-drop-cap{background-color:#69727d;color:#fff}.elementor-widget-text-editor.elementor-drop-cap-view-framed .elementor-drop-cap{color:#69727d;border:3px solid;background-color:transparent}.elementor-widget-text-editor:not(.elementor-drop-cap-view-default) .elementor-drop-cap{margin-top:8px}.elementor-widget-text-editor:not(.elementor-drop-cap-view-default) .elementor-drop-cap-letter{width:1em;height:1em}.elementor-widget-text-editor .elementor-drop-cap{float:left;text-align:center;line-height:1;font-size:50px}.elementor-widget-text-editor .elementor-drop-cap-letter{display:inline-block}<\/style>\t\t\t\t<p class=\"bodytext\"><strong>Trauringe<\/strong>\u00a0gelten bereits seit Jahrtausenden als Zeichen der Verbundenheit zwischen Mann und Frau. Schon in der Antike und im alten \u00c4gypten wurden\u00a0<b>individuelle<\/b>\u00a0<strong>Trauringe<\/strong>\u00a0an den Ringfinger der Braut gesteckt.\u00a0<b>R\u00f6mische<\/b>\u00a0<strong>Trauringe<\/strong>\u00a0waren ausschlie\u00dflich\u00a0<a class=\"external-link-new-window\" title=\"Opens external link in new window\" href=\"https:\/\/www.amberemotion.com\/ringe\/produkt\/sternenring-little-star.html\" target=\"_blank\" rel=\"noopener\">Ringe f\u00fcr Damen<\/a>, die zeigen sollten, dass eine Frau vergeben ist.<br \/>Heute ist der Hochzeitsring ein zentraler Symbolgegenstand w\u00e4hrend des Ehegel\u00f6bnisses. Das Versprechen, sich ewig zu lieben und treu zu sein wird durch den Ringtausch besiegelt.<\/p>\t\t\t\t\t\t<\/div>\n\t\t\t\t<\/div>\n\t\t\t\t<div class=\"elementor-element elementor-element-d2c2cd1 elementor-widget elementor-widget-text-editor\" data-id=\"d2c2cd1\" data-element_type=\"widget\" data-widget_type=\"text-editor.default\">\n\t\t\t\t<div class=\"elementor-widget-container\">\n\t\t\t\t\t\t\t<p class=\"bodytext\"><strong>Individuelle Trauringe<\/strong>\u00a0sind f\u00fcr Heiratswillige wichtig, weil sie wie kein anderes Schmuckst\u00fcck das ganze Leben getragen werden. Ob\u00a0<strong><a class=\"external-link-new-window\" title=\"Unsere Trauringe AVALON (Bestseller)\" href=\"https:\/\/www.amberemotion.com\/trauringe-partnerringe\/produkt\/ringe-avalon-no-3-gewolbt.html\" target=\"_blank\" rel=\"noopener\">Hochzeitsringe<\/a><\/strong>\u00a0silber- oder goldfarben sind ist lediglich eine Frage des Geschmacks.\u00a0<\/p><p class=\"bodytext\"><b>LINKS\u00a0oder RECHT? An welcher Hand wird der<\/b>\u00a0<strong>Ehering<\/strong>\u00a0<b>getragen?<\/b><\/p><p class=\"bodytext\">Wenn Sie\u00a0Heiratswillige\u00a0<strong><a class=\"external-link-new-window\" title=\"Trauringe CHARLOTTE IN LOVE (Unser Bestseller)\" href=\"https:\/\/www.amberemotion.com\/trauringe-partnerringe\/produkt\/ringe-charlotte-in-love.html\" target=\"_blank\" rel=\"noopener\">Trauringe<\/a><\/strong>\u00a0kaufen, ist dies wohl die meist gestellte Frage: wird der Trauring links oder rechts getragen?<br \/>Die alten \u00c4gypter trugen Eheringe am vierten Finger der linken Hand. Sie glaubten, dass eine Ader &#8211; die Vena Amoris &#8211; von diesem Finger zum Herzen f\u00fchrt. Der Ehering war so direkt mit dem Herzen als Zentrum der Liebe verbunden. Von dem Brauch, auch andere bedeutungsvolle Ringe am vierten Finger einer Hand zu tragen, leitete sich schlie\u00dflich die Bezeichnung des Ringfingers ab.<\/p><p>Ob der Ehering rechts oder links getragen wird, ist allerdings von Land zu Land unterschiedlich. In den meisten L\u00e4ndern, wie beispielsweise Frankreich, geh\u00f6rt der Ehering gem\u00e4\u00df der antiken Tradition an die linke Hand.<br \/>In Deutschland, \u00d6sterreich und der Schweiz wird der Ehering traditionell am rechten Ringfinger getragen. Warum dies so ist, ist nicht eindeutig gekl\u00e4rt. Wie die \u00c4gypter glaubten auch die Germanen, dass eine Liebesader den Ringfinger mit dem Herzen verbindet. Nur verlief die Ader im germanischen Glauben vom rechten Ringfinger zum Herzen. Eine andere Erkl\u00e4rung findet sich im christlichen Glauben, wonach die rechte Seite f\u00fcr das Gute steht und Gl\u00fcck bringen soll.<\/p>\t\t\t\t\t\t<\/div>\n\t\t\t\t<\/div>\n\t\t\t\t<div class=\"elementor-element elementor-element-0c0ad35 elementor-widget elementor-widget-image\" data-id=\"0c0ad35\" data-element_type=\"widget\" data-widget_type=\"image.default\">\n\t\t\t\t<div class=\"elementor-widget-container\">\n\t\t\t\t\t\t\t\t\t\t\t\t\t\t\t<img loading=\"lazy\" decoding=\"async\" width=\"799\" height=\"532\" src=\"https:\/\/www.amberemotion.com\/wp-content\/uploads\/2021\/07\/Partnerringe_Charlotte3.jpg\" class=\"attachment-full size-full wp-image-3159\" alt=\"\" srcset=\"https:\/\/www.amberemotion.com\/wp-content\/uploads\/2021\/07\/Partnerringe_Charlotte3.jpg 799w, https:\/\/www.amberemotion.com\/wp-content\/uploads\/2021\/07\/Partnerringe_Charlotte3-600x399.jpg 600w, https:\/\/www.amberemotion.com\/wp-content\/uploads\/2021\/07\/Partnerringe_Charlotte3-768x511.jpg 768w, https:\/\/www.amberemotion.com\/wp-content\/uploads\/2021\/07\/Partnerringe_Charlotte3-640x426.jpg 640w, https:\/\/www.amberemotion.com\/wp-content\/uploads\/2021\/07\/Partnerringe_Charlotte3-400x266.jpg 400w\" sizes=\"auto, (max-width: 799px) 100vw, 799px\" \/>\t\t\t\t\t\t\t\t\t\t\t\t\t\t\t<\/div>\n\t\t\t\t<\/div>\n\t\t\t\t\t<\/div>\r\n\t\t\t\t<\/div>\r\n\t\t\t\t\t<\/div>\r\n\t\t\t\t<\/section>\r\n\t\t\t\t\t\t\t<\/div>\n\t\t","protected":false},"excerpt":{"rendered":"<p>Schmucklexikon von amberemotion: Trauringe Trauringe\u00a0gelten bereits seit Jahrtausenden als Zeichen der Verbundenheit zwischen Mann und Frau. Schon in der Antike und im alten \u00c4gypten wurden\u00a0individuelle\u00a0Trauringe\u00a0an den Ringfinger der Braut gesteckt.\u00a0R\u00f6mische\u00a0Trauringe\u00a0waren ausschlie\u00dflich\u00a0Ringe f\u00fcr Damen, die zeigen sollten, dass eine Frau vergeben ist.Heute ist der Hochzeitsring ein zentraler Symbolgegenstand w\u00e4hrend des Ehegel\u00f6bnisses. Das Versprechen, sich ewig zu [&hellip;]<\/p>\n","protected":false},"author":4,"featured_media":0,"parent":4942,"menu_order":0,"comment_status":"closed","ping_status":"closed","template":"","meta":{"footnotes":""},"class_list":["post-4911","page","type-page","status-publish","hentry"],"acf":[],"aioseo_notices":[],"_links":{"self":[{"href":"https:\/\/www.amberemotion.com\/pl\/wp-json\/wp\/v2\/pages\/4911","targetHints":{"allow":["GET"]}}],"collection":[{"href":"https:\/\/www.amberemotion.com\/pl\/wp-json\/wp\/v2\/pages"}],"about":[{"href":"https:\/\/www.amberemotion.com\/pl\/wp-json\/wp\/v2\/types\/page"}],"author":[{"embeddable":true,"href":"https:\/\/www.amberemotion.com\/pl\/wp-json\/wp\/v2\/users\/4"}],"replies":[{"embeddable":true,"href":"https:\/\/www.amberemotion.com\/pl\/wp-json\/wp\/v2\/comments?post=4911"}],"version-history":[{"count":0,"href":"https:\/\/www.amberemotion.com\/pl\/wp-json\/wp\/v2\/pages\/4911\/revisions"}],"up":[{"embeddable":true,"href":"https:\/\/www.amberemotion.com\/pl\/wp-json\/wp\/v2\/pages\/4942"}],"wp:attachment":[{"href":"https:\/\/www.amberemotion.com\/pl\/wp-json\/wp\/v2\/media?parent=4911"}],"curies":[{"name":"wp","href":"https:\/\/api.w.org\/{rel}","templated":true}]}}