{"id":4861,"date":"2021-07-18T22:17:22","date_gmt":"2021-07-18T20:17:22","guid":{"rendered":"https:\/\/www.amberemotion.com\/versand\/"},"modified":"2025-07-15T23:14:39","modified_gmt":"2025-07-15T21:14:39","slug":"versand","status":"publish","type":"page","link":"https:\/\/www.amberemotion.com\/pl\/versand.html","title":{"rendered":"Versand"},"content":{"rendered":"\t\t<div data-elementor-type=\"wp-page\" data-elementor-id=\"4861\" class=\"elementor elementor-4861 elementor-3958\">\n\t\t\t\t\t\t\t<div class=\"elementor-element elementor-element-80ecf0b e-flex e-con-boxed e-con e-parent\" data-id=\"80ecf0b\" data-element_type=\"container\" data-settings=\"{&quot;content_width&quot;:&quot;boxed&quot;}\" data-core-v316-plus=\"true\">\n\t\t\t\t\t<div class=\"e-con-inner\">\n\t\t<div class=\"elementor-element elementor-element-7be4aca e-con-full e-flex e-con e-child\" data-id=\"7be4aca\" data-element_type=\"container\" data-settings=\"{&quot;content_width&quot;:&quot;full&quot;}\">\n\t\t\t\t<div class=\"elementor-element elementor-element-6fe7f2a elementor-widget elementor-widget-image\" data-id=\"6fe7f2a\" data-element_type=\"widget\" data-widget_type=\"image.default\">\n\t\t\t\t<div class=\"elementor-widget-container\">\n\t\t\t<style>\/*! elementor - v3.17.0 - 08-11-2023 *\/\n.elementor-widget-image{text-align:center}.elementor-widget-image a{display:inline-block}.elementor-widget-image a img[src$=\".svg\"]{width:48px}.elementor-widget-image img{vertical-align:middle;display:inline-block}<\/style>\t\t\t\t\t\t\t\t\t\t\t\t<img loading=\"lazy\" decoding=\"async\" width=\"767\" height=\"1024\" src=\"https:\/\/www.amberemotion.com\/wp-content\/uploads\/2024\/10\/Mini-Ring-mit-Kugel-767x1024.jpg\" class=\"attachment-large size-large wp-image-23020\" alt=\"Unser Mini Ring mit Kugel vereint minimalistisches Design mit zeitloser Eleganz. Dieser filigrane Kugelring ist das perfekte Accessoire f\u00fcr jeden Anlass und verleiht Ihrem Look eine subtile, stilvolle Note. Der Mini Ring mit Kugel ist ideal f\u00fcr alle, die dezenten Schmuck mit einem modernen Twist suchen.\" srcset=\"https:\/\/www.amberemotion.com\/wp-content\/uploads\/2024\/10\/Mini-Ring-mit-Kugel-767x1024.jpg 767w, https:\/\/www.amberemotion.com\/wp-content\/uploads\/2024\/10\/Mini-Ring-mit-Kugel-640x854.jpg 640w, https:\/\/www.amberemotion.com\/wp-content\/uploads\/2024\/10\/Mini-Ring-mit-Kugel-400x534.jpg 400w, https:\/\/www.amberemotion.com\/wp-content\/uploads\/2024\/10\/Mini-Ring-mit-Kugel-367x490.jpg 367w, https:\/\/www.amberemotion.com\/wp-content\/uploads\/2024\/10\/Mini-Ring-mit-Kugel-600x801.jpg 600w\" sizes=\"auto, (max-width: 767px) 100vw, 767px\" \/>\t\t\t\t\t\t\t\t\t\t\t\t\t\t\t<\/div>\n\t\t\t\t<\/div>\n\t\t\t\t<\/div>\n\t\t<div class=\"elementor-element elementor-element-487fa92 e-con-full e-flex e-con e-child\" data-id=\"487fa92\" data-element_type=\"container\" data-settings=\"{&quot;content_width&quot;:&quot;full&quot;}\">\n\t\t\t\t<div class=\"elementor-element elementor-element-4f1662c elementor-widget elementor-widget-porto_ultimate_heading\" data-id=\"4f1662c\" data-element_type=\"widget\" data-widget_type=\"porto_ultimate_heading.default\">\n\t\t\t\t<div class=\"elementor-widget-container\">\n\t\t\t<div class=\"porto-u-heading  porto-u-1929\"><div class=\"porto-u-main-heading\"><h2    style=\"margin-bottom: 20px;\">VERSAND &amp; LIEFERUNG<\/h2><\/div><div class=\"porto-u-sub-heading\" style=\"\"><p>amberemotion\u00a0liefert\u00a0<strong><span style=\"text-decoration: underline;\">WELTWEIT<\/span><\/strong>\u00a0in eigener Schmuckverpackung.\u00a0<br \/><strong>Versandkostenpauschale betr\u00e4gt 3<span style=\"text-decoration: underline;\">,99 EUR.<\/span><\/strong><\/p><p>In Deutschland erfolgt der Versand per\u00a0<span style=\"text-decoration: underline;\">DHL Paket<\/span>\u00a0(Lieferzeit ca. 1-3 Tage), auch an Packstationen.<br \/>Express-Versand ist leider <span style=\"text-decoration: underline;\">nicht m\u00f6glich<\/span>.\u00a0<\/p><p>Internationale Bestellungen (z.B. Schweiz, USA) werden aus Polen (EU-Land) per Post (Brief International) versandt - (gesch\u00e4tzte Lieferzeit ca. 7-14 Tage).<\/p><p><span style=\"text-decoration: underline;\"><strong>WICHTIG !<\/strong><\/span><br \/>In au\u00dfereurop\u00e4ischen L\u00e4ndern (z.B. Schweiz, England oder USA) entf\u00e4llt die derzeit g\u00fcltige Mehrwertsteuer. Diese ist beim Zollamt zu entrichten. Weitere Kosten k\u00f6nnen anfallen. Daher erkundigen Sie sich bitte vor der Bestellung, welche\u00a0zus\u00e4tzlichen Kosten auf Sie zukommen, da diese\u00a0<span style=\"text-decoration: underline;\">vom K\u00e4ufer zu tragen sind<\/span>.<\/p><p>Lieferzeit\u00a0in Deutschland:<\/p><ul><li>Sofort versandfertige Produkte: 4-7 Tage<\/li><li>personalisierte Produkte: 7-10 Tage<\/li><\/ul><p><strong>VERSANDVERFOLGUNG<br \/><\/strong>Nach Versand erhalten Sie per E-Mail Ihre Versandnummer zur Verfolgung.<\/p><p><strong>WICHTIG!<br \/>ADRESSE F\u00dcR R\u00dcCKSENDUNGEN!<\/strong><\/p><p><strong>amberemotion<\/strong><br \/>c\/o ZAK<br \/>Rauschwalderstra\u00dfe 41<br \/>D-02826 G\u00f6rlitz<\/p><p><strong>HINWEIS auf Beteiligung am R\u00fccknahmesystem<\/strong>\u00a0<a href=\"http:\/\/www.landbell.de\/\" target=\"_blank\" rel=\"noreferrer noopener\"><span style=\"text-decoration: underline;\">der Landbell AG in Deutschland<\/span><\/a>\u00a0und <a href=\"https:\/\/easyshop.erp-recycling.at\" target=\"_blank\" rel=\"noopener\"><span style=\"text-decoration: underline;\">der Landbell Austria GmbH<\/span><\/a><\/p><p><img loading=\"lazy\" decoding=\"async\" width=\"72\" height=\"88\" class=\"wp-image-3959\" title=\"Landbell AG\" src=\"https:\/\/www.amberemotion.com\/wp-content\/uploads\/2021\/07\/RTEmagicC_ec61cf68f0.jpg.jpg\" alt=\"\" \/><\/p><\/div><style>.porto-u-1929.porto-u-heading{text-align:left}<\/style><\/div>\t\t<\/div>\n\t\t\t\t<\/div>\n\t\t\t\t<\/div>\n\t\t\t\t\t<\/div>\n\t\t\t\t<\/div>\n\t\t\t\t\t\t\t<\/div>\n\t\t","protected":false},"excerpt":{"rendered":"<p>VERSAND &amp; LIEFERUNG amberemotion\u00a0liefert\u00a0WELTWEIT\u00a0in eigener Schmuckverpackung.\u00a0Versandkostenpauschale betr\u00e4gt 3,99 EUR. In Deutschland erfolgt der Versand per\u00a0DHL Paket\u00a0(Lieferzeit ca. 1-3 Tage), auch an Packstationen.Express-Versand ist leider nicht m\u00f6glich.\u00a0 Internationale Bestellungen (z.B. Schweiz, USA) werden aus Polen (EU-Land) per Post (Brief International) versandt &#8211; (gesch\u00e4tzte Lieferzeit ca. 7-14 Tage). WICHTIG !In au\u00dfereurop\u00e4ischen L\u00e4ndern (z.B. Schweiz, England oder USA) [&hellip;]<\/p>\n","protected":false},"author":4,"featured_media":0,"parent":4872,"menu_order":0,"comment_status":"closed","ping_status":"closed","template":"","meta":{"footnotes":""},"class_list":["post-4861","page","type-page","status-publish","hentry"],"acf":[],"aioseo_notices":[],"_links":{"self":[{"href":"https:\/\/www.amberemotion.com\/pl\/wp-json\/wp\/v2\/pages\/4861","targetHints":{"allow":["GET"]}}],"collection":[{"href":"https:\/\/www.amberemotion.com\/pl\/wp-json\/wp\/v2\/pages"}],"about":[{"href":"https:\/\/www.amberemotion.com\/pl\/wp-json\/wp\/v2\/types\/page"}],"author":[{"embeddable":true,"href":"https:\/\/www.amberemotion.com\/pl\/wp-json\/wp\/v2\/users\/4"}],"replies":[{"embeddable":true,"href":"https:\/\/www.amberemotion.com\/pl\/wp-json\/wp\/v2\/comments?post=4861"}],"version-history":[{"count":30,"href":"https:\/\/www.amberemotion.com\/pl\/wp-json\/wp\/v2\/pages\/4861\/revisions"}],"predecessor-version":[{"id":25062,"href":"https:\/\/www.amberemotion.com\/pl\/wp-json\/wp\/v2\/pages\/4861\/revisions\/25062"}],"up":[{"embeddable":true,"href":"https:\/\/www.amberemotion.com\/pl\/wp-json\/wp\/v2\/pages\/4872"}],"wp:attachment":[{"href":"https:\/\/www.amberemotion.com\/pl\/wp-json\/wp\/v2\/media?parent=4861"}],"curies":[{"name":"wp","href":"https:\/\/api.w.org\/{rel}","templated":true}]}}