{"id":4835,"date":"2021-07-18T22:36:40","date_gmt":"2021-07-18T20:36:40","guid":{"rendered":"https:\/\/www.amberemotion.com\/schmuckverpackung\/"},"modified":"2021-07-18T22:36:40","modified_gmt":"2021-07-18T20:36:40","slug":"schmuckverpackung","status":"publish","type":"page","link":"https:\/\/www.amberemotion.com\/pl\/schmuckverpackung.html","title":{"rendered":"SCHMUCKVERPACKUNG"},"content":{"rendered":"\t\t<div data-elementor-type=\"wp-page\" data-elementor-id=\"4835\" class=\"elementor elementor-4835 elementor-3989\">\n\t\t\t\t\t\t\t\t\t<section class=\"elementor-section elementor-top-section elementor-element elementor-element-a1ddbb9 elementor-section-content-middle elementor-section-full_width elementor-section-height-default elementor-section-height-default\" data-id=\"a1ddbb9\" data-element_type=\"section\">\r\n\t\t\r\n\t\t\t\t\t\t\t<div class=\"elementor-container elementor-column-gap-no\">\r\n\t\t\t\t\t\t\t\t\t\t\t<div class=\"elementor-column elementor-col-100 elementor-top-column elementor-element elementor-element-91f0c77\" data-id=\"91f0c77\" data-element_type=\"column\">\r\n\t\t\t\t\t<div class=\"elementor-widget-wrap elementor-element-populated\">\r\n\t\t\t\t\t\t\t\t<div class=\"elementor-element elementor-element-b2e2b10 elementor-widget elementor-widget-image\" data-id=\"b2e2b10\" data-element_type=\"widget\" data-widget_type=\"image.default\">\n\t\t\t\t<div class=\"elementor-widget-container\">\n\t\t\t<style>\/*! elementor - v3.17.0 - 08-11-2023 *\/\n.elementor-widget-image{text-align:center}.elementor-widget-image a{display:inline-block}.elementor-widget-image a img[src$=\".svg\"]{width:48px}.elementor-widget-image img{vertical-align:middle;display:inline-block}<\/style>\t\t\t\t\t\t\t\t\t\t\t\t<img loading=\"lazy\" decoding=\"async\" width=\"1130\" height=\"1513\" src=\"https:\/\/www.amberemotion.com\/wp-content\/uploads\/2021\/07\/little_bow_Kette_1.jpg\" class=\"attachment-full size-full wp-image-1606\" alt=\"Halskette SCHLEIFE\" srcset=\"https:\/\/www.amberemotion.com\/wp-content\/uploads\/2021\/07\/little_bow_Kette_1.jpg 1130w, https:\/\/www.amberemotion.com\/wp-content\/uploads\/2021\/07\/little_bow_Kette_1-600x803.jpg 600w, https:\/\/www.amberemotion.com\/wp-content\/uploads\/2021\/07\/little_bow_Kette_1-765x1024.jpg 765w, https:\/\/www.amberemotion.com\/wp-content\/uploads\/2021\/07\/little_bow_Kette_1-768x1028.jpg 768w, https:\/\/www.amberemotion.com\/wp-content\/uploads\/2021\/07\/little_bow_Kette_1-640x857.jpg 640w, https:\/\/www.amberemotion.com\/wp-content\/uploads\/2021\/07\/little_bow_Kette_1-400x536.jpg 400w\" sizes=\"auto, (max-width: 1130px) 100vw, 1130px\" \/>\t\t\t\t\t\t\t\t\t\t\t\t\t\t\t<\/div>\n\t\t\t\t<\/div>\n\t\t\t\t<div class=\"elementor-element elementor-element-484b82d elementor-widget elementor-widget-heading\" data-id=\"484b82d\" data-element_type=\"widget\" data-widget_type=\"heading.default\">\n\t\t\t\t<div class=\"elementor-widget-container\">\n\t\t\t<style>\/*! elementor - v3.17.0 - 08-11-2023 *\/\n.elementor-heading-title{padding:0;margin:0;line-height:1}.elementor-widget-heading .elementor-heading-title[class*=elementor-size-]>a{color:inherit;font-size:inherit;line-height:inherit}.elementor-widget-heading .elementor-heading-title.elementor-size-small{font-size:15px}.elementor-widget-heading .elementor-heading-title.elementor-size-medium{font-size:19px}.elementor-widget-heading .elementor-heading-title.elementor-size-large{font-size:29px}.elementor-widget-heading .elementor-heading-title.elementor-size-xl{font-size:39px}.elementor-widget-heading .elementor-heading-title.elementor-size-xxl{font-size:59px}<\/style><h3 class=\"elementor-heading-title elementor-size-default\">Schmuckverpackung<\/h3>\t\t<\/div>\n\t\t\t\t<\/div>\n\t\t\t\t<div class=\"elementor-element elementor-element-4638ab7 elementor-widget elementor-widget-text-editor\" data-id=\"4638ab7\" data-element_type=\"widget\" data-widget_type=\"text-editor.default\">\n\t\t\t\t<div class=\"elementor-widget-container\">\n\t\t\t<style>\/*! elementor - v3.17.0 - 08-11-2023 *\/\n.elementor-widget-text-editor.elementor-drop-cap-view-stacked .elementor-drop-cap{background-color:#69727d;color:#fff}.elementor-widget-text-editor.elementor-drop-cap-view-framed .elementor-drop-cap{color:#69727d;border:3px solid;background-color:transparent}.elementor-widget-text-editor:not(.elementor-drop-cap-view-default) .elementor-drop-cap{margin-top:8px}.elementor-widget-text-editor:not(.elementor-drop-cap-view-default) .elementor-drop-cap-letter{width:1em;height:1em}.elementor-widget-text-editor .elementor-drop-cap{float:left;text-align:center;line-height:1;font-size:50px}.elementor-widget-text-editor .elementor-drop-cap-letter{display:inline-block}<\/style>\t\t\t\t<p class=\"bodytext\">Zauberhafte, edle Schmuckst\u00fccke verdienen eine ebenw\u00fcrdige Verpackung. Die schlichte Eleganz, f\u00fcr die unser Schmuck ber\u00fcchtigt ist, zieht sich daher auch bei der Schmuckverpackung wie ein roter Faden fort: Alle amberemotion-Artikel finden n\u00e4mlich in einem hochwertigen, liebevoll gestalteten\u00a0<strong>Schmucketui<\/strong>\u00a0den Weg zu Ihnen nach Hause. Dieses Schmucketui sorgt nicht nur f\u00fcr einen angemessenen Schutz des Schmuckst\u00fccks auf dem Transportweg, sondern kann gleichzeitig wunderbar als schlichte\u00a0<strong>Geschenkverpackung<\/strong>\u00a0sowie f\u00fcr die darauffolgende Schmuckaufbewahrung verwendet werden.<\/p>\t\t\t\t\t\t<\/div>\n\t\t\t\t<\/div>\n\t\t\t\t\t<\/div>\r\n\t\t\t\t<\/div>\r\n\t\t\t\t\t<\/div>\r\n\t\t\t\t<\/section>\r\n\t\t\t\t\t\t\t<\/div>\n\t\t","protected":false},"excerpt":{"rendered":"<p>Schmuckverpackung Zauberhafte, edle Schmuckst\u00fccke verdienen eine ebenw\u00fcrdige Verpackung. Die schlichte Eleganz, f\u00fcr die unser Schmuck ber\u00fcchtigt ist, zieht sich daher auch bei der Schmuckverpackung wie ein roter Faden fort: Alle amberemotion-Artikel finden n\u00e4mlich in einem hochwertigen, liebevoll gestalteten\u00a0Schmucketui\u00a0den Weg zu Ihnen nach Hause. Dieses Schmucketui sorgt nicht nur f\u00fcr einen angemessenen Schutz des Schmuckst\u00fccks auf [&hellip;]<\/p>\n","protected":false},"author":4,"featured_media":0,"parent":4853,"menu_order":0,"comment_status":"closed","ping_status":"closed","template":"","meta":{"footnotes":""},"class_list":["post-4835","page","type-page","status-publish","hentry"],"acf":[],"aioseo_notices":[],"_links":{"self":[{"href":"https:\/\/www.amberemotion.com\/pl\/wp-json\/wp\/v2\/pages\/4835","targetHints":{"allow":["GET"]}}],"collection":[{"href":"https:\/\/www.amberemotion.com\/pl\/wp-json\/wp\/v2\/pages"}],"about":[{"href":"https:\/\/www.amberemotion.com\/pl\/wp-json\/wp\/v2\/types\/page"}],"author":[{"embeddable":true,"href":"https:\/\/www.amberemotion.com\/pl\/wp-json\/wp\/v2\/users\/4"}],"replies":[{"embeddable":true,"href":"https:\/\/www.amberemotion.com\/pl\/wp-json\/wp\/v2\/comments?post=4835"}],"version-history":[{"count":0,"href":"https:\/\/www.amberemotion.com\/pl\/wp-json\/wp\/v2\/pages\/4835\/revisions"}],"up":[{"embeddable":true,"href":"https:\/\/www.amberemotion.com\/pl\/wp-json\/wp\/v2\/pages\/4853"}],"wp:attachment":[{"href":"https:\/\/www.amberemotion.com\/pl\/wp-json\/wp\/v2\/media?parent=4835"}],"curies":[{"name":"wp","href":"https:\/\/api.w.org\/{rel}","templated":true}]}}