{"id":6852,"date":"2021-07-07T20:59:48","date_gmt":"2021-07-07T18:59:48","guid":{"rendered":"https:\/\/www.amberemotion.com\/product\/uncategorized\/buchstabenkette-mama\/"},"modified":"2021-07-29T18:59:37","modified_gmt":"2021-07-29T16:59:37","slug":"buchstabenkette-mama","status":"publish","type":"product","link":"https:\/\/www.amberemotion.com\/en\/necklaces\/produkt\/buchstabenkette-mama.html","title":{"rendered":"Buchstabenkette MAMA"},"content":{"rendered":"<p>Dein Lieblingsbuchstabe immer bei Dir \u2665<\/p>\n<p>Personalisierter Buchstabenanh\u00e4nger mit zarter Kette, die das Gesamtbild des femininen und handgefertigten Schmuckst\u00fccks perfekt abrundet.<\/p>\n<style>#porto-info-list59484050369f86718b101f i { color: #21293c;font-size: 16px; }<\/style><ul id=\"porto-info-list59484050369f86718b101f\" class=\"porto-info-list pl-4\">\n<li class=\"porto-info-list-item\"><i class=\"porto-info-icon fa fa-check-circle\"><\/i><div class=\"porto-info-list-item-desc\" style=\"font-size: 14px;\">\n925\/- Sterling Silber<br \/>\n<\/div><\/li>\n<li class=\"porto-info-list-item\"><i class=\"porto-info-icon fa fa-check-circle\"><\/i><div class=\"porto-info-list-item-desc\" style=\"font-size: 14px;\">\nBuchstabe-Gr\u00f6\u00dfe 0,7 mm an Kette gel\u00f6tet. Umdrehen sind beide Seiten des Buchstaben gleich<br \/>\n<\/div><\/li>\n<li class=\"porto-info-list-item\"><i class=\"porto-info-icon fa fa-check-circle\"><\/i><div class=\"porto-info-list-item-desc\" style=\"font-size: 14px;\">\nfeine und zarte diamantierte Ankerkette mit Gesamtl\u00e4nge von ca. 45 cm (42 cm plus Verl\u00e4ngerung 3 cm)<br \/>\n<\/div><\/li>\n<\/ul>\n","protected":false},"excerpt":{"rendered":"<p class=\"bodytext\">Lorem ipsum dolor sit amet, consectetur adipiscing elit, sed do eiusmod tempor incididunt ut labore et dolore magna aliqua. Ut enim ad minim veniam, nostrud ipsum consectetur sed do, quis nostrud exercitation ullamco laboris nisi ut aliquip ex ea commodo consequat. Duis aute irure dolor in reprehenderit in voluptate velit esse cillum dolore eu fugiat nulla pariatur. Excepteur sint occaecat.<\/p>\n","protected":false},"featured_media":10982,"template":"","meta":[],"product_cat":[241],"product_tag":[],"class_list":{"0":"post-6852","1":"product","2":"type-product","3":"status-publish","4":"has-post-thumbnail","6":"product_cat-necklaces","8":"first","9":"instock","10":"featured","11":"taxable","12":"shipping-taxable","13":"purchasable","14":"product-type-variable"},"acf":[],"aioseo_notices":[],"_links":{"self":[{"href":"https:\/\/www.amberemotion.com\/en\/wp-json\/wp\/v2\/product\/6852","targetHints":{"allow":["GET"]}}],"collection":[{"href":"https:\/\/www.amberemotion.com\/en\/wp-json\/wp\/v2\/product"}],"about":[{"href":"https:\/\/www.amberemotion.com\/en\/wp-json\/wp\/v2\/types\/product"}],"wp:featuredmedia":[{"embeddable":true,"href":"https:\/\/www.amberemotion.com\/en\/wp-json\/wp\/v2\/media\/10982"}],"wp:attachment":[{"href":"https:\/\/www.amberemotion.com\/en\/wp-json\/wp\/v2\/media?parent=6852"}],"wp:term":[{"taxonomy":"product_cat","embeddable":true,"href":"https:\/\/www.amberemotion.com\/en\/wp-json\/wp\/v2\/product_cat?post=6852"},{"taxonomy":"product_tag","embeddable":true,"href":"https:\/\/www.amberemotion.com\/en\/wp-json\/wp\/v2\/product_tag?post=6852"}],"curies":[{"name":"wp","href":"https:\/\/api.w.org\/{rel}","templated":true}]}}