{"id":6822,"date":"2021-07-11T13:31:17","date_gmt":"2021-07-11T11:31:17","guid":{"rendered":"https:\/\/www.amberemotion.com\/product\/uncategorized\/fuskette-papierboot\/"},"modified":"2021-07-29T18:57:38","modified_gmt":"2021-07-29T16:57:38","slug":"fuskette-papierboot","status":"publish","type":"product","link":"https:\/\/www.amberemotion.com\/en\/necklaces\/produkt\/fuskette-papierboot.html","title":{"rendered":"Fu\u00dfkette PAPIERBOOT"},"content":{"rendered":"<p class=\"bodytext\">In den kleinen Dingen des Lebens liegt die Sch\u00f6nheit!<br \/>\nDies best\u00e4tigt auch diese hauchzarte\u00a0<strong>Fu\u00dfkette PAPIERBOOT<\/strong>\u00a0eine Hommage an all die wundersch\u00f6nen Kleinigkeiten, die das Leben bereith\u00e4lt.<\/p>\n<p class=\"bodytext\">Diese sch\u00f6ne und handgefertigte\u00a0<b><strong>Fu\u00dfkette<\/strong>\u00a0<\/b>aus unserer beliebten\u00a0<strong><a class=\"internal-link\" title=\"Opens internal link in current window\" href=\"https:\/\/www.amberemotion.com\/kollektion\/papierboot.html#c886\">Schmuck-Kollektion\u00a0PAPIERBOOT<\/a><\/strong>\u00a0bezaubert mit graziler Zartheit und einer liebevoll ausgearbeiteten Gestaltung.<\/p>\n<p class=\"bodytext\">Die\u00a0<strong>Fu\u00dfkette\u00a0Papierboot\u00a0<\/strong>kommt zu Ihnen in edler\u00a0<a class=\"internal-link\" title=\"Schmuckverpackung\" href=\"https:\/\/www.amberemotion.com\/service\/schmuckverpackung.html#c815\">Schmuckverpackung<\/a>\u00a0und auf Wunsch bieten wir unseren kreativen\u00a0<a class=\"external-link-new-window\" title=\"Geschenkservice\" href=\"https:\/\/www.amberemotion.com\/schoene-geschenke\/produkt\/geschenkservice-fuer-250-eur.html\" target=\"_blank\" rel=\"noopener\">Geschenkservice<\/a>\u00a0f\u00fcr 2,50 EUR an.<\/p>\n<style>#porto-info-list196607702069f5e8880fbfb i { color: #21293c;font-size: 16px; }<\/style><ul id=\"porto-info-list196607702069f5e8880fbfb\" class=\"porto-info-list pl-4\">\n<li class=\"porto-info-list-item\"><i class=\"porto-info-icon fa fa-check-circle\"><\/i><div class=\"porto-info-list-item-desc\" style=\"font-size: 14px;\">\n925\/- Silber\u00a0massiv gl\u00e4nzend<br \/>\n<\/div><\/li>\n<li class=\"porto-info-list-item\"><i class=\"porto-info-icon fa fa-check-circle\"><\/i><div class=\"porto-info-list-item-desc\" style=\"font-size: 14px;\">\ndiamentierte Ankerkette<br \/>\n<\/div><\/li>\n<li class=\"porto-info-list-item\"><i class=\"porto-info-icon fa fa-check-circle\"><\/i><div class=\"porto-info-list-item-desc\" style=\"font-size: 14px;\">\nGesamtl\u00e4nge: 26 cm (23 cm plus\u00a0Verl\u00e4ngerung 3 cm)<br \/>\n<\/div><\/li>\n<li class=\"porto-info-list-item\"><i class=\"porto-info-icon fa fa-check-circle\"><\/i><div class=\"porto-info-list-item-desc\" style=\"font-size: 14px;\">\nPapierboot-Gr\u00f6\u00dfe 5 x 8 mm an die Kette gel\u00f6tet<br \/>\n<\/div><\/li>\n<li class=\"porto-info-list-item\"><i class=\"porto-info-icon fa fa-check-circle\"><\/i><div class=\"porto-info-list-item-desc\" style=\"font-size: 14px;\">\nalle Seiten des Papierboots sind gleich<br \/>\n<\/div><\/li>\n<\/ul>\n","protected":false},"excerpt":{"rendered":"<p class=\"bodytext\">Lorem ipsum dolor sit amet, consectetur adipiscing elit, sed do eiusmod tempor incididunt ut labore et dolore magna aliqua. Ut enim ad minim veniam, nostrud ipsum consectetur sed do, quis nostrud exercitation ullamco laboris nisi ut aliquip ex ea commodo consequat. Duis aute irure dolor in reprehenderit in voluptate velit esse cillum dolore eu fugiat nulla pariatur. Excepteur sint occaecat.<\/p>\n","protected":false},"featured_media":18995,"template":"","meta":[],"product_cat":[144,241],"product_tag":[149],"class_list":{"0":"post-6822","1":"product","2":"type-product","3":"status-publish","4":"has-post-thumbnail","6":"product_cat-gifts","7":"product_cat-necklaces","8":"product_tag-papierboot-en","10":"first","11":"instock","12":"featured","13":"taxable","14":"shipping-taxable","15":"purchasable","16":"product-type-variable"},"acf":[],"aioseo_notices":[],"_links":{"self":[{"href":"https:\/\/www.amberemotion.com\/en\/wp-json\/wp\/v2\/product\/6822","targetHints":{"allow":["GET"]}}],"collection":[{"href":"https:\/\/www.amberemotion.com\/en\/wp-json\/wp\/v2\/product"}],"about":[{"href":"https:\/\/www.amberemotion.com\/en\/wp-json\/wp\/v2\/types\/product"}],"wp:featuredmedia":[{"embeddable":true,"href":"https:\/\/www.amberemotion.com\/en\/wp-json\/wp\/v2\/media\/18995"}],"wp:attachment":[{"href":"https:\/\/www.amberemotion.com\/en\/wp-json\/wp\/v2\/media?parent=6822"}],"wp:term":[{"taxonomy":"product_cat","embeddable":true,"href":"https:\/\/www.amberemotion.com\/en\/wp-json\/wp\/v2\/product_cat?post=6822"},{"taxonomy":"product_tag","embeddable":true,"href":"https:\/\/www.amberemotion.com\/en\/wp-json\/wp\/v2\/product_tag?post=6822"}],"curies":[{"name":"wp","href":"https:\/\/api.w.org\/{rel}","templated":true}]}}