{"id":6014,"date":"2021-07-14T22:25:52","date_gmt":"2021-07-14T20:25:52","guid":{"rendered":"https:\/\/www.amberemotion.com\/product\/uncategorized\/armband-knopf\/"},"modified":"2021-07-28T19:48:54","modified_gmt":"2021-07-28T17:48:54","slug":"armband-knopf","status":"publish","type":"product","link":"https:\/\/www.amberemotion.com\/en\/bracelets\/produkt\/armband-knopf.html","title":{"rendered":"Geometrisches Armband GEO No.1"},"content":{"rendered":"<p class=\"bodytext\">Wussten Sie, dass KNOPF ein Gl\u00fcckssymbol ist? Dieses h\u00fcbsche Armband wird zu Deinem t\u00e4glichen Begleiter und Gl\u00fccksbringer. Der Talisman sammelt gute Energie, so wie h\u00e4lt das B\u00f6se von dir fern. Das Kn\u00f6pfchen ist aus massivem Sterlingsilber und an einer zarten Venezianerkette angefertigt, die einen Faden nachmachen sollte. Es hat eine fein mattierte Oberfl\u00e4che, wobei alle anderen Teile sind gl\u00e4nzend. Dieser fantastische Kontrast zwischen MATT &amp; GLANZ macht den Knopf sehr edel. Der Knopf sieht nicht nur gut aus, sondern begleitet dich auch als Amulett.<\/p>\n<p>Dieses feine Schmuckst\u00fcck, welches in der Farbe Gold, Silber oder Ros\u00e9 erh\u00e4ltlich ist, l\u00e4sst sich aufgrund seiner Schlichtheit spielend leicht mit anderen Accessoires von unserer Kollektion kombinieren und wird so zu einem Schmuckst\u00fcck, an dem Sie sich nicht werden satt sehen k\u00f6nnen.<\/p>\n<p class=\"bodytext\">Das\u00a0<strong>h\u00fcbsche Armband<\/strong>\u00a0<b>KNOPF<\/b>\u00a0kommt zu Ihnen in edler\u00a0<a class=\"internal-link\" title=\"Opens internal link in current window\" href=\"https:\/\/www.amberemotion.com\/service\/schmuckverpackung.html#c815\">Schmuckverpackung<\/a>\u00a0und auf Wunsch bieten wir unseren kreativen\u00a0<a class=\"external-link-new-window\" title=\"Geschenkservice\" href=\"http:\/\/www.amberemotion.de\/schoene-geschenke\/produkt\/geschenkservice-fuer-250-eur.html\" target=\"_blank\" rel=\"noopener\">Geschenkservice<\/a>\u00a0f\u00fcr 2,50 EUR an.<\/p>\n<style>#porto-info-list108505642869f3a5f8594ac i { color: #21293c;font-size: 16px; }<\/style><ul id=\"porto-info-list108505642869f3a5f8594ac\" class=\"porto-info-list pl-4\">\n<li class=\"porto-info-list-item\"><i class=\"porto-info-icon fa fa-check-circle\"><\/i><div class=\"porto-info-list-item-desc\" style=\"font-size: 14px;\">\n<a class=\"internal-link\" title=\"925 Silber im Schmucklexikon\" href=\"https:\/\/www.amberemotion.com\/schmucklexikon\/silber.html#c104\">925\/- Silber<\/a><br \/>\n<\/div><\/li>\n<li class=\"porto-info-list-item\"><i class=\"porto-info-icon fa fa-check-circle\"><\/i><div class=\"porto-info-list-item-desc\" style=\"font-size: 14px;\">\naufgebracht 22 Karat Goldplattierung (916\/- Gold)<br \/>\n<\/div><\/li>\n<li class=\"porto-info-list-item\"><i class=\"porto-info-icon fa fa-check-circle\"><\/i><div class=\"porto-info-list-item-desc\" style=\"font-size: 14px;\">\nfein mattierte Oberfl\u00e4che<br \/>\n<\/div><\/li>\n<li class=\"porto-info-list-item\"><i class=\"porto-info-icon fa fa-check-circle\"><\/i><div class=\"porto-info-list-item-desc\" style=\"font-size: 14px;\">\nwobei alle anderen Teile sind gl\u00e4nzend<br \/>\n<\/div><\/li>\n<li class=\"porto-info-list-item\"><i class=\"porto-info-icon fa fa-check-circle\"><\/i><div class=\"porto-info-list-item-desc\" style=\"font-size: 14px;\">\nDurchmesser des Knopfs: 1 cm<br \/>\n<\/div><\/li>\n<li class=\"porto-info-list-item\"><i class=\"porto-info-icon fa fa-check-circle\"><\/i><div class=\"porto-info-list-item-desc\" style=\"font-size: 14px;\">\nfeine diamantierte Venezianerkette 16 cm plus Verl\u00e4ngerung 3 cm<br \/>\n<\/div><\/li>\n<p><\/ul>\n","protected":false},"excerpt":{"rendered":"<p class=\"bodytext\">Lorem ipsum dolor sit amet, consectetur adipiscing elit, sed do eiusmod tempor incididunt ut labore et dolore magna aliqua. Ut enim ad minim veniam, nostrud ipsum consectetur sed do, quis nostrud exercitation ullamco laboris nisi ut aliquip ex ea commodo consequat. Duis aute irure dolor in reprehenderit in voluptate velit esse cillum dolore eu fugiat nulla pariatur. Excepteur sint occaecat.<\/p>\n","protected":false},"featured_media":6018,"template":"","meta":[],"product_cat":[206],"product_tag":[],"class_list":{"0":"post-6014","1":"product","2":"type-product","3":"status-publish","4":"has-post-thumbnail","6":"product_cat-bracelets","8":"first","9":"instock","10":"featured","11":"taxable","12":"shipping-taxable","13":"purchasable","14":"product-type-variable"},"acf":[],"aioseo_notices":[],"_links":{"self":[{"href":"https:\/\/www.amberemotion.com\/en\/wp-json\/wp\/v2\/product\/6014","targetHints":{"allow":["GET"]}}],"collection":[{"href":"https:\/\/www.amberemotion.com\/en\/wp-json\/wp\/v2\/product"}],"about":[{"href":"https:\/\/www.amberemotion.com\/en\/wp-json\/wp\/v2\/types\/product"}],"wp:featuredmedia":[{"embeddable":true,"href":"https:\/\/www.amberemotion.com\/en\/wp-json\/wp\/v2\/media\/6018"}],"wp:attachment":[{"href":"https:\/\/www.amberemotion.com\/en\/wp-json\/wp\/v2\/media?parent=6014"}],"wp:term":[{"taxonomy":"product_cat","embeddable":true,"href":"https:\/\/www.amberemotion.com\/en\/wp-json\/wp\/v2\/product_cat?post=6014"},{"taxonomy":"product_tag","embeddable":true,"href":"https:\/\/www.amberemotion.com\/en\/wp-json\/wp\/v2\/product_tag?post=6014"}],"curies":[{"name":"wp","href":"https:\/\/api.w.org\/{rel}","templated":true}]}}