{"id":5331,"date":"2021-07-17T19:06:36","date_gmt":"2021-07-17T17:06:36","guid":{"rendered":"https:\/\/www.amberemotion.com\/product\/uncategorized\/taufkette-girl-mit-engelflugel\/"},"modified":"2021-07-28T18:27:12","modified_gmt":"2021-07-28T16:27:12","slug":"taufkette-girl-mit-engelflugel","status":"publish","type":"product","link":"https:\/\/www.amberemotion.com\/en\/gifts\/produkt\/taufkette-girl-mit-engelflugel.html","title":{"rendered":"Taufkette GIRL mit Engelfl\u00fcgel"},"content":{"rendered":"<p>Wundersch\u00f6ne NAMENSKETTE mit GRAVUR und traumhafter GESCHENKBOX mit unserem zauberhaften und personalisierten SCRAPBOOKING-LABEL.<\/p>\n<p>\u2727 DETAILS<\/p>\n<p>Alle Teile sind aus SILBER (925er Silber), der Namensanh\u00e4nger mit einem ausgeschnittenen kleinen M\u00e4dchen hat einen Durchmesser von ca. 16 mm, der Anh\u00e4nger mit originellem Swarovski-Crystal (Farbe zur Auswahl) ist ca. 15 mm hoch inkl. Krawatte (\u00d6se) und kann auch separat getragen werden, die Kugel- oder Ankerkette (zur Auswahl) mit L\u00e4nge (zur Auswahl), am Verschluss der Kette ist ein ENGELFL\u00dcGEL ca. 22 mm hoch und 6,5 mm breit befestigt<\/p>\n<p>\u2727 Gravur f\u00fcr Anh\u00e4nger:<\/p>\n<p>Gravur mit Schriftart s. Foto: Name mit ca. 8 Zeichen rund schr\u00e4g nach oben (vor oder hinter dem Namen k\u00f6nnen optional folgende Symbole: Herz, Stern oder das gew\u00fcnschte Symbol stehen).<\/p>\n<p>\u2727 Text f\u00fcr Box:<\/p>\n<p>Unser zauberhaftes SCRAPBOOKING-Label ist ganz an Sie angepasst und mit Ihrem pers\u00f6nlichen Text verseht. Das Label als ROSETTE oder VIERECK ist von uns ganz in Hand gefertigt: geschnitten und liebevoll mit zarten funkelnden Silber-Glitzern in verschiedenen Pastell-Farben (zur Auswahl).<\/p>\n","protected":false},"excerpt":{"rendered":"<p class=\"bodytext\">Lorem ipsum dolor sit amet, consectetur adipiscing elit, sed do eiusmod tempor incididunt ut labore et dolore magna aliqua. Ut enim ad minim veniam, nostrud ipsum consectetur sed do, quis nostrud exercitation ullamco laboris nisi ut aliquip ex ea commodo consequat. Duis aute irure dolor in reprehenderit in voluptate velit esse cillum dolore eu fugiat nulla pariatur. Excepteur sint occaecat.<\/p>\n","protected":false},"featured_media":5341,"template":"","meta":[],"product_cat":[144],"product_tag":[],"class_list":{"0":"post-5331","1":"product","2":"type-product","3":"status-publish","4":"has-post-thumbnail","6":"product_cat-gifts","8":"first","9":"instock","10":"taxable","11":"shipping-taxable","12":"purchasable","13":"product-type-simple"},"acf":[],"aioseo_notices":[],"_links":{"self":[{"href":"https:\/\/www.amberemotion.com\/en\/wp-json\/wp\/v2\/product\/5331","targetHints":{"allow":["GET"]}}],"collection":[{"href":"https:\/\/www.amberemotion.com\/en\/wp-json\/wp\/v2\/product"}],"about":[{"href":"https:\/\/www.amberemotion.com\/en\/wp-json\/wp\/v2\/types\/product"}],"wp:featuredmedia":[{"embeddable":true,"href":"https:\/\/www.amberemotion.com\/en\/wp-json\/wp\/v2\/media\/5341"}],"wp:attachment":[{"href":"https:\/\/www.amberemotion.com\/en\/wp-json\/wp\/v2\/media?parent=5331"}],"wp:term":[{"taxonomy":"product_cat","embeddable":true,"href":"https:\/\/www.amberemotion.com\/en\/wp-json\/wp\/v2\/product_cat?post=5331"},{"taxonomy":"product_tag","embeddable":true,"href":"https:\/\/www.amberemotion.com\/en\/wp-json\/wp\/v2\/product_tag?post=5331"}],"curies":[{"name":"wp","href":"https:\/\/api.w.org\/{rel}","templated":true}]}}