{"id":5232,"date":"2021-07-17T19:27:43","date_gmt":"2021-07-17T17:27:43","guid":{"rendered":"https:\/\/www.amberemotion.com\/product\/uncategorized\/namenkette-mit-lebensbaum-schmetterling-engelflugel\/"},"modified":"2021-07-28T18:24:28","modified_gmt":"2021-07-28T16:24:28","slug":"namenkette-mit-lebensbaum-schmetterling-engelflugel","status":"publish","type":"product","link":"https:\/\/www.amberemotion.com\/en\/gifts\/produkt\/namenkette-mit-lebensbaum-schmetterling-engelflugel.html","title":{"rendered":"Namenkette mit Lebensbaum, Schmetterling, Engelfl\u00fcgel"},"content":{"rendered":"<p>Wundersch\u00f6ne NAMENSKETTE mit GRAVUR und traumhafter GESCHENKBOX mit unserem zauberhaften und personalisierten SCRAPBOOKING-LABEL.<\/p>\n<p>\u2727 DETAILS<\/p>\n<p>Alle Teile sind aus SILBER (925er Silber), der runde Namensanh\u00e4nger hat einen Durchmesser von ca. 16 mm, kleiner Schmetterling-Gr\u00f6\u00dfe 7 x 7 mm, Au\u00dfenseite mattiert &amp; R\u00fcckseite gl\u00e4nzend, auf der R\u00fcckseite intergrierte Silber\u00f6se, der kleine Schmetterling kann auch separat getragen werden, der Lebensbaum-Anh\u00e4nger ist ca. 16 mm lang und ca. 14 mm breit, der Anh\u00e4nger mit originellem Swarovski-Crystal (Farbe zur Auswahl) ist ca. 15 mm hoch inkl. Krawatte (\u00d6se) und kann auch separat getragen werden, die Kugel- oder Ankerkette (zur Auswahl) mit L\u00e4nge (zur Auswahl), am Verschluss der Kette ist ein kleines durchbrochendes Gl\u00fccksternchen befestigt<\/p>\n<p>\u2727 Gravur f\u00fcr Anh\u00e4nger:<\/p>\n<p>Gravur mit Schriftart s. Foto: Name oder Name mit z.B. Geburts- oder Taufdatum, ca. 18 Zeichen rund oder ca. 8 Zeichen horizontal inkl. Satz- und Leerzeichen (vor oder hinter dem Namen bzw. zwischen dem Namen oder Datum k\u00f6nnen optional folgende Symbole: Herz, Stern oder das gew\u00fcnschte Symbol stehen.<\/p>\n<p>\u2727 Text f\u00fcr Box:<\/p>\n<p>Unser zauberhaftes SCRAPBOOKING-Label ist ganz an Sie angepasst und mit Ihrem pers\u00f6nlichen Text verseht. Das Label als ROSETTE oder VIERECK ist von uns ganz in Hand gefertigt: geschnitten und liebevoll mit zarten funkelnden Silber-Glitzern in verschiedenen Pastell-Farben (zur Auswahl).<\/p>\n","protected":false},"excerpt":{"rendered":"<p class=\"bodytext\">Lorem ipsum dolor sit amet, consectetur adipiscing elit, sed do eiusmod tempor incididunt ut labore et dolore magna aliqua. Ut enim ad minim veniam, nostrud ipsum consectetur sed do, quis nostrud exercitation ullamco laboris nisi ut aliquip ex ea commodo consequat. Duis aute irure dolor in reprehenderit in voluptate velit esse cillum dolore eu fugiat nulla pariatur. Excepteur sint occaecat.<\/p>\n","protected":false},"featured_media":15513,"template":"","meta":[],"product_cat":[144],"product_tag":[146],"class_list":{"0":"post-5232","1":"product","2":"type-product","3":"status-publish","4":"has-post-thumbnail","6":"product_cat-gifts","7":"product_tag-schmetterling-en","9":"first","10":"instock","11":"featured","12":"taxable","13":"shipping-taxable","14":"purchasable","15":"product-type-simple"},"acf":[],"aioseo_notices":[],"_links":{"self":[{"href":"https:\/\/www.amberemotion.com\/en\/wp-json\/wp\/v2\/product\/5232","targetHints":{"allow":["GET"]}}],"collection":[{"href":"https:\/\/www.amberemotion.com\/en\/wp-json\/wp\/v2\/product"}],"about":[{"href":"https:\/\/www.amberemotion.com\/en\/wp-json\/wp\/v2\/types\/product"}],"wp:featuredmedia":[{"embeddable":true,"href":"https:\/\/www.amberemotion.com\/en\/wp-json\/wp\/v2\/media\/15513"}],"wp:attachment":[{"href":"https:\/\/www.amberemotion.com\/en\/wp-json\/wp\/v2\/media?parent=5232"}],"wp:term":[{"taxonomy":"product_cat","embeddable":true,"href":"https:\/\/www.amberemotion.com\/en\/wp-json\/wp\/v2\/product_cat?post=5232"},{"taxonomy":"product_tag","embeddable":true,"href":"https:\/\/www.amberemotion.com\/en\/wp-json\/wp\/v2\/product_tag?post=5232"}],"curies":[{"name":"wp","href":"https:\/\/api.w.org\/{rel}","templated":true}]}}