{"id":4938,"date":"2021-07-09T22:21:26","date_gmt":"2021-07-09T20:21:26","guid":{"rendered":"https:\/\/www.amberemotion.com\/bernstein-naturbernstein\/"},"modified":"2021-07-28T12:56:41","modified_gmt":"2021-07-28T10:56:41","slug":"bernstein-naturbernstein","status":"publish","type":"page","link":"https:\/\/www.amberemotion.com\/en\/lexicon\/bernstein-naturbernstein.html","title":{"rendered":"Bernstein &#8211; Naturbernstein"},"content":{"rendered":"\t\t<div data-elementor-type=\"wp-page\" data-elementor-id=\"4938\" class=\"elementor elementor-4938 elementor-1151\">\n\t\t\t\t\t\t\t\t\t<section class=\"elementor-section elementor-top-section elementor-element elementor-element-6d591794 elementor-section-content-middle elementor-section-full_width elementor-section-height-default elementor-section-height-default\" data-id=\"6d591794\" data-element_type=\"section\">\r\n\t\t\r\n\t\t\t\t\t\t\t<div class=\"elementor-container elementor-column-gap-no\">\r\n\t\t\t\t\t\t\t\t\t\t\t<div class=\"elementor-column elementor-col-100 elementor-top-column elementor-element elementor-element-1b3baae0\" data-id=\"1b3baae0\" data-element_type=\"column\">\r\n\t\t\t\t\t<div class=\"elementor-widget-wrap elementor-element-populated\">\r\n\t\t\t\t\t\t\t\t<div class=\"elementor-element elementor-element-18cfe97a elementor-widget elementor-widget-image\" data-id=\"18cfe97a\" data-element_type=\"widget\" data-widget_type=\"image.default\">\n\t\t\t\t<div class=\"elementor-widget-container\">\n\t\t\t<style>\/*! elementor - v3.17.0 - 08-11-2023 *\/\n.elementor-widget-image{text-align:center}.elementor-widget-image a{display:inline-block}.elementor-widget-image a img[src$=\".svg\"]{width:48px}.elementor-widget-image img{vertical-align:middle;display:inline-block}<\/style>\t\t\t\t\t\t\t\t\t\t\t\t<img loading=\"lazy\" decoding=\"async\" width=\"1741\" height=\"610\" src=\"https:\/\/www.amberemotion.com\/wp-content\/uploads\/2021\/07\/baner01.jpg\" class=\"attachment-full size-full wp-image-1218\" alt=\"\" srcset=\"https:\/\/www.amberemotion.com\/wp-content\/uploads\/2021\/07\/baner01.jpg 1741w, https:\/\/www.amberemotion.com\/wp-content\/uploads\/2021\/07\/baner01-600x210.jpg 600w, https:\/\/www.amberemotion.com\/wp-content\/uploads\/2021\/07\/baner01-1024x359.jpg 1024w, https:\/\/www.amberemotion.com\/wp-content\/uploads\/2021\/07\/baner01-768x269.jpg 768w, https:\/\/www.amberemotion.com\/wp-content\/uploads\/2021\/07\/baner01-1536x538.jpg 1536w, https:\/\/www.amberemotion.com\/wp-content\/uploads\/2021\/07\/baner01-640x224.jpg 640w, https:\/\/www.amberemotion.com\/wp-content\/uploads\/2021\/07\/baner01-400x140.jpg 400w\" sizes=\"auto, (max-width: 1741px) 100vw, 1741px\" \/>\t\t\t\t\t\t\t\t\t\t\t\t\t\t\t<\/div>\n\t\t\t\t<\/div>\n\t\t\t\t<div class=\"elementor-element elementor-element-66aaf974 elementor-widget elementor-widget-heading\" data-id=\"66aaf974\" data-element_type=\"widget\" data-widget_type=\"heading.default\">\n\t\t\t\t<div class=\"elementor-widget-container\">\n\t\t\t<style>\/*! elementor - v3.17.0 - 08-11-2023 *\/\n.elementor-heading-title{padding:0;margin:0;line-height:1}.elementor-widget-heading .elementor-heading-title[class*=elementor-size-]>a{color:inherit;font-size:inherit;line-height:inherit}.elementor-widget-heading .elementor-heading-title.elementor-size-small{font-size:15px}.elementor-widget-heading .elementor-heading-title.elementor-size-medium{font-size:19px}.elementor-widget-heading .elementor-heading-title.elementor-size-large{font-size:29px}.elementor-widget-heading .elementor-heading-title.elementor-size-xl{font-size:39px}.elementor-widget-heading .elementor-heading-title.elementor-size-xxl{font-size:59px}<\/style><h3 class=\"elementor-heading-title elementor-size-default\">Bernstein - Naturbernstein<\/h3>\t\t<\/div>\n\t\t\t\t<\/div>\n\t\t\t\t<div class=\"elementor-element elementor-element-47c06e9 elementor-widget elementor-widget-text-editor\" data-id=\"47c06e9\" data-element_type=\"widget\" data-widget_type=\"text-editor.default\">\n\t\t\t\t<div class=\"elementor-widget-container\">\n\t\t\t<style>\/*! elementor - v3.17.0 - 08-11-2023 *\/\n.elementor-widget-text-editor.elementor-drop-cap-view-stacked .elementor-drop-cap{background-color:#69727d;color:#fff}.elementor-widget-text-editor.elementor-drop-cap-view-framed .elementor-drop-cap{color:#69727d;border:3px solid;background-color:transparent}.elementor-widget-text-editor:not(.elementor-drop-cap-view-default) .elementor-drop-cap{margin-top:8px}.elementor-widget-text-editor:not(.elementor-drop-cap-view-default) .elementor-drop-cap-letter{width:1em;height:1em}.elementor-widget-text-editor .elementor-drop-cap{float:left;text-align:center;line-height:1;font-size:50px}.elementor-widget-text-editor .elementor-drop-cap-letter{display:inline-block}<\/style>\t\t\t\t<p><strong>Naturbernstein<\/strong>\u00a0gilt als Liebes- und Sonnenstein, der in uns Lebensfreude weckt, uns Liebe und W\u00e4rme bringt und eine frische und fr\u00f6hliche Ausstrahlung schenkt. In seinem warmen Licht strahl er wie eine kleine Sonne f\u00fcr sich.<\/p>\t\t\t\t\t\t<\/div>\n\t\t\t\t<\/div>\n\t\t\t\t<section class=\"elementor-section elementor-inner-section elementor-element elementor-element-26e05f2d elementor-section-boxed elementor-section-height-default elementor-section-height-default\" data-id=\"26e05f2d\" data-element_type=\"section\">\r\n\t\t\r\n\t\t\t\t\t\t\t<div class=\"elementor-container elementor-column-gap-default\">\r\n\t\t\t\t\t\t\t\t\t\t\t<div class=\"elementor-column elementor-col-50 elementor-inner-column elementor-element elementor-element-25dfb183\" data-id=\"25dfb183\" data-element_type=\"column\">\r\n\t\t\t\t\t<div class=\"elementor-widget-wrap elementor-element-populated\">\r\n\t\t\t\t\t\t\t\t<div class=\"elementor-element elementor-element-5cc42fa9 elementor-widget elementor-widget-text-editor\" data-id=\"5cc42fa9\" data-element_type=\"widget\" data-widget_type=\"text-editor.default\">\n\t\t\t\t<div class=\"elementor-widget-container\">\n\t\t\t\t\t\t\t<p>Damit hellt er das Gem\u00fct auf und spendet Lebensmut. Seine Wirksamkeit zeigt er besonders im Solaplexus-Chakra, wo der\u00a0<strong>Bernstein<\/strong> mit seinen Schwingungen positive Energie erzeugt und Negatives abwehrt. Er f\u00f6rdert Eigenschaften wie Kontaktfreude, Beweglichkeit und Geschicklichkeit, auch Toleranz und Anpassungsf\u00e4higkeit. <strong>Bernsteinschmuck<\/strong> soll getragen werden, wenn man unter Stress leidet, sich regenerieren m\u00f6chte oder die Lebensfreude f\u00f6rdern m\u00f6chte. Tiefsitzende \u00c4ngste werden mit Hilfe von <strong>Bernsteinschmuck<\/strong>\u00a0\u00fcberwunden, Begeisterung und Freude werden verst\u00e4rkt, das Vertrauen und der Glaube an den eigenen Erfolg werden gesteigert, das Loslassen (auch von Sorgen) wird erleichtert und Hoffnung gesteigert, so dass man dem Leben entspannt und gelassen entgegen treten kann.<\/p>\t\t\t\t\t\t<\/div>\n\t\t\t\t<\/div>\n\t\t\t\t\t<\/div>\r\n\t\t\t\t<\/div>\r\n\t\t\t\t<div class=\"elementor-column elementor-col-50 elementor-inner-column elementor-element elementor-element-4d5c40c\" data-id=\"4d5c40c\" data-element_type=\"column\">\r\n\t\t\t\t\t<div class=\"elementor-widget-wrap elementor-element-populated\">\r\n\t\t\t\t\t\t\t\t<div class=\"elementor-element elementor-element-6e6e4be2 elementor-widget elementor-widget-text-editor\" data-id=\"6e6e4be2\" data-element_type=\"widget\" data-widget_type=\"text-editor.default\">\n\t\t\t\t<div class=\"elementor-widget-container\">\n\t\t\t\t\t\t\t<p><strong>Bernstein<\/strong>\u00a0st\u00e4rkt die Entscheidungsf\u00e4higkeit und hilft bei Ratlosigkeit und Depressionen. Der cognacfarbige\u00a0<strong>Bernstein<\/strong> im <strong>Bernsteinschmuck<\/strong> verspricht seinem Besitzer\/in unersch\u00f6pfliche Energie und bringt Reichtum.<\/p><p><strong>Naturbernstein<\/strong>\u00a0ist ein seit alters her bekannter Heil- und Schmuckstein. Er ist eine organische Substanz bestehend aus versteinertem und entw\u00e4ssertem Harz. Dank seiner Sch\u00f6nheit, angenehmem Geruch und Heileigenschaften wurde das einst klebrige Harz gegen vielerlei Leiden verordnet.\u00a0<strong>Bernsteinschmuck<\/strong> sollte l\u00e4ngere Zeit hindurch ohne Unterbrechung getragen werden, um das volle Potential seiner Heilkraft aussch\u00f6pfen zu k\u00f6nnen.<\/p>\t\t\t\t\t\t<\/div>\n\t\t\t\t<\/div>\n\t\t\t\t\t<\/div>\r\n\t\t\t\t<\/div>\r\n\t\t\t\t\t<\/div>\r\n\t\t\t\t<\/section>\r\n\t\t\t\t\t<\/div>\r\n\t\t\t\t<\/div>\r\n\t\t\t\t\t<\/div>\r\n\t\t\t\t<\/section>\r\n\t\t\t\t<section class=\"elementor-section elementor-top-section elementor-element elementor-element-8a763ae elementor-section-full_width elementor-section-height-default elementor-section-height-default\" data-id=\"8a763ae\" data-element_type=\"section\">\r\n\t\t\r\n\t\t\t\t\t\t\t<div class=\"elementor-container elementor-column-gap-default\">\r\n\t\t\t\t\t\t\t\t\t\t\t<div class=\"elementor-column elementor-col-100 elementor-top-column elementor-element elementor-element-7d24d4b\" data-id=\"7d24d4b\" data-element_type=\"column\">\r\n\t\t\t\t\t<div class=\"elementor-widget-wrap elementor-element-populated\">\r\n\t\t\t\t\t\t\t\t<div class=\"elementor-element elementor-element-8ec3c81 elementor-widget elementor-widget-image\" data-id=\"8ec3c81\" data-element_type=\"widget\" data-widget_type=\"image.default\">\n\t\t\t\t<div class=\"elementor-widget-container\">\n\t\t\t\t\t\t\t\t\t\t\t\t\t\t\t<img loading=\"lazy\" decoding=\"async\" width=\"1741\" height=\"610\" src=\"https:\/\/www.amberemotion.com\/wp-content\/uploads\/2021\/07\/bursztynbg05.png\" class=\"attachment-full size-full wp-image-1279\" alt=\"\" srcset=\"https:\/\/www.amberemotion.com\/wp-content\/uploads\/2021\/07\/bursztynbg05.png 1741w, https:\/\/www.amberemotion.com\/wp-content\/uploads\/2021\/07\/bursztynbg05-600x210.png 600w, https:\/\/www.amberemotion.com\/wp-content\/uploads\/2021\/07\/bursztynbg05-1024x359.png 1024w, https:\/\/www.amberemotion.com\/wp-content\/uploads\/2021\/07\/bursztynbg05-768x269.png 768w, https:\/\/www.amberemotion.com\/wp-content\/uploads\/2021\/07\/bursztynbg05-1536x538.png 1536w, https:\/\/www.amberemotion.com\/wp-content\/uploads\/2021\/07\/bursztynbg05-640x224.png 640w, https:\/\/www.amberemotion.com\/wp-content\/uploads\/2021\/07\/bursztynbg05-400x140.png 400w\" sizes=\"auto, (max-width: 1741px) 100vw, 1741px\" \/>\t\t\t\t\t\t\t\t\t\t\t\t\t\t\t<\/div>\n\t\t\t\t<\/div>\n\t\t\t\t<div class=\"elementor-element elementor-element-2cff59b elementor-widget elementor-widget-text-editor\" data-id=\"2cff59b\" data-element_type=\"widget\" data-widget_type=\"text-editor.default\">\n\t\t\t\t<div class=\"elementor-widget-container\">\n\t\t\t\t\t\t\t<p class=\"bodytext\"><strong>Naturbernstein<\/strong>\u00a0entfaltet seine heilende Wirkung besonders im Leber-, Magen- und Gallenbereich &#8211; aber auch im gesamten Verdauungssystem. Bei allen Erk\u00e4ltungskrankheiten, Harnleiden, Zahnschmerzen &#8211; hier insbesondere beim Zahnen von Kleinkindern &#8211; wird ihm eine lindernde Heilwirkung nachgesagt. Als Kette um den Hals getragen, sollte der\u00a0<strong>Bernstein<\/strong>\u00a0Entz\u00fcndungen der Atemwege verhindern bzw. ihre Heilung beschleunigen.<\/p><p class=\"bodytext\">Er f\u00f6rdert aber auch die schnellere Heilwirkung bei Asthma, Brustschmerzen und Herzschw\u00e4che. Sehr positiv wirkt er bei Infektionen, Wundheilung, Ohren- und Nierenerkrankungen, St\u00f6rungen des Nervensystems, Reisekrankheit, Hormonst\u00f6rungen sowie Hautkrankheiten wie Pickeln, Ekzemen und Allergien. Die gelbe klare Farbe des Bernsteins l\u00f6st Verspannungen und Verh\u00e4rtungen.<\/p><p class=\"bodytext\">Zudem ist der\u00a0<strong>Bernstein<\/strong>\u00a0ein echter Handschmeichler, denn er f\u00fchlt sich angenehm warm an. Au\u00dferdem soll das Urgestein auf das Eisen im Blut wirken und daf\u00fcr sorgen, dass verst\u00e4rkt Sauerstoff zu den Zellen transportiert wird \u2013 der Garant f\u00fcr ein strahlendes Aussehen.<\/p><p class=\"bodytext\">Jantar &#8211; guter Stein, heiliger Stein, Gold des Nordens, Gold der Ostsee &#8211;\u00a0<strong>Bernstein<\/strong>\u00a0tr\u00e4gt zahlreiche Namen. In fr\u00fcheren Zeiten glaubte man, dass Bernstein durch die Ber\u00fchrung der Sonnenstrahlen mit dem Meer entstanden ist. Im alten Griechenland war Bernstein um ca. 1600 v. Chr. besonders wertvoll. Hier glaubte man, dass es sich um ins Wasser gefallene Tr\u00e4nen von Nymphen handelte. Das alte griechische Wort f\u00fcr\u00a0<a class=\"external-link-new-window\" href=\"http:\/\/vz.arsano.de\/Schmuck\/Bernstein\/\" target=\"_blank\" rel=\"noopener\">Bernstein<\/a>\u00a0war Elektron (aus der Sonne entstanden).<br \/>\u201eK\u00fcgelchen gelb wie die Sonne\u201d &#8211; so besang sie selbst Homer.<\/p><p class=\"bodytext\"><strong>Bernstein<\/strong>\u00a0hat auch viele Farben: je nach seinem Alter schimmert er mit allen Farben von beinahe Wei\u00df, \u00fcber alle Schattierungen des Gelbs und Oranges, bis zum dunklen, fast Kirschrot. Seit Jahrhunderten erweckte der Bernstein Bewunderung und Interesse. Dank seiner Sch\u00f6nheit, angenehmem Geruch und relativ leichter Bearbeitungsweise wurde er immer als Stein zur Versch\u00f6nerung verwendet.<\/p><p class=\"bodytext\">Es wurden dem\u00a0<strong>Bernstein<\/strong>\u00a0auch magische Kraft, sowie Heileigenschaften zugeschrieben. In der Vergangenheit wurden aus\u00a0<strong>Bernstein<\/strong>\u00a0hoch gesch\u00e4tzte Amulette angefertigt, heutzutage findet er in der Kosmetikindustrie und in Hausapotheken Anwendung. Das h\u00f6chste Interesse erweckten seit Jahrhunderten die Kl\u00fcmpchen\u00a0<strong>Bernstein<\/strong>, in denen eingeschlossene Lebewesen &#8211; in das Harz eingebettete Insekten und Pflanzenreste erhalten blieben, Lebensspuren von vor Millionen Jahren.<\/p><p class=\"bodytext\">Mehr\u00a0Informationen zum Thema\u00a0<strong><a class=\"external-link-new-window\" href=\"http:\/\/de.wikipedia.org\/wiki\/Bernstein\" target=\"_blank\" rel=\"noopener\">Bernstein<\/a><\/strong>\u00a0lesen Sie auf Wikipedia.<\/p>\t\t\t\t\t\t<\/div>\n\t\t\t\t<\/div>\n\t\t\t\t\t<\/div>\r\n\t\t\t\t<\/div>\r\n\t\t\t\t\t<\/div>\r\n\t\t\t\t<\/section>\r\n\t\t\t\t\t\t\t<\/div>\n\t\t","protected":false},"excerpt":{"rendered":"<p>Bernstein &#8211; Naturbernstein Naturbernstein&nbsp;gilt als Liebes- und Sonnenstein, der in uns Lebensfreude weckt, uns Liebe und W\u00e4rme bringt und eine frische und fr\u00f6hliche Ausstrahlung schenkt. In seinem warmen Licht strahl er wie eine kleine Sonne f\u00fcr sich. Damit hellt er das Gem\u00fct auf und spendet Lebensmut. Seine Wirksamkeit zeigt er besonders im Solaplexus-Chakra, wo der&nbsp;Bernstein [&hellip;]<\/p>\n","protected":false},"author":4,"featured_media":0,"parent":4941,"menu_order":0,"comment_status":"closed","ping_status":"closed","template":"","meta":{"footnotes":""},"class_list":["post-4938","page","type-page","status-publish","hentry"],"acf":[],"aioseo_notices":[],"_links":{"self":[{"href":"https:\/\/www.amberemotion.com\/en\/wp-json\/wp\/v2\/pages\/4938","targetHints":{"allow":["GET"]}}],"collection":[{"href":"https:\/\/www.amberemotion.com\/en\/wp-json\/wp\/v2\/pages"}],"about":[{"href":"https:\/\/www.amberemotion.com\/en\/wp-json\/wp\/v2\/types\/page"}],"author":[{"embeddable":true,"href":"https:\/\/www.amberemotion.com\/en\/wp-json\/wp\/v2\/users\/4"}],"replies":[{"embeddable":true,"href":"https:\/\/www.amberemotion.com\/en\/wp-json\/wp\/v2\/comments?post=4938"}],"version-history":[{"count":0,"href":"https:\/\/www.amberemotion.com\/en\/wp-json\/wp\/v2\/pages\/4938\/revisions"}],"up":[{"embeddable":true,"href":"https:\/\/www.amberemotion.com\/en\/wp-json\/wp\/v2\/pages\/4941"}],"wp:attachment":[{"href":"https:\/\/www.amberemotion.com\/en\/wp-json\/wp\/v2\/media?parent=4938"}],"curies":[{"name":"wp","href":"https:\/\/api.w.org\/{rel}","templated":true}]}}