{"id":4931,"date":"2021-07-09T22:22:00","date_gmt":"2021-07-09T20:22:00","guid":{"rendered":"https:\/\/www.amberemotion.com\/gold\/"},"modified":"2021-07-28T12:56:44","modified_gmt":"2021-07-28T10:56:44","slug":"gold","status":"publish","type":"page","link":"https:\/\/www.amberemotion.com\/en\/lexicon\/gold.html","title":{"rendered":"Gold"},"content":{"rendered":"\t\t<div data-elementor-type=\"wp-page\" data-elementor-id=\"4931\" class=\"elementor elementor-4931 elementor-1155\">\n\t\t\t\t\t\t\t\t\t<section class=\"elementor-section elementor-top-section elementor-element elementor-element-fea2fde elementor-section-content-middle elementor-section-full_width elementor-section-height-default elementor-section-height-default\" data-id=\"fea2fde\" data-element_type=\"section\">\r\n\t\t\r\n\t\t\t\t\t\t\t<div class=\"elementor-container elementor-column-gap-no\">\r\n\t\t\t\t\t\t\t\t\t\t\t<div class=\"elementor-column elementor-col-100 elementor-top-column elementor-element elementor-element-47611aa\" data-id=\"47611aa\" data-element_type=\"column\">\r\n\t\t\t\t\t<div class=\"elementor-widget-wrap elementor-element-populated\">\r\n\t\t\t\t\t\t\t\t<div class=\"elementor-element elementor-element-ef2df4a elementor-widget elementor-widget-image\" data-id=\"ef2df4a\" data-element_type=\"widget\" data-widget_type=\"image.default\">\n\t\t\t\t<div class=\"elementor-widget-container\">\n\t\t\t<style>\/*! elementor - v3.17.0 - 08-11-2023 *\/\n.elementor-widget-image{text-align:center}.elementor-widget-image a{display:inline-block}.elementor-widget-image a img[src$=\".svg\"]{width:48px}.elementor-widget-image img{vertical-align:middle;display:inline-block}<\/style>\t\t\t\t\t\t\t\t\t\t\t\t<img loading=\"lazy\" decoding=\"async\" width=\"1500\" height=\"526\" src=\"https:\/\/www.amberemotion.com\/wp-content\/uploads\/2021\/07\/gold03.png\" class=\"attachment-full size-full wp-image-1348\" alt=\"\" srcset=\"https:\/\/www.amberemotion.com\/wp-content\/uploads\/2021\/07\/gold03.png 1500w, https:\/\/www.amberemotion.com\/wp-content\/uploads\/2021\/07\/gold03-600x210.png 600w, https:\/\/www.amberemotion.com\/wp-content\/uploads\/2021\/07\/gold03-1024x359.png 1024w, https:\/\/www.amberemotion.com\/wp-content\/uploads\/2021\/07\/gold03-768x269.png 768w, https:\/\/www.amberemotion.com\/wp-content\/uploads\/2021\/07\/gold03-640x224.png 640w, https:\/\/www.amberemotion.com\/wp-content\/uploads\/2021\/07\/gold03-400x140.png 400w\" sizes=\"auto, (max-width: 1500px) 100vw, 1500px\" \/>\t\t\t\t\t\t\t\t\t\t\t\t\t\t\t<\/div>\n\t\t\t\t<\/div>\n\t\t\t\t<div class=\"elementor-element elementor-element-b029723 elementor-widget elementor-widget-heading\" data-id=\"b029723\" data-element_type=\"widget\" data-widget_type=\"heading.default\">\n\t\t\t\t<div class=\"elementor-widget-container\">\n\t\t\t<style>\/*! elementor - v3.17.0 - 08-11-2023 *\/\n.elementor-heading-title{padding:0;margin:0;line-height:1}.elementor-widget-heading .elementor-heading-title[class*=elementor-size-]>a{color:inherit;font-size:inherit;line-height:inherit}.elementor-widget-heading .elementor-heading-title.elementor-size-small{font-size:15px}.elementor-widget-heading .elementor-heading-title.elementor-size-medium{font-size:19px}.elementor-widget-heading .elementor-heading-title.elementor-size-large{font-size:29px}.elementor-widget-heading .elementor-heading-title.elementor-size-xl{font-size:39px}.elementor-widget-heading .elementor-heading-title.elementor-size-xxl{font-size:59px}<\/style><h3 class=\"elementor-heading-title elementor-size-default\">Schmucklexikon von amberemotion: Gold<\/h3>\t\t<\/div>\n\t\t\t\t<\/div>\n\t\t\t\t<div class=\"elementor-element elementor-element-16a70c9 elementor-widget elementor-widget-text-editor\" data-id=\"16a70c9\" data-element_type=\"widget\" data-widget_type=\"text-editor.default\">\n\t\t\t\t<div class=\"elementor-widget-container\">\n\t\t\t<style>\/*! elementor - v3.17.0 - 08-11-2023 *\/\n.elementor-widget-text-editor.elementor-drop-cap-view-stacked .elementor-drop-cap{background-color:#69727d;color:#fff}.elementor-widget-text-editor.elementor-drop-cap-view-framed .elementor-drop-cap{color:#69727d;border:3px solid;background-color:transparent}.elementor-widget-text-editor:not(.elementor-drop-cap-view-default) .elementor-drop-cap{margin-top:8px}.elementor-widget-text-editor:not(.elementor-drop-cap-view-default) .elementor-drop-cap-letter{width:1em;height:1em}.elementor-widget-text-editor .elementor-drop-cap{float:left;text-align:center;line-height:1;font-size:50px}.elementor-widget-text-editor .elementor-drop-cap-letter{display:inline-block}<\/style>\t\t\t\t<p><strong>GOLD<\/strong>\u00a0&#8211; ein seltenes Naturprodukt unseres Planeten, welches Menschen schon seit vielen Jahrhunderten in seinen Bann zieht und nach wie vor \u00e4u\u00dferst begehrt ist. Egal ob in M\u00e4rchen oder in der Realit\u00e4t, Gold hat seine Wertigkeit nie verloren und steht nach wie vor f\u00fcr Wohlstand, Reichtum und Macht. Auf Grund seines immerw\u00e4hrenden Glanzes und seiner Seltenheit, wurde und wird diese chemische Verbindung seit je her sowohl als beliebtes Zahlungsmittel als auch in Form von\u00a0<strong>Schmuck<\/strong>\u00a0und anderen Wertgegenst\u00e4nden verwendet.<br \/>Gold bringt neben seiner hohen Wertigkeit als international akzeptiertes Zahlungsmittel auch noch weitere Vorteile mit sich: Wunderbare Verarbeitungsm\u00f6glichkeiten und gute, andauernde Haltbarkeit. Besonders in der Elektronik kommt dieses Material gerne immer wieder zum Einsatz aber auch in der Optik und Medizin wird Gold in Form von Schutzschichten, Salzen und Verbindungen verwendet.<\/p>\t\t\t\t\t\t<\/div>\n\t\t\t\t<\/div>\n\t\t\t\t<section class=\"elementor-section elementor-inner-section elementor-element elementor-element-7e6859b elementor-section-boxed elementor-section-height-default elementor-section-height-default\" data-id=\"7e6859b\" data-element_type=\"section\">\r\n\t\t\r\n\t\t\t\t\t\t\t<div class=\"elementor-container elementor-column-gap-default\">\r\n\t\t\t\t\t\t\t\t\t\t\t<div class=\"elementor-column elementor-col-50 elementor-inner-column elementor-element elementor-element-f2d8ed3\" data-id=\"f2d8ed3\" data-element_type=\"column\">\r\n\t\t\t\t\t<div class=\"elementor-widget-wrap elementor-element-populated\">\r\n\t\t\t\t\t\t\t\t<div class=\"elementor-element elementor-element-15cbaf3 elementor-widget elementor-widget-text-editor\" data-id=\"15cbaf3\" data-element_type=\"widget\" data-widget_type=\"text-editor.default\">\n\t\t\t\t<div class=\"elementor-widget-container\">\n\t\t\t\t\t\t\t<p class=\"bodytext\"><b>GESCHICHTLICHER EINBLICK<br \/><\/b>Gold ist eines der \u00e4ltesten Metalle welches vom Menschen bearbeitet wurde. Somit blickt es auf eine sehr lange Geschichte zur\u00fcck. Die genauen Anf\u00e4nge sind hierbei nicht konkret in Zahlen zu belegen, jedoch historisch betrachtet reichen die Anf\u00e4nge dieses Edelmetalls bis in die Kupferzeit zur\u00fcck &#8211; dies bezeugen diverse Funde von Ausgrabungsgegenst\u00e4nden aus dieser Epoche. Die ersten M\u00fcnzen wurden bereits im 6. Jahrhundert n. Chr. als Zahlungsmittel verwendet. Und auch im neuen Testament wird schon von Gold geschrieben, welches die drei Weisen aus dem Morgenland Gottes Sohn als Gabe mitbringen.<\/p><p class=\"bodytext\"><b>GOLDPREISE<br \/><\/b>Im 17. Jahrhundert begann man schlie\u00dflich, einen Standard f\u00fcr den Goldpreis einzuf\u00fchren &#8211; auf dem London Bullion Market. Dort begann die internationale Verwendung eines Goldstandards schlie\u00dflich um 1870. Heutzutage gibt es zwei ausschlaggebende Faktoren, die auf den Goldpreis des 21. Jahrhunderts Einfluss haben: Der \u00d6lpreis und der aktuelle des US-Dollar-Kurs (da Gold in dieser W\u00e4hrung gehandelt wird).<\/p>\t\t\t\t\t\t<\/div>\n\t\t\t\t<\/div>\n\t\t\t\t\t<\/div>\r\n\t\t\t\t<\/div>\r\n\t\t\t\t<div class=\"elementor-column elementor-col-50 elementor-inner-column elementor-element elementor-element-49fe375\" data-id=\"49fe375\" data-element_type=\"column\">\r\n\t\t\t\t\t<div class=\"elementor-widget-wrap elementor-element-populated\">\r\n\t\t\t\t\t\t\t\t<div class=\"elementor-element elementor-element-6934f26 elementor-widget elementor-widget-text-editor\" data-id=\"6934f26\" data-element_type=\"widget\" data-widget_type=\"text-editor.default\">\n\t\t\t\t<div class=\"elementor-widget-container\">\n\t\t\t\t\t\t\t<strong>KARAT \u2013 WAS BEDEUTET DAS?\n<\/strong>Man geht bei Gold von einem Basiswert von 24 Karat aus, ebenfalls bezeichnet als 999er Gold (99,9% Goldanteil). Hier spricht man von Feingold \u2013 reinem Gold, dem keinerlei Zus\u00e4tze beigemischt wurden. Umso geringer die Karat Zahl, umso geringer auch die Reinheit des Goldes. Wei\u00dfgold hat beispielsweise einen hohen Silberanteil, ist deshalb heller und ein 585er Gold, hat also 14 Karat. Rotgold hingegen hat\u00a09 Karat und ist ein 333er Gold.\n<ul>\n<li>\n9\u00a0Karat Gold = 333er (z.B.\u00a0<a class=\"external-link-new-window\" title=\"Armband CHARLOTTE-Ros\u00e9gold 9 K\" href=\"https:\/\/www.amberemotion.com\/armbaender\/produkt\/armreif-charlotte-no-1-1.html\" target=\"_blank\" rel=\"noopener\">Armband CHARLOTTE-Ros\u00e9gold<\/a>)\n<\/li>\n<li>\n14 Karat Gold = 585er (z.B.\u00a0<a class=\"external-link-new-window\" title=\"Armband CHARLOTTE-Ros\u00e9gold 14 K\" href=\"https:\/\/www.amberemotion.com\/armbaender\/produkt\/armreif-charlotte-no-1-14-karat.html\" target=\"_blank\" rel=\"noopener\">Armband CHARLOTTE-Ros\u00e9gold<\/a>)\n<\/li>\n<li>\n18 Karat Gold = 750er\n<\/li>\n<li>\n21,6 Karat Gold = 900er\n<\/li>\n<li>\n24 Karat Gold = 999er\n<\/li>\n<\/ul\/\t\t\t\t\t\t<\/div>\n\t\t\t\t<\/div>\n\t\t\t\t\t<\/div>\r\n\t\t\t\t<\/div>\r\n\t\t\t\t\t<\/div>\r\n\t\t\t\t<\/section>\r\n\t\t\t\t\t<\/div>\r\n\t\t\t\t<\/div>\r\n\t\t\t\t\t<\/div>\r\n\t\t\t\t<\/section>\r\n\t\t\t\t<section class=\"elementor-section elementor-top-section elementor-element elementor-element-0cf0456 elementor-section-full_width elementor-section-height-default elementor-section-height-default\" data-id=\"0cf0456\" data-element_type=\"section\">\r\n\t\t\r\n\t\t\t\t\t\t\t<div class=\"elementor-container elementor-column-gap-default\">\r\n\t\t\t\t\t\t\t\t\t\t\t<div class=\"elementor-column elementor-col-100 elementor-top-column elementor-element elementor-element-d247621\" data-id=\"d247621\" data-element_type=\"column\">\r\n\t\t\t\t\t<div class=\"elementor-widget-wrap elementor-element-populated\">\r\n\t\t\t\t\t\t\t\t<div class=\"elementor-element elementor-element-9814c08 elementor-widget elementor-widget-image\" data-id=\"9814c08\" data-element_type=\"widget\" data-widget_type=\"image.default\">\n\t\t\t\t<div class=\"elementor-widget-container\">\n\t\t\t\t\t\t\t\t\t\t\t\t\t\t\t<img loading=\"lazy\" decoding=\"async\" width=\"1500\" height=\"526\" src=\"https:\/\/www.amberemotion.com\/wp-content\/uploads\/2021\/07\/gold02.png\" class=\"attachment-full size-full wp-image-1346\" alt=\"\" srcset=\"https:\/\/www.amberemotion.com\/wp-content\/uploads\/2021\/07\/gold02.png 1500w, https:\/\/www.amberemotion.com\/wp-content\/uploads\/2021\/07\/gold02-600x210.png 600w, https:\/\/www.amberemotion.com\/wp-content\/uploads\/2021\/07\/gold02-1024x359.png 1024w, https:\/\/www.amberemotion.com\/wp-content\/uploads\/2021\/07\/gold02-768x269.png 768w, https:\/\/www.amberemotion.com\/wp-content\/uploads\/2021\/07\/gold02-640x224.png 640w, https:\/\/www.amberemotion.com\/wp-content\/uploads\/2021\/07\/gold02-400x140.png 400w\" sizes=\"auto, (max-width: 1500px) 100vw, 1500px\" \/>\t\t\t\t\t\t\t\t\t\t\t\t\t\t\t<\/div>\n\t\t\t\t<\/div>\n\t\t\t\t<div class=\"elementor-element elementor-element-4cf8a20 elementor-widget elementor-widget-text-editor\" data-id=\"4cf8a20\" data-element_type=\"widget\" data-widget_type=\"text-editor.default\">\n\t\t\t\t<div class=\"elementor-widget-container\">\n\t\t\t\t\t\t\t<p class=\"bodytext\"><strong>UNTERSCHIEDLICHE ARTEN VON GOLD<br \/><\/strong>Gold kann durch bestimmte Legierungen mit andersfarbigen Metallen unterschiedliche Nuancen annehmen. Die gebr\u00e4uchlichsten Farbt\u00f6ne und Legierungen sind Wei\u00dfgold, Rotgold (<strong><a class=\"external-link-new-window\" title=\"Ros\u00e9gold\" href=\"https:\/\/www.amberemotion.com\/armbaender\/produkt\/armreif-charlotte-no-1-14-karat.html\" target=\"_blank\" rel=\"noopener\">Ros\u00e9gold<\/a><\/strong>), Gelbgold und Gr\u00fcngold. Wei\u00dfgold ist ein Sammelbegriff, der Goldlegierungen bezeichnet, die durch die Zugabe von Silber, Palladium oder Nickel k\u00fcnstlich aufgehellt werden. Rotgold hingegen besitzt einen hohen Kupferanteil und gibt dem Material einen roten Farbton. Gelbgold erh\u00e4lt man durch die Zugabe von Silber und Kupfer zu gleichen Teilen und \u00e4hnelt dem \u201etypischen\u201c gelblichen Goldton am st\u00e4rksten. Hingegen Gr\u00fcngold entsteht, wenn Gold und Silber zu gleichen Teilen miteinander verschmolzen werden.<\/p><p>F\u00fcr die Schmuckverarbeitung ist Feingold tendenziell zu weich, weshalb hier auf Goldlegierungen mit anderen Metallen zur\u00fcckgegriffen wird. Wei\u00dfgold und Gelbgold werden h\u00e4ufig verwendet, da sie gut zu bearbeiten als auch robust genug sind. Wei\u00dfgold \u00e4hnelt von der Optik her Silber, ist aber im Vergleich zu Silber besser f\u00fcr die Schmuckverarbeitung geeignet, da es nicht oxidiert und unsch\u00f6ne Verf\u00e4rbungen somit umgangen werden.<\/p><p>Der Wert eines Schmuckst\u00fcckes aus Gold kann aber nicht nur in materiellen Ma\u00dfst\u00e4ben gemessen werden, sondern auch in emotionalen. Ein\u00a0<a class=\"external-link-new-window\" title=\"Goldring\" href=\"http:\/\/www.stylight.de\/Goldringe\" target=\"_blank\" rel=\"noopener\">Goldring von STYLIGHT<\/a>\u00a0kann eine Ehe besiegeln, ein\u00a0<a class=\"external-link-new-window\" title=\"Armband aus Gold\" href=\"https:\/\/www.amberemotion.com\/brautschmuck\/produkt\/brautarmreif-charlotte-no-1.html\" target=\"_blank\" rel=\"noopener\">schickes Armband aus Gold als Brautschmuck<\/a>\u00a0ein Brautkleid versch\u00f6nern oder ein\u00a0Anh\u00e4nger\u00a0als Erbst\u00fcck \u00fcber Generationen bestehen.\u00a0<strong>Goldschmuck<\/strong>\u00a0ist und bleibt ein echter Klassiker in den es immer zu investieren lohnt. Je nach Belieben im klassischen Goldgelb, f\u00fcr die Silber-Liebhaber in Wei\u00dfgold oder als extravagantes St\u00fcck in Rot- oder Gr\u00fcngold.um 1870. Heutzutage gibt es zwei ausschaggebende Faktoren, die auf den Goldpreis des 21. Jahrhunderts Einfluss haben: Der \u00d6lpreis und der aktuelle des US-Dollar-Kurs (da Gold in dieser W\u00e4hrung gehandelt wird).<\/p>\t\t\t\t\t\t<\/div>\n\t\t\t\t<\/div>\n\t\t\t\t\t<\/div>\r\n\t\t\t\t<\/div>\r\n\t\t\t\t\t<\/div>\r\n\t\t\t\t<\/section>\r\n\t\t\t\t\t\t\t<\/div>\n\t\t","protected":false},"excerpt":{"rendered":"<p>Schmucklexikon von amberemotion: Gold GOLD&nbsp;&#8211; ein seltenes Naturprodukt unseres Planeten, welches Menschen schon seit vielen Jahrhunderten in seinen Bann zieht und nach wie vor \u00e4u\u00dferst begehrt ist. Egal ob in M\u00e4rchen oder in der Realit\u00e4t, Gold hat seine Wertigkeit nie verloren und steht nach wie vor f\u00fcr Wohlstand, Reichtum und Macht. Auf Grund seines immerw\u00e4hrenden [&hellip;]<\/p>\n","protected":false},"author":4,"featured_media":0,"parent":4941,"menu_order":0,"comment_status":"closed","ping_status":"closed","template":"","meta":{"footnotes":""},"class_list":["post-4931","page","type-page","status-publish","hentry"],"acf":[],"aioseo_notices":[],"_links":{"self":[{"href":"https:\/\/www.amberemotion.com\/en\/wp-json\/wp\/v2\/pages\/4931","targetHints":{"allow":["GET"]}}],"collection":[{"href":"https:\/\/www.amberemotion.com\/en\/wp-json\/wp\/v2\/pages"}],"about":[{"href":"https:\/\/www.amberemotion.com\/en\/wp-json\/wp\/v2\/types\/page"}],"author":[{"embeddable":true,"href":"https:\/\/www.amberemotion.com\/en\/wp-json\/wp\/v2\/users\/4"}],"replies":[{"embeddable":true,"href":"https:\/\/www.amberemotion.com\/en\/wp-json\/wp\/v2\/comments?post=4931"}],"version-history":[{"count":0,"href":"https:\/\/www.amberemotion.com\/en\/wp-json\/wp\/v2\/pages\/4931\/revisions"}],"up":[{"embeddable":true,"href":"https:\/\/www.amberemotion.com\/en\/wp-json\/wp\/v2\/pages\/4941"}],"wp:attachment":[{"href":"https:\/\/www.amberemotion.com\/en\/wp-json\/wp\/v2\/media?parent=4931"}],"curies":[{"name":"wp","href":"https:\/\/api.w.org\/{rel}","templated":true}]}}