{"id":4910,"date":"2021-07-09T22:25:00","date_gmt":"2021-07-09T20:25:00","guid":{"rendered":"https:\/\/www.amberemotion.com\/unikatschmuck\/"},"modified":"2021-07-28T13:05:30","modified_gmt":"2021-07-28T11:05:30","slug":"unikatschmuck","status":"publish","type":"page","link":"https:\/\/www.amberemotion.com\/en\/lexicon\/unikatschmuck.html","title":{"rendered":"Unikatschmuck"},"content":{"rendered":"\t\t<div data-elementor-type=\"wp-page\" data-elementor-id=\"4910\" class=\"elementor elementor-4910 elementor-1175\">\n\t\t\t\t\t\t\t\t\t<section class=\"elementor-section elementor-top-section elementor-element elementor-element-355b995 elementor-section-content-middle elementor-section-full_width elementor-section-height-default elementor-section-height-default\" data-id=\"355b995\" data-element_type=\"section\">\r\n\t\t\r\n\t\t\t\t\t\t\t<div class=\"elementor-container elementor-column-gap-no\">\r\n\t\t\t\t\t\t\t\t\t\t\t<div class=\"elementor-column elementor-col-100 elementor-top-column elementor-element elementor-element-1afd572\" data-id=\"1afd572\" data-element_type=\"column\">\r\n\t\t\t\t\t<div class=\"elementor-widget-wrap elementor-element-populated\">\r\n\t\t\t\t\t\t\t\t<div class=\"elementor-element elementor-element-6bade08 elementor-widget elementor-widget-image\" data-id=\"6bade08\" data-element_type=\"widget\" data-widget_type=\"image.default\">\n\t\t\t\t<div class=\"elementor-widget-container\">\n\t\t\t<style>\/*! elementor - v3.17.0 - 08-11-2023 *\/\n.elementor-widget-image{text-align:center}.elementor-widget-image a{display:inline-block}.elementor-widget-image a img[src$=\".svg\"]{width:48px}.elementor-widget-image img{vertical-align:middle;display:inline-block}<\/style>\t\t\t\t\t\t\t\t\t\t\t\t<img loading=\"lazy\" decoding=\"async\" width=\"1008\" height=\"1300\" src=\"https:\/\/www.amberemotion.com\/wp-content\/uploads\/2021\/07\/s-bg02-1.png\" class=\"attachment-full size-full wp-image-2783\" alt=\"\" srcset=\"https:\/\/www.amberemotion.com\/wp-content\/uploads\/2021\/07\/s-bg02-1.png 1008w, https:\/\/www.amberemotion.com\/wp-content\/uploads\/2021\/07\/s-bg02-1-600x774.png 600w, https:\/\/www.amberemotion.com\/wp-content\/uploads\/2021\/07\/s-bg02-1-794x1024.png 794w, https:\/\/www.amberemotion.com\/wp-content\/uploads\/2021\/07\/s-bg02-1-768x990.png 768w, https:\/\/www.amberemotion.com\/wp-content\/uploads\/2021\/07\/s-bg02-1-640x825.png 640w, https:\/\/www.amberemotion.com\/wp-content\/uploads\/2021\/07\/s-bg02-1-400x516.png 400w\" sizes=\"auto, (max-width: 1008px) 100vw, 1008px\" \/>\t\t\t\t\t\t\t\t\t\t\t\t\t\t\t<\/div>\n\t\t\t\t<\/div>\n\t\t\t\t<div class=\"elementor-element elementor-element-7629840 elementor-widget elementor-widget-heading\" data-id=\"7629840\" data-element_type=\"widget\" data-widget_type=\"heading.default\">\n\t\t\t\t<div class=\"elementor-widget-container\">\n\t\t\t<style>\/*! elementor - v3.17.0 - 08-11-2023 *\/\n.elementor-heading-title{padding:0;margin:0;line-height:1}.elementor-widget-heading .elementor-heading-title[class*=elementor-size-]>a{color:inherit;font-size:inherit;line-height:inherit}.elementor-widget-heading .elementor-heading-title.elementor-size-small{font-size:15px}.elementor-widget-heading .elementor-heading-title.elementor-size-medium{font-size:19px}.elementor-widget-heading .elementor-heading-title.elementor-size-large{font-size:29px}.elementor-widget-heading .elementor-heading-title.elementor-size-xl{font-size:39px}.elementor-widget-heading .elementor-heading-title.elementor-size-xxl{font-size:59px}<\/style><h3 class=\"elementor-heading-title elementor-size-default\">Schmucklexikon von amberemotion: Unikatschmuck\n<\/h3>\t\t<\/div>\n\t\t\t\t<\/div>\n\t\t\t\t<div class=\"elementor-element elementor-element-47377eb elementor-widget elementor-widget-text-editor\" data-id=\"47377eb\" data-element_type=\"widget\" data-widget_type=\"text-editor.default\">\n\t\t\t\t<div class=\"elementor-widget-container\">\n\t\t\t<style>\/*! elementor - v3.17.0 - 08-11-2023 *\/\n.elementor-widget-text-editor.elementor-drop-cap-view-stacked .elementor-drop-cap{background-color:#69727d;color:#fff}.elementor-widget-text-editor.elementor-drop-cap-view-framed .elementor-drop-cap{color:#69727d;border:3px solid;background-color:transparent}.elementor-widget-text-editor:not(.elementor-drop-cap-view-default) .elementor-drop-cap{margin-top:8px}.elementor-widget-text-editor:not(.elementor-drop-cap-view-default) .elementor-drop-cap-letter{width:1em;height:1em}.elementor-widget-text-editor .elementor-drop-cap{float:left;text-align:center;line-height:1;font-size:50px}.elementor-widget-text-editor .elementor-drop-cap-letter{display:inline-block}<\/style>\t\t\t\t<p class=\"bodytext\">F\u00fcr unseren hochwertigen\u00a0<strong>Unikatschmuck<\/strong>\u00a0w\u00e4hlen wir ausschlie\u00dflich ausgesuchte Naturbernsteine mit markanten Oberfl\u00e4chenstrukturen und lebendigen Farben, die in Handarbeit mit Edelmetallen bearbeitet werden. Naturgem\u00e4\u00df k\u00f6nnen geringe und einmalige Abweichungen in Gewicht, Struktur und Farbton entstehen, was jedes unserer Schmuckst\u00fccke zum unvergleichlichen und pers\u00f6nlichen Juwel macht.<\/p><p class=\"bodytext\">Die auf den Fotos gezeigten Unikat-Schmuckst\u00fccke geben einen guten Eindruck wieder, sind aber unverbindlich.<\/p>\t\t\t\t\t\t<\/div>\n\t\t\t\t<\/div>\n\t\t\t\t\t<\/div>\r\n\t\t\t\t<\/div>\r\n\t\t\t\t\t<\/div>\r\n\t\t\t\t<\/section>\r\n\t\t\t\t\t\t\t<\/div>\n\t\t","protected":false},"excerpt":{"rendered":"<p>Schmucklexikon von amberemotion: Unikatschmuck F\u00fcr unseren hochwertigen&nbsp;Unikatschmuck&nbsp;w\u00e4hlen wir ausschlie\u00dflich ausgesuchte Naturbernsteine mit markanten Oberfl\u00e4chenstrukturen und lebendigen Farben, die in Handarbeit mit Edelmetallen bearbeitet werden. Naturgem\u00e4\u00df k\u00f6nnen geringe und einmalige Abweichungen in Gewicht, Struktur und Farbton entstehen, was jedes unserer Schmuckst\u00fccke zum unvergleichlichen und pers\u00f6nlichen Juwel macht. Die auf den Fotos gezeigten Unikat-Schmuckst\u00fccke geben einen guten [&hellip;]<\/p>\n","protected":false},"author":4,"featured_media":0,"parent":4941,"menu_order":0,"comment_status":"closed","ping_status":"closed","template":"","meta":{"footnotes":""},"class_list":["post-4910","page","type-page","status-publish","hentry"],"acf":[],"aioseo_notices":[],"_links":{"self":[{"href":"https:\/\/www.amberemotion.com\/en\/wp-json\/wp\/v2\/pages\/4910","targetHints":{"allow":["GET"]}}],"collection":[{"href":"https:\/\/www.amberemotion.com\/en\/wp-json\/wp\/v2\/pages"}],"about":[{"href":"https:\/\/www.amberemotion.com\/en\/wp-json\/wp\/v2\/types\/page"}],"author":[{"embeddable":true,"href":"https:\/\/www.amberemotion.com\/en\/wp-json\/wp\/v2\/users\/4"}],"replies":[{"embeddable":true,"href":"https:\/\/www.amberemotion.com\/en\/wp-json\/wp\/v2\/comments?post=4910"}],"version-history":[{"count":0,"href":"https:\/\/www.amberemotion.com\/en\/wp-json\/wp\/v2\/pages\/4910\/revisions"}],"up":[{"embeddable":true,"href":"https:\/\/www.amberemotion.com\/en\/wp-json\/wp\/v2\/pages\/4941"}],"wp:attachment":[{"href":"https:\/\/www.amberemotion.com\/en\/wp-json\/wp\/v2\/media?parent=4910"}],"curies":[{"name":"wp","href":"https:\/\/api.w.org\/{rel}","templated":true}]}}