{"id":4877,"date":"2021-07-18T19:16:05","date_gmt":"2021-07-18T17:16:05","guid":{"rendered":"https:\/\/www.amberemotion.com\/presse\/"},"modified":"2023-01-05T00:19:23","modified_gmt":"2023-01-04T23:19:23","slug":"presse","status":"publish","type":"page","link":"https:\/\/www.amberemotion.com\/en\/press.html","title":{"rendered":"Presse"},"content":{"rendered":"<article id=\"post-7402\">\n\t\t\t\t\t\t\t\t\t\t\t<a href=\"https:\/\/www.amberemotion.com\/presse\/verrueckt-nach-hochzeit.html\"><br \/>\n<img decoding=\"async\" width=\"340\" height=\"348\" src=\"https:\/\/www.amberemotion.com\/wp-content\/uploads\/2021\/08\/CR-20140406-102854_web_q-340x500-1-340x348.jpg\" alt=\"\" loading=\"lazy\"><br \/>\n<\/a><br \/>\n2Sie-21<\/p>\n<h2>Verr\u00fcckt nach Hochzeit<\/h2>\n<p><!-- Post meta before content --><br \/>\nCategory: <a href=\"https:\/\/www.amberemotion.com\/en\/category\/press\/\" rel=\"category tag\">Presse<\/a><\/p>\n<hr>\n<p><a href=\"https:\/\/www.amberemotion.com\/author\/lukaszwebleaders-agency\/\" title=\"Wpisy, kt\u00f3rych autorem jest lukasz@webleaders.agency\" rel=\"author\">lukasz@webleaders.agency<\/a>2021-08-02T15:44:16+02:00<\/p>\n<p>Ich kann keine Klischeehochzeiten mehr sehen! Keine Reifrock-Monster, keine billigen Rosen aus Afrika mit Plaste-Diamanten, keine Tauben!<br \/>\nIch will Brautpaare, die nicht fragen, was \u201eman\u201c macht sondern machen, was sie wollen \u2013 ohne R\u00fccksicht auf Tante Ilse, die Nachbarn oder den Kollegen aus dem Projektcontrolling.<br \/>\nF\u00fcr solche Traumhochzeiten bracht es nur&#8230;<\/p>\n<p><!-- Post meta after content --><br \/>\n<a href=\"https:\/\/www.amberemotion.com\/presse\/verrueckt-nach-hochzeit.html\">Read more<\/a><br \/>\n<\/article>\n<article id=\"post-7406\">\n\t\t\t\t\t\t\t\t\t\t\t<a href=\"https:\/\/www.amberemotion.com\/presse\/verlockendes.html\"><br \/>\n<img decoding=\"async\" width=\"340\" height=\"348\" src=\"https:\/\/www.amberemotion.com\/wp-content\/uploads\/2021\/08\/Becca-340x500-1-340x348.jpg\" alt=\"\" loading=\"lazy\"><br \/>\n<\/a><br \/>\n2Sie-21<\/p>\n<h2>Verlockendes<\/h2>\n<p><!-- Post meta before content --><br \/>\nCategory: <a href=\"https:\/\/www.amberemotion.com\/en\/category\/press\/\" rel=\"category tag\">Presse<\/a><\/p>\n<hr>\n<p><a href=\"https:\/\/www.amberemotion.com\/author\/lukaszwebleaders-agency\/\" title=\"Wpisy, kt\u00f3rych autorem jest lukasz@webleaders.agency\" rel=\"author\">lukasz@webleaders.agency<\/a>2021-08-02T15:44:16+02:00<\/p>\n<p>Hallo, sch\u00f6n dich bei mir zu haben! Mein Name ist Rebecca, Bloggen und Fotografie, sowie sch\u00f6ne Dinge sind meine Passion.<br \/>\nVerlockendes ist mein Lifestyle-, Food und Interiorblog \u2013 alles aufgefrischt mit Geschichten aus meinem Alltag.<br \/>\nIch bin verheiratet, Mama vom frechen Ben und der kleinen Zitrone, lebe mit ihm und meinem&#8230;<\/p>\n<p><!-- Post meta after content --><br \/>\n<a href=\"https:\/\/www.amberemotion.com\/presse\/verlockendes.html\">Read more<\/a><br \/>\n<\/article>\n<article id=\"post-7439\">\n\t\t\t\t\t\t\t\t\t\t\t<a href=\"https:\/\/www.amberemotion.com\/presse\/womanweb.html\"><br \/>\n<img decoding=\"async\" width=\"340\" height=\"348\" src=\"https:\/\/www.amberemotion.com\/wp-content\/uploads\/2021\/08\/Feature_Tile_1_b4c2d5e9-4f17-49cf-aec1-2175130931de-340x500-1-340x348.jpg\" alt=\"\" loading=\"lazy\"><br \/>\n<\/a><br \/>\n2Sie-21<\/p>\n<h2>WomanWeb<\/h2>\n<p><!-- Post meta before content --><br \/>\nCategory: <a href=\"https:\/\/www.amberemotion.com\/en\/category\/press\/\" rel=\"category tag\">Presse<\/a><\/p>\n<hr>\n<p><a href=\"https:\/\/www.amberemotion.com\/author\/lukaszwebleaders-agency\/\" title=\"Wpisy, kt\u00f3rych autorem jest lukasz@webleaders.agency\" rel=\"author\">lukasz@webleaders.agency<\/a>2021-08-02T15:44:16+02:00<\/p>\n<p>\u201eHandgefertigter Silberschmuck aus erlesenen Natursteinen in ausgefallenen Designs\u201e<\/p>\n<p><!-- Post meta after content --><br \/>\n<a href=\"https:\/\/www.amberemotion.com\/presse\/womanweb.html\">Read more<\/a><br \/>\n<\/article>\n<article id=\"post-7713\">\n\t\t\t\t\t\t\t\t\t\t\t<a href=\"https:\/\/www.amberemotion.com\/presse\/welt-der-melancholie.html\"><br \/>\n<img decoding=\"async\" width=\"340\" height=\"348\" src=\"https:\/\/www.amberemotion.com\/wp-content\/uploads\/2021\/08\/2o-340x480-1-340x348.jpg\" alt=\"\" loading=\"lazy\"><br \/>\n<\/a><br \/>\n2Sie-21<\/p>\n<h2>Welt der Melancholie<\/h2>\n<p><!-- Post meta before content --><br \/>\nCategory: <a href=\"https:\/\/www.amberemotion.com\/en\/category\/press\/\" rel=\"category tag\">Presse<\/a><\/p>\n<hr>\n<p><a href=\"https:\/\/www.amberemotion.com\/author\/lukaszwebleaders-agency\/\" title=\"Wpisy, kt\u00f3rych autorem jest lukasz@webleaders.agency\" rel=\"author\">lukasz@webleaders.agency<\/a>2021-08-02T15:45:16+02:00<\/p>\n<p>Ich bin Nadine, 32, verheiratet und Mama.<br \/>\nMelancholia startete im Mai 2012. Als Hobby. Daraus wurde mehr. Meine Leidenschaften liegen im fotografischenBereich und mit diesem Blog will ich die Begebenheiten und Momente meines Lebens festhalten.<br \/>\nApril 2014 wurde der Blog umbenannt in Lichtfarbe-Berlin.<br \/>\nEine bestimmte Richtung gibt es nicht. Ich blogge worauf&#8230;<\/p>\n<p><!-- Post meta after content --><br \/>\n<a href=\"https:\/\/www.amberemotion.com\/presse\/welt-der-melancholie.html\">Read more<\/a><br \/>\n<\/article>\n<article id=\"post-7718\">\n\t\t\t\t\t\t\t\t\t\t\t<a href=\"https:\/\/www.amberemotion.com\/presse\/the-kaisers.html\"><br \/>\n<img decoding=\"async\" width=\"340\" height=\"348\" src=\"https:\/\/www.amberemotion.com\/wp-content\/uploads\/2021\/08\/Seacrete_Hotels_Kreta-64-600x750-1-340x500-1-340x348.jpg\" alt=\"\" loading=\"lazy\"><br \/>\n<\/a><br \/>\n2Sie-21<\/p>\n<h2>The Kaisers<\/h2>\n<p><!-- Post meta before content --><br \/>\nCategory: <a href=\"https:\/\/www.amberemotion.com\/en\/category\/press\/\" rel=\"category tag\">Presse<\/a><\/p>\n<hr>\n<p><a href=\"https:\/\/www.amberemotion.com\/author\/lukaszwebleaders-agency\/\" title=\"Wpisy, kt\u00f3rych autorem jest lukasz@webleaders.agency\" rel=\"author\">lukasz@webleaders.agency<\/a>2021-08-02T15:45:10+02:00<\/p>\n<p>The Kaisers \u2013 das sind wir, Patricia, Stefan und seit Juli 2017 auch Minikaiserin Marlena.<br \/>\nBereits seit 2006 verbringen Stefan und ich, Patricia, unser Leben zusammen, seit 2011 teilen wir mit gro\u00dfer Freude auch ein St\u00fcck davon mit euch.<br \/>\nUnsere Heimat liegt in Sachsen-Anhalt und nachdem es uns zum Studieren nach&#8230;<\/p>\n<p><!-- Post meta after content --><br \/>\n<a href=\"https:\/\/www.amberemotion.com\/presse\/the-kaisers.html\">Read more<\/a><br \/>\n<\/article>\n<article id=\"post-7722\">\n\t\t\t\t\t\t\t\t\t\t\t<a href=\"https:\/\/www.amberemotion.com\/presse\/seelensachen.html\"><br \/>\n<img decoding=\"async\" width=\"200\" height=\"300\" src=\"https:\/\/www.amberemotion.com\/wp-content\/uploads\/2021\/08\/Nora-Runte-Schmuck-_-13-200x300-1.jpg\" alt=\"\" loading=\"lazy\"><br \/>\n<\/a><br \/>\n2Sie-21<\/p>\n<h2>SeelenSachen<\/h2>\n<p><!-- Post meta before content --><br \/>\nCategory: <a href=\"https:\/\/www.amberemotion.com\/en\/category\/press\/\" rel=\"category tag\">Presse<\/a><\/p>\n<hr>\n<p><a href=\"https:\/\/www.amberemotion.com\/author\/lukaszwebleaders-agency\/\" title=\"Wpisy, kt\u00f3rych autorem jest lukasz@webleaders.agency\" rel=\"author\">lukasz@webleaders.agency<\/a>2021-08-02T15:45:06+02:00<\/p>\n<p>Die Nutzungsrechte s\u00e4mtlicher Texte und Bilder liegt ausschlie\u00dflich bei Nora Mayrhofer-Kadlicz, Seelensachen.<br \/>\nDie Inhalte des Blogs sind, soweit nicht anders angegeben, Eigentum von<br \/>\nSeelensachen und d\u00fcrfen ohne Einverst\u00e4ndnis nicht kopiert oder anderwertig genutzt werden.Eine Nutzung der ver\u00f6ffentlichen Lichtbilder und Lichtbildwerke bedarf der Erlaubnis der Seiteninhaberin.<br \/>\n\u201ePartnerschaften und andere Gelegenheiten\u201c\u201eAufs Allerherzlichste\u201c\u201eFrische Scores mit&#8230;<\/p>\n<p><!-- Post meta after content --><br \/>\n<a href=\"https:\/\/www.amberemotion.com\/presse\/seelensachen.html\">Read more<\/a><br \/>\n<\/article>\n<article id=\"post-7726\">\n\t\t\t\t\t\t\t\t\t\t\t<a href=\"https:\/\/www.amberemotion.com\/presse\/saskia-rund-um-die-uhr.html\"><br \/>\n<img decoding=\"async\" width=\"340\" height=\"348\" src=\"https:\/\/www.amberemotion.com\/wp-content\/uploads\/2021\/08\/MG_2692-340x463-1-340x348.jpg\" alt=\"\" loading=\"lazy\"><br \/>\n<\/a><br \/>\n2Sie-21<\/p>\n<h2>Saskia rund um die Uhr<\/h2>\n<p><!-- Post meta before content --><br \/>\nCategory: <a href=\"https:\/\/www.amberemotion.com\/en\/category\/press\/\" rel=\"category tag\">Presse<\/a><\/p>\n<hr>\n<p><a href=\"https:\/\/www.amberemotion.com\/author\/lukaszwebleaders-agency\/\" title=\"Wpisy, kt\u00f3rych autorem jest lukasz@webleaders.agency\" rel=\"author\">lukasz@webleaders.agency<\/a>2021-08-02T15:44:59+02:00<\/p>\n<p>Ich hei\u00dfe Saskia, bin bald 33 Jahre alt. Ich wohne mit meinem Mann und unseren beiden Kindern im wundersch\u00f6hnen Bayern.Genauer gesagt zwischen M\u00fcnchen und Bad T\u00f6lz. Wir haben die Isar hinterm Haus und die Berge in Sichtweite.Ich liebe es zu kochen, backen, vorallem das Fotografieren und kreativ sein und&#8230;<\/p>\n<p><!-- Post meta after content --><br \/>\n<a href=\"https:\/\/www.amberemotion.com\/presse\/saskia-rund-um-die-uhr.html\">Read more<\/a><br \/>\n<\/article>\n<article id=\"post-7730\">\n\t\t\t\t\t\t\t\t\t\t\t<a href=\"https:\/\/www.amberemotion.com\/presse\/nicest-things.html\"><br \/>\n<img decoding=\"async\" width=\"340\" height=\"348\" src=\"https:\/\/www.amberemotion.com\/wp-content\/uploads\/2021\/08\/Schutzengel_Anhaenger-340x500-1-340x348.jpg\" alt=\"\" loading=\"lazy\"><br \/>\n<\/a><br \/>\n2Sie-21<\/p>\n<h2>Nicest Things<\/h2>\n<p><!-- Post meta before content --><br \/>\nCategory: <a href=\"https:\/\/www.amberemotion.com\/en\/category\/press\/\" rel=\"category tag\">Presse<\/a><\/p>\n<hr>\n<p><a href=\"https:\/\/www.amberemotion.com\/author\/lukaszwebleaders-agency\/\" title=\"Wpisy, kt\u00f3rych autorem jest lukasz@webleaders.agency\" rel=\"author\">lukasz@webleaders.agency<\/a>2021-08-02T15:44:51+02:00<\/p>\n<p>\u201eAngel Wings\u201c\u201eSilver Love\u201c\u201eStars Of Silver And Gingerbread\u201c\u201eDIY: Homemade Hand Cream\u201c\u201eHimbeer-Gelette mit Chiasamen &amp; Dalapferd-Liebe\u201c\u201eDIY: BAT BOW &amp; HALLOWEEN KOSTR\u00dcM &amp; AMBEREMOTION GIVEAWAY\u201e<\/p>\n<p><!-- Post meta after content --><br \/>\n<a href=\"https:\/\/www.amberemotion.com\/presse\/nicest-things.html\">Read more<\/a><br \/>\n<\/article>\n<p>\t\t\t\t\t1<a href=\"https:\/\/www.amberemotion.com\/wp-admin\/admin-ajax.php\/page\/2\/\">2<\/a><a href=\"https:\/\/www.amberemotion.com\/wp-admin\/admin-ajax.php\/page\/2\/\">Next&nbsp;&nbsp;<\/a><\/p>\n","protected":false},"excerpt":{"rendered":"<p>2Sie-21 Verr\u00fcckt nach Hochzeit Category: Presse lukasz@webleaders.agency2021-08-02T15:44:16+02:00 Ich kann keine Klischeehochzeiten mehr sehen! Keine Reifrock-Monster, keine billigen Rosen aus Afrika mit Plaste-Diamanten, keine Tauben! Ich will Brautpaare, die nicht fragen, was \u201eman\u201c macht sondern machen, was sie wollen \u2013 ohne R\u00fccksicht auf Tante Ilse, die Nachbarn oder den Kollegen aus dem Projektcontrolling. F\u00fcr solche Traumhochzeiten [&hellip;]<\/p>\n","protected":false},"author":4,"featured_media":0,"parent":0,"menu_order":0,"comment_status":"closed","ping_status":"closed","template":"","meta":{"footnotes":""},"class_list":["post-4877","page","type-page","status-publish","hentry"],"acf":[],"aioseo_notices":[],"_links":{"self":[{"href":"https:\/\/www.amberemotion.com\/en\/wp-json\/wp\/v2\/pages\/4877","targetHints":{"allow":["GET"]}}],"collection":[{"href":"https:\/\/www.amberemotion.com\/en\/wp-json\/wp\/v2\/pages"}],"about":[{"href":"https:\/\/www.amberemotion.com\/en\/wp-json\/wp\/v2\/types\/page"}],"author":[{"embeddable":true,"href":"https:\/\/www.amberemotion.com\/en\/wp-json\/wp\/v2\/users\/4"}],"replies":[{"embeddable":true,"href":"https:\/\/www.amberemotion.com\/en\/wp-json\/wp\/v2\/comments?post=4877"}],"version-history":[{"count":1,"href":"https:\/\/www.amberemotion.com\/en\/wp-json\/wp\/v2\/pages\/4877\/revisions"}],"predecessor-version":[{"id":11357,"href":"https:\/\/www.amberemotion.com\/en\/wp-json\/wp\/v2\/pages\/4877\/revisions\/11357"}],"wp:attachment":[{"href":"https:\/\/www.amberemotion.com\/en\/wp-json\/wp\/v2\/media?parent=4877"}],"curies":[{"name":"wp","href":"https:\/\/api.w.org\/{rel}","templated":true}]}}