{"id":4837,"date":"2021-07-18T22:36:14","date_gmt":"2021-07-18T20:36:14","guid":{"rendered":"https:\/\/www.amberemotion.com\/schmuck-selbst-gestalten\/"},"modified":"2021-07-28T16:42:13","modified_gmt":"2021-07-28T14:42:13","slug":"schmuck-selbst-gestalten","status":"publish","type":"page","link":"https:\/\/www.amberemotion.com\/en\/service\/schmuck-selbst-gestalten.html","title":{"rendered":"Schmuck selbst gestalten"},"content":{"rendered":"\t\t<div data-elementor-type=\"wp-page\" data-elementor-id=\"4837\" class=\"elementor elementor-4837 elementor-3987\">\n\t\t\t\t\t\t\t\t\t<section class=\"elementor-section elementor-top-section elementor-element elementor-element-77f1c21 elementor-section-content-middle elementor-section-full_width elementor-section-height-default elementor-section-height-default\" data-id=\"77f1c21\" data-element_type=\"section\">\r\n\t\t\r\n\t\t\t\t\t\t\t<div class=\"elementor-container elementor-column-gap-no\">\r\n\t\t\t\t\t\t\t\t\t\t\t<div class=\"elementor-column elementor-col-100 elementor-top-column elementor-element elementor-element-9403567\" data-id=\"9403567\" data-element_type=\"column\">\r\n\t\t\t\t\t<div class=\"elementor-widget-wrap elementor-element-populated\">\r\n\t\t\t\t\t\t\t\t<div class=\"elementor-element elementor-element-eb61d81 elementor-widget elementor-widget-image\" data-id=\"eb61d81\" data-element_type=\"widget\" data-widget_type=\"image.default\">\n\t\t\t\t<div class=\"elementor-widget-container\">\n\t\t\t<style>\/*! elementor - v3.17.0 - 08-11-2023 *\/\n.elementor-widget-image{text-align:center}.elementor-widget-image a{display:inline-block}.elementor-widget-image a img[src$=\".svg\"]{width:48px}.elementor-widget-image img{vertical-align:middle;display:inline-block}<\/style>\t\t\t\t\t\t\t\t\t\t\t\t<img decoding=\"async\" src=\"https:\/\/www.amberemotion.com\/wp-content\/uploads\/2021\/07\/Papierboot_Halskette7.jpg\" title=\"\" alt=\"\" loading=\"lazy\" \/>\t\t\t\t\t\t\t\t\t\t\t\t\t\t\t<\/div>\n\t\t\t\t<\/div>\n\t\t\t\t<div class=\"elementor-element elementor-element-4faf5c6 elementor-widget elementor-widget-heading\" data-id=\"4faf5c6\" data-element_type=\"widget\" data-widget_type=\"heading.default\">\n\t\t\t\t<div class=\"elementor-widget-container\">\n\t\t\t<style>\/*! elementor - v3.17.0 - 08-11-2023 *\/\n.elementor-heading-title{padding:0;margin:0;line-height:1}.elementor-widget-heading .elementor-heading-title[class*=elementor-size-]>a{color:inherit;font-size:inherit;line-height:inherit}.elementor-widget-heading .elementor-heading-title.elementor-size-small{font-size:15px}.elementor-widget-heading .elementor-heading-title.elementor-size-medium{font-size:19px}.elementor-widget-heading .elementor-heading-title.elementor-size-large{font-size:29px}.elementor-widget-heading .elementor-heading-title.elementor-size-xl{font-size:39px}.elementor-widget-heading .elementor-heading-title.elementor-size-xxl{font-size:59px}<\/style><h3 class=\"elementor-heading-title elementor-size-default\">Schmuck selbst gestalten<\/h3>\t\t<\/div>\n\t\t\t\t<\/div>\n\t\t\t\t<div class=\"elementor-element elementor-element-f6922ca elementor-widget elementor-widget-text-editor\" data-id=\"f6922ca\" data-element_type=\"widget\" data-widget_type=\"text-editor.default\">\n\t\t\t\t<div class=\"elementor-widget-container\">\n\t\t\t<style>\/*! elementor - v3.17.0 - 08-11-2023 *\/\n.elementor-widget-text-editor.elementor-drop-cap-view-stacked .elementor-drop-cap{background-color:#69727d;color:#fff}.elementor-widget-text-editor.elementor-drop-cap-view-framed .elementor-drop-cap{color:#69727d;border:3px solid;background-color:transparent}.elementor-widget-text-editor:not(.elementor-drop-cap-view-default) .elementor-drop-cap{margin-top:8px}.elementor-widget-text-editor:not(.elementor-drop-cap-view-default) .elementor-drop-cap-letter{width:1em;height:1em}.elementor-widget-text-editor .elementor-drop-cap{float:left;text-align:center;line-height:1;font-size:50px}.elementor-widget-text-editor .elementor-drop-cap-letter{display:inline-block}<\/style>\t\t\t\t<p class=\"bodytext\">Verwirklichen Sie Ihre Ideen bei der Gestaltung Ihres Schmucks.\u00a0<\/p>\t\t\t\t\t\t<\/div>\n\t\t\t\t<\/div>\n\t\t\t\t<div class=\"elementor-element elementor-element-11a9e75 elementor-widget elementor-widget-text-editor\" data-id=\"11a9e75\" data-element_type=\"widget\" data-widget_type=\"text-editor.default\">\n\t\t\t\t<div class=\"elementor-widget-container\">\n\t\t\t\t\t\t\t<p class=\"bodytext\">W\u00e4hlen Sie selbst aus, welche Materialien und in welchem Design Ihr Schmuck gefertigt werden soll. So erhalten Sie einzigartigen und ganz pers\u00f6nlichen Schmuck. Einfach\u00a0<strong>Schmuck selber machen<\/strong>\u00a0&#8230;<\/p><p class=\"bodytext\">Bitte kontaktieren Sie uns und beschreiben Ihre\u00a0W\u00fcnsche zum\u00a0Traumschmuckst\u00fcck: info[at]amberemotion.com<\/p><div class=\"image-mobile\"><p class=\"bodytext\"><img loading=\"lazy\" decoding=\"async\" class=\"aligncenter wp-image-4270 size-full\" src=\"https:\/\/www.amberemotion.com\/wp-content\/uploads\/2021\/07\/Schmuck_selber_machen.jpg\" alt=\"\" width=\"799\" height=\"54\" srcset=\"https:\/\/www.amberemotion.com\/wp-content\/uploads\/2021\/07\/Schmuck_selber_machen.jpg 799w, https:\/\/www.amberemotion.com\/wp-content\/uploads\/2021\/07\/Schmuck_selber_machen-600x41.jpg 600w, https:\/\/www.amberemotion.com\/wp-content\/uploads\/2021\/07\/Schmuck_selber_machen-768x52.jpg 768w, https:\/\/www.amberemotion.com\/wp-content\/uploads\/2021\/07\/Schmuck_selber_machen-640x43.jpg 640w, https:\/\/www.amberemotion.com\/wp-content\/uploads\/2021\/07\/Schmuck_selber_machen-400x27.jpg 400w\" sizes=\"auto, (max-width: 799px) 100vw, 799px\" \/><\/p><\/div><p class=\"bodytext\">Einige sch\u00f6nen\u00a0Ideen zu &#8220;<strong>Silberschmuck selber gestalten<\/strong>&#8221;\u00a0von unseren Kunden:<\/p>\t\t\t\t\t\t<\/div>\n\t\t\t\t<\/div>\n\t\t\t\t\t<\/div>\r\n\t\t\t\t<\/div>\r\n\t\t\t\t\t<\/div>\r\n\t\t\t\t<\/section>\r\n\t\t\t\t\t\t\t<\/div>\n\t\t","protected":false},"excerpt":{"rendered":"<p>Schmuck selbst gestalten Verwirklichen Sie Ihre Ideen bei der Gestaltung Ihres Schmucks.&nbsp; W\u00e4hlen Sie selbst aus, welche Materialien und in welchem Design Ihr Schmuck gefertigt werden soll. So erhalten Sie einzigartigen und ganz pers\u00f6nlichen Schmuck. Einfach&nbsp;Schmuck selber machen&nbsp;&#8230; Bitte kontaktieren Sie uns und beschreiben Ihre&nbsp;W\u00fcnsche zum&nbsp;Traumschmuckst\u00fcck: info[at]amberemotion.com Einige sch\u00f6nen&nbsp;Ideen zu &#8220;Silberschmuck selber gestalten&#8221;&nbsp;von unseren Kunden:<\/p>\n","protected":false},"author":4,"featured_media":0,"parent":4851,"menu_order":0,"comment_status":"closed","ping_status":"closed","template":"","meta":{"footnotes":""},"class_list":["post-4837","page","type-page","status-publish","hentry"],"acf":[],"aioseo_notices":[],"_links":{"self":[{"href":"https:\/\/www.amberemotion.com\/en\/wp-json\/wp\/v2\/pages\/4837","targetHints":{"allow":["GET"]}}],"collection":[{"href":"https:\/\/www.amberemotion.com\/en\/wp-json\/wp\/v2\/pages"}],"about":[{"href":"https:\/\/www.amberemotion.com\/en\/wp-json\/wp\/v2\/types\/page"}],"author":[{"embeddable":true,"href":"https:\/\/www.amberemotion.com\/en\/wp-json\/wp\/v2\/users\/4"}],"replies":[{"embeddable":true,"href":"https:\/\/www.amberemotion.com\/en\/wp-json\/wp\/v2\/comments?post=4837"}],"version-history":[{"count":0,"href":"https:\/\/www.amberemotion.com\/en\/wp-json\/wp\/v2\/pages\/4837\/revisions"}],"up":[{"embeddable":true,"href":"https:\/\/www.amberemotion.com\/en\/wp-json\/wp\/v2\/pages\/4851"}],"wp:attachment":[{"href":"https:\/\/www.amberemotion.com\/en\/wp-json\/wp\/v2\/media?parent=4837"}],"curies":[{"name":"wp","href":"https:\/\/api.w.org\/{rel}","templated":true}]}}