{"id":4834,"date":"2021-07-18T22:36:58","date_gmt":"2021-07-18T20:36:58","guid":{"rendered":"https:\/\/www.amberemotion.com\/linkpartner\/"},"modified":"2021-07-28T16:42:07","modified_gmt":"2021-07-28T14:42:07","slug":"linkpartner","status":"publish","type":"page","link":"https:\/\/www.amberemotion.com\/en\/linkpartner.html","title":{"rendered":"LINKPARTNER"},"content":{"rendered":"<p><img decoding=\"async\" width=\"799\" height=\"558\" src=\"https:\/\/www.amberemotion.com\/wp-content\/uploads\/2021\/07\/Silberarmband_schlicht.jpg\" alt=\"\" loading=\"lazy\" srcset=\"https:\/\/www.amberemotion.com\/wp-content\/uploads\/2021\/07\/Silberarmband_schlicht.jpg 799w, https:\/\/www.amberemotion.com\/wp-content\/uploads\/2021\/07\/Silberarmband_schlicht-600x419.jpg 600w, https:\/\/www.amberemotion.com\/wp-content\/uploads\/2021\/07\/Silberarmband_schlicht-768x536.jpg 768w, https:\/\/www.amberemotion.com\/wp-content\/uploads\/2021\/07\/Silberarmband_schlicht-640x447.jpg 640w, https:\/\/www.amberemotion.com\/wp-content\/uploads\/2021\/07\/Silberarmband_schlicht-400x279.jpg 400w, https:\/\/www.amberemotion.com\/wp-content\/uploads\/2021\/07\/Silberarmband_schlicht-367x256.jpg 367w\" sizes=\"auto, (max-width: 799px) 100vw, 799px\"><\/p>\n<h3>SCH\u00d6NE SHOPS &amp; SEITEN<\/h3>\n<p>Wenn Sie eine sch\u00f6ne und lesenswerte Seite besitzen, die wir unseren Lesern&nbsp;empfehlen k\u00f6nnen, freuen wir und auf Ihre Nachricht: info(@)amberemotion.com<\/p>\n<p><a href=\"\">ACCESSOIRES<\/a><\/p>\n<p><a title=\"Brosche Schmetterling\" href=\"https:\/\/www.amberemotion.com\/schone-geschenke\/produkt\/brosche-schmetterling.html\" target=\"_blank\" rel=\"noopener\">Brosche SCHMETTERLING&nbsp;<\/a><\/p>\n<p><a href=\"\">WEBKATALOG<\/a><\/p>\n<p><a title=\"Fundst\u00fccke Online\" href=\"http:\/\/www.fundstuecke-online.de\/\" target=\"_blank\" rel=\"noopener\">Fundst\u00fccke Online<\/a><\/p>\n<p><a href=\"http:\/\/www.bunte-suche.de\/\" target=\"_blank\" rel=\"noopener\">Bunte-Suche<\/a><\/p>\n<p><a href=\"http:\/\/www.suche4all.de\/\" target=\"_blank\" rel=\"noopener\">Suche4all<\/a><\/p>\n<p><a href=\"http:\/\/www.grosshaendler.org\/\" target=\"_blank\" rel=\"noopener\">Grosshaendler<\/a><\/p>\n<p><a href=\"http:\/\/www.d-linkliste.de\/\" target=\"_blank\" rel=\"noopener\">d-linkliste<\/a><\/p>\n<p><a href=\"http:\/\/www.webverzeichnis-webkatalog.de\/\" target=\"_blank\" rel=\"noopener\">Webkatalog Deutschland<\/a><\/p>\n<p><a href=\"\">SCHMUCK<\/a><\/p>\n<p><a title=\"Silberschmuck\" href=\"https:\/\/www.amberemotion.com\/\">Silberschmuck<\/a><\/p>\n<p><a href=\"http:\/\/www.goldschmiede-vono.de\/\" target=\"_blank\" rel=\"noopener\">Schmuckgestalter Goldschmiede<\/a><\/p>\n<p><a href=\"http:\/\/www.schmuck-anhaenger.de\/\" target=\"_blank\" rel=\"noopener\">\u201eAvalon\u2019s Treasury: Edler Schmuck und zeitlose Anh\u00e4nger\u201d<\/a><\/p>\n<p><a href=\"http:\/\/www.paradisi.de\/\" target=\"_blank\" rel=\"noopener\">www.paradisi.de<\/a><\/p>\n<p><a href=\"http:\/\/www.melovely.de\/\" target=\"_blank\" rel=\"noopener\">Designerschmuck<\/a><\/p>\n<p><a href=\"\">HOCHZEIT<\/a><\/p>\n<p><a title=\"Brautschmuck\" href=\"https:\/\/www.amberemotion.com\/brautschmuck.html\">Brautschmuck<\/a><\/p>\n<p><a title=\"Partnerringe und Trauringe\" href=\"https:\/\/www.amberemotion.com\/trauringe-partnerringe.html\">Partnerringe und Trauringe<\/a><\/p>\n<p><strong>EXTERNE LINKS<br \/>\n<\/strong>Alle Links auf externe Seiten wurden von uns bei Erstellung der Seite sorgf\u00e4ltig gepr\u00fcft. M\u00f6gliche Rechtsverst\u00f6\u00dfe waren zum Zeitpunkt der Verlinkung nicht erkennbar. Allerdings haben wir keinen Einfluss auf die Inhalte verlinkter Seiten, hierf\u00fcr ist der jeweilige Dienstanbieter verantwortlich. Sollten rechtswidrige Seiten \u00fcber die Hyperlinks abrufbar sein, bitten wir um eine Mitteilung an info[at]amberemotion.com. Wir werden dies dann \u00fcberpr\u00fcfen und die Links ggf. entfernen.<\/p>\n","protected":false},"excerpt":{"rendered":"<p>SCH\u00d6NE SHOPS &amp; SEITEN Wenn Sie eine sch\u00f6ne und lesenswerte Seite besitzen, die wir unseren Lesern&nbsp;empfehlen k\u00f6nnen, freuen wir und auf Ihre Nachricht: info(@)amberemotion.com ACCESSOIRES Brosche SCHMETTERLING&nbsp; WEBKATALOG Fundst\u00fccke Online Bunte-Suche Suche4all Grosshaendler d-linkliste Webkatalog Deutschland SCHMUCK Silberschmuck Schmuckgestalter Goldschmiede \u201eAvalon\u2019s Treasury: Edler Schmuck und zeitlose Anh\u00e4nger\u201d www.paradisi.de Designerschmuck HOCHZEIT Brautschmuck Partnerringe und Trauringe EXTERNE [&hellip;]<\/p>\n","protected":false},"author":4,"featured_media":0,"parent":4851,"menu_order":0,"comment_status":"closed","ping_status":"closed","template":"","meta":{"footnotes":""},"class_list":["post-4834","page","type-page","status-publish","hentry"],"acf":[],"aioseo_notices":[],"_links":{"self":[{"href":"https:\/\/www.amberemotion.com\/en\/wp-json\/wp\/v2\/pages\/4834","targetHints":{"allow":["GET"]}}],"collection":[{"href":"https:\/\/www.amberemotion.com\/en\/wp-json\/wp\/v2\/pages"}],"about":[{"href":"https:\/\/www.amberemotion.com\/en\/wp-json\/wp\/v2\/types\/page"}],"author":[{"embeddable":true,"href":"https:\/\/www.amberemotion.com\/en\/wp-json\/wp\/v2\/users\/4"}],"replies":[{"embeddable":true,"href":"https:\/\/www.amberemotion.com\/en\/wp-json\/wp\/v2\/comments?post=4834"}],"version-history":[{"count":0,"href":"https:\/\/www.amberemotion.com\/en\/wp-json\/wp\/v2\/pages\/4834\/revisions"}],"up":[{"embeddable":true,"href":"https:\/\/www.amberemotion.com\/en\/wp-json\/wp\/v2\/pages\/4851"}],"wp:attachment":[{"href":"https:\/\/www.amberemotion.com\/en\/wp-json\/wp\/v2\/media?parent=4834"}],"curies":[{"name":"wp","href":"https:\/\/api.w.org\/{rel}","templated":true}]}}